{"id":4124,"date":"2026-04-17T08:26:40","date_gmt":"2026-04-17T08:26:40","guid":{"rendered":"https:\/\/speleo-canyon-ariege.com\/?post_type=product&#038;p=4124"},"modified":"2026-04-18T06:11:42","modified_gmt":"2026-04-18T06:11:42","slug":"formation-canyoneur-equipier-ariege","status":"publish","type":"product","link":"https:\/\/speleo-canyon-ariege.com\/en\/product\/formation-canyoneur-equipier-ariege\/","title":{"rendered":"Canyoneur Equipier"},"content":{"rendered":"<h2>Pourquoi choisir notre formation Canyoneur \u00c9quipier en Ari\u00e8ge ?<\/h2>\n<p>\u2705 <strong>Encadrement personnalis\u00e9<\/strong> : 1 monitrice dipl\u00f4m\u00e9e d\u2019\u00c9tat pour 3 \u00e0 6 stagiaires maximum.<br \/>\n\u2705 <strong>Mat\u00e9riel haut de gamme inclus<\/strong> : Combinaison n\u00e9opr\u00e8ne, baudrier, casque, descendeur, et tout l\u2019\u00e9quipement collectif n\u00e9cessaire (conforme aux normes CE\/UIAA).<br \/>\n\u2705 <strong>Approche progressive et s\u00e9curis\u00e9e<\/strong> : Alternance de th\u00e9orie en salle, de pratique en falaise, et de mises en situation r\u00e9elles dans des canyons adapt\u00e9s (classe II \u00e0 III).<br \/>\n\u2705 <strong>Certification reconnue<\/strong> : \u00c0 l\u2019issue de la formation, vous recevrez une <strong>attestation de comp\u00e9tences<\/strong> validant votre capacit\u00e9 \u00e0 \u00e9voluer en tant qu\u2019\u00e9quipier dans un groupe encadr\u00e9.<br \/>\n\u2705 <strong>Acc\u00e8s \u00e0 des ressources exclusives<\/strong> : Manuel num\u00e9rique \"Canyoneur Initiation\" et topoguide des plus beaux canyons d\u2019Ari\u00e8ge offerts en amont de la formation.<\/p>\n<hr contenteditable=\"false\" \/>\n<h3><strong>Programme d\u00e9taill\u00e9<\/strong><\/h3>\n<h3>Jour 1 : Initiation en falaise et canyon pour d\u00e9butants initi\u00e9s<\/h3>\n<ul>\n<li><strong>Matin<\/strong> : Accueil au centre SCA, pr\u00e9sentation du mat\u00e9riel, apprentissage des <strong>n\u0153uds essentiels<\/strong>, et initiation aux d\u00e9placements sur corde (mains courantes, descente en rappel) en falaise.<\/li>\n<li><strong>Apr\u00e8s-midi<\/strong> : Mise en pratique dans le <strong>Marc Canyon<\/strong> (ou Argensou) pour travailler la progression en \u00e9quipe, la communication, et la gestion du mat\u00e9riel.<\/li>\n<\/ul>\n<p><strong>Jour 2 : Application technique en canyon<\/strong><\/p>\n<ul>\n<li><strong>Matin<\/strong> : Pr\u00e9paration et d\u00e9part pour le <strong>Canyon de l\u2019Artigue<\/strong> (Escales ou autre selon les conditions).<\/li>\n<li><strong>Apr\u00e8s-midi<\/strong> : Focus sur les <strong>obstacles simples<\/strong> (toboggans, sauts, rappels guid\u00e9s) et la progression en \u00e9quipe (communication...)<\/li>\n<\/ul>\n<p><strong>Jour 3 : Consolidation et mise en situation<\/strong><\/p>\n<ul>\n<li><strong>Matin<\/strong> : Rappel des techniques et pr\u00e9paration pour le <strong>Subra Canyon<\/strong>.<\/li>\n<li><strong>Apr\u00e8s-midi<\/strong> : Mise en situation r\u00e9elle avec d\u00e9s\u00e9quipement d\u2019obstacles, gestion du mat\u00e9riel collectif, et consolidation des acquis.<\/li>\n<\/ul>\n<h2>Infos pratiques &amp; Tarifs<\/h2>\n<h4><strong>Tarifs 2026<\/strong><\/h4>\n<ul>\n<li><strong>350 \u20ac par personne<\/strong> (mat\u00e9riel inclus).<\/li>\n<li><strong>Tarif d\u00e9gressif<\/strong> :\n<ul>\n<li><strong>300 \u20ac\/pers<\/strong> pour un groupe de 4 \u00e0 6 personnes.<\/li>\n<\/ul>\n<\/li>\n<li><em>Un minimum de 3 stagiaires est requis pour ouvrir une session.<\/em><\/li>\n<\/ul>\n<p><strong>Le prix comprend<\/strong> :<\/p>\n<ul>\n<li>L\u2019enseignement p\u00e9dagogique par une monitrice dipl\u00f4m\u00e9e d\u2019\u00c9tat.<\/li>\n<li>Le pr\u00eat du mat\u00e9riel individuel et collectif (combinaison n\u00e9opr\u00e8ne, baudrier, casque, descendeur, etc.).<\/li>\n<li>L\u2019acc\u00e8s au centre SCA (espace lavage et stockage du mat\u00e9riel).<\/li>\n<\/ul>\n<h4><strong>\u00c0 savoir<\/strong><\/h4>\n<p>Les canyons d\u2019Ari\u00e8ge, situ\u00e9s entre 800 et 1500 m d\u2019altitude, offrent des conditions vari\u00e9es (m\u00e9t\u00e9o, d\u00e9bit d\u2019eau). Le programme peut donc \u00eatre adapt\u00e9 en fonction des conditions du moment pour garantir votre s\u00e9curit\u00e9 et votre confort.<\/p>","protected":false},"excerpt":{"rendered":"<h1>Formation Canyoneur \u00c9quipier en Ari\u00e8ge : S\u00e9curit\u00e9 et Progression en \u00c9quipe en 3 Jours<\/h1>\n<p>Vous avez d\u00e9j\u00e0 d\u00e9couvert le canyoning lors d\u2019une ou deux sorties encadr\u00e9es et souhaitez aller plus loin ? La formation <strong>Canyoneur \u00c9quipier<\/strong> est con\u00e7ue pour vous permettre d\u2019acqu\u00e9rir les bases techniques et s\u00e9curitaires n\u00e9cessaires pour \u00e9voluer en \u00e9quipe sous la supervision d\u2019un leader autonome ou d\u2019un moniteur professionnel.<\/p>\n<p>En seulement <strong>3 jours<\/strong>, vous apprendrez \u00e0 ma\u00eetriser les n\u0153uds essentiels, les techniques de progression sur corde, la gestion du mat\u00e9riel collectif, et les protocoles de s\u00e9curit\u00e9 en canyon. Cette formation est id\u00e9ale pour les <strong>pratiquants occasionnels<\/strong> ou <strong>d\u00e9butants initi\u00e9s<\/strong> qui veulent gagner en confiance et en autonomie progressive, tout en restant encadr\u00e9s par des professionnels exp\u00e9riment\u00e9s.<\/p>","protected":false},"featured_media":3863,"template":"","meta":{"_acf_changed":false},"product_brand":[],"product_cat":[],"product_tag":[],"class_list":{"0":"post-4124","1":"product","2":"type-product","3":"status-publish","4":"has-post-thumbnail","7":"first","8":"instock","9":"shipping-taxable","10":"purchasable","11":"product-type-simple"},"acf":[],"yoast_head":"<!-- This site is optimized with the Yoast SEO Premium plugin v24.3 (Yoast SEO v24.7) - https:\/\/yoast.com\/wordpress\/plugins\/seo\/ -->\n<title>Formation Canyoneur \u00c9quipier en Ari\u00e8ge | 3 Jours pour Ma\u00eetriser la S\u00e9curit\u00e9 en Canyon<\/title>\n<meta name=\"description\" content=\"D\u00e9couvrez notre formation Canyoneur \u00c9quipier en Ari\u00e8ge : 3 jours pour apprendre la s\u00e9curit\u00e9 et la progression en \u00e9quipe avec un moniteur pro. Mat\u00e9riel inclus, groupes r\u00e9duits, et attestation de comp\u00e9tences. Id\u00e9al pour pratiquants occasionnels !\" \/>\n<meta name=\"robots\" content=\"index, follow, max-snippet:-1, max-image-preview:large, max-video-preview:-1\" \/>\n<link rel=\"canonical\" href=\"https:\/\/speleo-canyon-ariege.com\/en\/product\/formation-canyoneur-equipier-ariege\/\" \/>\n<meta property=\"og:locale\" content=\"en_GB\" \/>\n<meta property=\"og:type\" content=\"article\" \/>\n<meta property=\"og:title\" content=\"Canyoneur Equipier\" \/>\n<meta property=\"og:description\" content=\"D\u00e9couvrez notre formation Canyoneur \u00c9quipier en Ari\u00e8ge : 3 jours pour apprendre la s\u00e9curit\u00e9 et la progression en \u00e9quipe avec un moniteur pro. Mat\u00e9riel inclus, groupes r\u00e9duits, et attestation de comp\u00e9tences. Id\u00e9al pour pratiquants occasionnels !\" \/>\n<meta property=\"og:url\" content=\"https:\/\/speleo-canyon-ariege.com\/en\/product\/formation-canyoneur-equipier-ariege\/\" \/>\n<meta property=\"og:site_name\" content=\"speleo-canyon-ariege.com\" \/>\n<meta property=\"article:modified_time\" content=\"2026-04-18T06:11:42+00:00\" \/>\n<meta property=\"og:image\" content=\"https:\/\/speleo-canyon-ariege.com\/wp-content\/uploads\/2025\/07\/canyoning-ariege-descente-rappel-technique-estat.webp\" \/>\n\t<meta property=\"og:image:width\" content=\"1200\" \/>\n\t<meta property=\"og:image:height\" content=\"903\" \/>\n\t<meta property=\"og:image:type\" content=\"image\/webp\" \/>\n<meta name=\"twitter:card\" content=\"summary_large_image\" \/>\n<meta name=\"twitter:label1\" content=\"Estimated reading time\" \/>\n\t<meta name=\"twitter:data1\" content=\"3 minutes\" \/>\n<script type=\"application\/ld+json\" class=\"yoast-schema-graph\">{\"@context\":\"https:\/\/schema.org\",\"@graph\":[{\"@type\":\"WebPage\",\"@id\":\"https:\/\/speleo-canyon-ariege.com\/product\/formation-canyoneur-equipier-ariege\/\",\"url\":\"https:\/\/speleo-canyon-ariege.com\/product\/formation-canyoneur-equipier-ariege\/\",\"name\":\"Formation Canyoneur \u00c9quipier en Ari\u00e8ge | 3 Jours pour Ma\u00eetriser la S\u00e9curit\u00e9 en Canyon\",\"isPartOf\":{\"@id\":\"https:\/\/speleo-canyon-ariege.com\/#website\"},\"primaryImageOfPage\":{\"@id\":\"https:\/\/speleo-canyon-ariege.com\/product\/formation-canyoneur-equipier-ariege\/#primaryimage\"},\"image\":{\"@id\":\"https:\/\/speleo-canyon-ariege.com\/product\/formation-canyoneur-equipier-ariege\/#primaryimage\"},\"thumbnailUrl\":\"https:\/\/speleo-canyon-ariege.com\/wp-content\/uploads\/2025\/07\/canyoning-ariege-descente-rappel-technique-estat.webp\",\"datePublished\":\"2026-04-17T08:26:40+00:00\",\"dateModified\":\"2026-04-18T06:11:42+00:00\",\"description\":\"D\u00e9couvrez notre formation Canyoneur \u00c9quipier en Ari\u00e8ge : 3 jours pour apprendre la s\u00e9curit\u00e9 et la progression en \u00e9quipe avec un moniteur pro. Mat\u00e9riel inclus, groupes r\u00e9duits, et attestation de comp\u00e9tences. Id\u00e9al pour pratiquants occasionnels !\",\"breadcrumb\":{\"@id\":\"https:\/\/speleo-canyon-ariege.com\/product\/formation-canyoneur-equipier-ariege\/#breadcrumb\"},\"inLanguage\":\"en-GB\",\"potentialAction\":[{\"@type\":\"ReadAction\",\"target\":[\"https:\/\/speleo-canyon-ariege.com\/product\/formation-canyoneur-equipier-ariege\/\"]}]},{\"@type\":\"ImageObject\",\"inLanguage\":\"en-GB\",\"@id\":\"https:\/\/speleo-canyon-ariege.com\/product\/formation-canyoneur-equipier-ariege\/#primaryimage\",\"url\":\"https:\/\/speleo-canyon-ariege.com\/wp-content\/uploads\/2025\/07\/canyoning-ariege-descente-rappel-technique-estat.webp\",\"contentUrl\":\"https:\/\/speleo-canyon-ariege.com\/wp-content\/uploads\/2025\/07\/canyoning-ariege-descente-rappel-technique-estat.webp\",\"width\":1200,\"height\":903,\"caption\":\"Stage canyoning 3 jours pour d\u00e9butants initi\u00e9s\"},{\"@type\":\"BreadcrumbList\",\"@id\":\"https:\/\/speleo-canyon-ariege.com\/product\/formation-canyoneur-equipier-ariege\/#breadcrumb\",\"itemListElement\":[{\"@type\":\"ListItem\",\"position\":1,\"name\":\"Accueil\",\"item\":\"https:\/\/speleo-canyon-ariege.com\/\"},{\"@type\":\"ListItem\",\"position\":2,\"name\":\"Shop\",\"item\":\"https:\/\/speleo-canyon-ariege.com\/shop\/\"},{\"@type\":\"ListItem\",\"position\":3,\"name\":\"Canyoneur Equipier\"}]},{\"@type\":\"WebSite\",\"@id\":\"https:\/\/speleo-canyon-ariege.com\/#website\",\"url\":\"https:\/\/speleo-canyon-ariege.com\/\",\"name\":\"speleo-canyon-ariege.com\",\"description\":\"\",\"potentialAction\":[{\"@type\":\"SearchAction\",\"target\":{\"@type\":\"EntryPoint\",\"urlTemplate\":\"https:\/\/speleo-canyon-ariege.com\/?s={search_term_string}\"},\"query-input\":{\"@type\":\"PropertyValueSpecification\",\"valueRequired\":true,\"valueName\":\"search_term_string\"}}],\"inLanguage\":\"en-GB\"}]}<\/script>\n<!-- \/ Yoast SEO Premium plugin. -->","yoast_head_json":{"title":"Formation Canyoneur \u00c9quipier en Ari\u00e8ge | 3 Jours pour Ma\u00eetriser la S\u00e9curit\u00e9 en Canyon","description":"D\u00e9couvrez notre formation Canyoneur \u00c9quipier en Ari\u00e8ge : 3 jours pour apprendre la s\u00e9curit\u00e9 et la progression en \u00e9quipe avec un moniteur pro. Mat\u00e9riel inclus, groupes r\u00e9duits, et attestation de comp\u00e9tences. Id\u00e9al pour pratiquants occasionnels !","robots":{"index":"index","follow":"follow","max-snippet":"max-snippet:-1","max-image-preview":"max-image-preview:large","max-video-preview":"max-video-preview:-1"},"canonical":"https:\/\/speleo-canyon-ariege.com\/en\/product\/formation-canyoneur-equipier-ariege\/","og_locale":"en_GB","og_type":"article","og_title":"Canyoneur Equipier","og_description":"D\u00e9couvrez notre formation Canyoneur \u00c9quipier en Ari\u00e8ge : 3 jours pour apprendre la s\u00e9curit\u00e9 et la progression en \u00e9quipe avec un moniteur pro. Mat\u00e9riel inclus, groupes r\u00e9duits, et attestation de comp\u00e9tences. Id\u00e9al pour pratiquants occasionnels !","og_url":"https:\/\/speleo-canyon-ariege.com\/en\/product\/formation-canyoneur-equipier-ariege\/","og_site_name":"speleo-canyon-ariege.com","article_modified_time":"2026-04-18T06:11:42+00:00","og_image":[{"width":1200,"height":903,"url":"https:\/\/speleo-canyon-ariege.com\/wp-content\/uploads\/2025\/07\/canyoning-ariege-descente-rappel-technique-estat.webp","type":"image\/webp"}],"twitter_card":"summary_large_image","twitter_misc":{"Estimated reading time":"3 minutes"},"schema":{"@context":"https:\/\/schema.org","@graph":[{"@type":"WebPage","@id":"https:\/\/speleo-canyon-ariege.com\/product\/formation-canyoneur-equipier-ariege\/","url":"https:\/\/speleo-canyon-ariege.com\/product\/formation-canyoneur-equipier-ariege\/","name":"Formation Canyoneur \u00c9quipier en Ari\u00e8ge | 3 Jours pour Ma\u00eetriser la S\u00e9curit\u00e9 en Canyon","isPartOf":{"@id":"https:\/\/speleo-canyon-ariege.com\/#website"},"primaryImageOfPage":{"@id":"https:\/\/speleo-canyon-ariege.com\/product\/formation-canyoneur-equipier-ariege\/#primaryimage"},"image":{"@id":"https:\/\/speleo-canyon-ariege.com\/product\/formation-canyoneur-equipier-ariege\/#primaryimage"},"thumbnailUrl":"https:\/\/speleo-canyon-ariege.com\/wp-content\/uploads\/2025\/07\/canyoning-ariege-descente-rappel-technique-estat.webp","datePublished":"2026-04-17T08:26:40+00:00","dateModified":"2026-04-18T06:11:42+00:00","description":"D\u00e9couvrez notre formation Canyoneur \u00c9quipier en Ari\u00e8ge : 3 jours pour apprendre la s\u00e9curit\u00e9 et la progression en \u00e9quipe avec un moniteur pro. Mat\u00e9riel inclus, groupes r\u00e9duits, et attestation de comp\u00e9tences. Id\u00e9al pour pratiquants occasionnels !","breadcrumb":{"@id":"https:\/\/speleo-canyon-ariege.com\/product\/formation-canyoneur-equipier-ariege\/#breadcrumb"},"inLanguage":"en-GB","potentialAction":[{"@type":"ReadAction","target":["https:\/\/speleo-canyon-ariege.com\/product\/formation-canyoneur-equipier-ariege\/"]}]},{"@type":"ImageObject","inLanguage":"en-GB","@id":"https:\/\/speleo-canyon-ariege.com\/product\/formation-canyoneur-equipier-ariege\/#primaryimage","url":"https:\/\/speleo-canyon-ariege.com\/wp-content\/uploads\/2025\/07\/canyoning-ariege-descente-rappel-technique-estat.webp","contentUrl":"https:\/\/speleo-canyon-ariege.com\/wp-content\/uploads\/2025\/07\/canyoning-ariege-descente-rappel-technique-estat.webp","width":1200,"height":903,"caption":"Stage canyoning 3 jours pour d\u00e9butants initi\u00e9s"},{"@type":"BreadcrumbList","@id":"https:\/\/speleo-canyon-ariege.com\/product\/formation-canyoneur-equipier-ariege\/#breadcrumb","itemListElement":[{"@type":"ListItem","position":1,"name":"Accueil","item":"https:\/\/speleo-canyon-ariege.com\/"},{"@type":"ListItem","position":2,"name":"Shop","item":"https:\/\/speleo-canyon-ariege.com\/shop\/"},{"@type":"ListItem","position":3,"name":"Canyoneur Equipier"}]},{"@type":"WebSite","@id":"https:\/\/speleo-canyon-ariege.com\/#website","url":"https:\/\/speleo-canyon-ariege.com\/","name":"speleo-canyon-ariege.com","description":"","potentialAction":[{"@type":"SearchAction","target":{"@type":"EntryPoint","urlTemplate":"https:\/\/speleo-canyon-ariege.com\/?s={search_term_string}"},"query-input":{"@type":"PropertyValueSpecification","valueRequired":true,"valueName":"search_term_string"}}],"inLanguage":"en-GB"}]}},"_links":{"self":[{"href":"https:\/\/speleo-canyon-ariege.com\/en\/wp-json\/wp\/v2\/product\/4124","targetHints":{"allow":["GET"]}}],"collection":[{"href":"https:\/\/speleo-canyon-ariege.com\/en\/wp-json\/wp\/v2\/product"}],"about":[{"href":"https:\/\/speleo-canyon-ariege.com\/en\/wp-json\/wp\/v2\/types\/product"}],"wp:featuredmedia":[{"embeddable":true,"href":"https:\/\/speleo-canyon-ariege.com\/en\/wp-json\/wp\/v2\/media\/3863"}],"wp:attachment":[{"href":"https:\/\/speleo-canyon-ariege.com\/en\/wp-json\/wp\/v2\/media?parent=4124"}],"wp:term":[{"taxonomy":"product_brand","embeddable":true,"href":"https:\/\/speleo-canyon-ariege.com\/en\/wp-json\/wp\/v2\/product_brand?post=4124"},{"taxonomy":"product_cat","embeddable":true,"href":"https:\/\/speleo-canyon-ariege.com\/en\/wp-json\/wp\/v2\/product_cat?post=4124"},{"taxonomy":"product_tag","embeddable":true,"href":"https:\/\/speleo-canyon-ariege.com\/en\/wp-json\/wp\/v2\/product_tag?post=4124"}],"curies":[{"name":"wp","href":"https:\/\/api.w.org\/{rel}","templated":true}]}}