{"id":3837,"date":"2025-06-25T15:44:51","date_gmt":"2025-06-25T15:44:51","guid":{"rendered":"https:\/\/speleo-canyon-ariege.com\/?post_type=product&#038;p=3837"},"modified":"2026-04-10T10:09:18","modified_gmt":"2026-04-10T10:09:18","slug":"speleo-by-night","status":"publish","type":"product","link":"https:\/\/speleo-canyon-ariege.com\/en\/product\/speleo-by-night\/","title":{"rendered":"Sp\u00e9l\u00e9o by night"},"content":{"rendered":"<p style=\"text-align: center;\">Propos\u00e9es ponctuellement au planning durant l\u2019\u00e9t\u00e9, ces sorties peuvent aussi \u00eatre privatis\u00e9es sur demande pour des groupes constitu\u00e9s en qu\u00eate d\u2019insolite.<\/p>\n<p style=\"text-align: center;\"><em><strong>Deux univers, deux aventures, au choix:<\/strong><\/em><\/p>\n<h3>&gt; <a href=\"https:\/\/speleo-canyon-ariege.com\/en\/product\/initiation-horizontale\/\">Cave of Siech<\/a> \u2013 beaut\u00e9 sauvage et accessible<\/h3>\n<p>Une cavit\u00e9 exceptionnelle, vari\u00e9e et pr\u00e9serv\u00e9e. Vous y d\u00e9couvrirez de <strong>vastes galeries, des passages ludiques et une rivi\u00e8re souterraine magnifique, sculpt\u00e9e dans la roche.<\/strong> Une aventure compl\u00e8te, accessible et immersive mais loin d\u2019\u00eatre une balade, id\u00e9ale pour une premi\u00e8re exp\u00e9rience et pour profiter pleinement de l\u2019ambiance nocturne.<\/p>\n<h3>&gt; <a href=\"https:\/\/speleo-canyon-ariege.com\/en\/product\/canyon-souterrain-vicdessos\/\">Le canyon souterrain du Vicdessos<\/a> \u2013 l\u2019exp\u00e9dition plus engag\u00e9e<\/h3>\n<p><strong>Pour les plus aventureux<\/strong>, cette travers\u00e9e souterraine est une v\u00e9ritable petite exp\u00e9dition. L\u2019entr\u00e9e se fait en <strong>rappel dans l\u2019obscurit\u00e9<\/strong>, puis l\u2019exploration se poursuit entre <strong>passages \u00e9troits, galeries insolites et progression dans une rivi\u00e8re souterraine impressionnante<\/strong>. Sensations garanties avec des <strong>toboggans naturels sous terre<\/strong> en point d\u2019orgue, style canyoning, avant de retrouver la lumi\u00e8re de soir\u00e9e d'\u00e9t\u00e9 en fond de vall\u00e9e. Une sortie intense, inoubliable.<\/p>\n<h4>\u2139\ufe0f\u00a0 Infos pratiques<\/h4>\n<p>Sorties occasionnelles en soir\u00e9e (planning \u00e9t\u00e9, dates limit\u00e9es)<\/p>\n<p>Privatisation possible sur demande<\/p>\n<p>Adapt\u00e9 selon niveau et attentes<\/p>\n<p>Encadrement par un moniteur dipl\u00f4m\u00e9<\/p>\n<p>\ud83d\udcac Envie de vivre une soir\u00e9e hors norme ?<\/p>\n<h3>Contactez-nous pour conna\u00eetre les prochaines dates\u2026 ou cr\u00e9er la v\u00f4tre.<\/h3>","protected":false},"excerpt":{"rendered":"<h4>Formule Groupe<\/h4>\n<p><strong>Le soir, il y a ceux qui s\u2019affalent\u2026 et ceux qui se r\u00e9galent ! <\/strong><\/p>\n<p>Partez pour une <strong>exp\u00e9rience hors du temps en soir\u00e9e<\/strong> : une sortie sp\u00e9l\u00e9o d\u00e9cal\u00e9e entre exploration, sensations et ambiance unique. Apr\u00e8s une journ\u00e9e au soleil, place \u00e0 la fra\u00eecheur des profondeurs, un contraste saisissant et revigorant. <strong>Loin de la foule et du rythme de la journ\u00e9e, la nature reprend ses droits\u2026 pour une immersion totale, diff\u00e9rente, inoubliable.<\/strong><\/p>\n<p><strong>Tarif\u00a0 : <\/strong>374\u20ac : 8 pers (grp constitu\u00e9: 9 max 395\u20ac)<\/p>\n<p><strong>Included in the price:<\/strong> Accueil et briefing, encadrement professionnel, mat\u00e9riel complet (casque \u00e9clairage, combinaison, bottes), photos souvenirs, assurance<\/p>","protected":false},"featured_media":3877,"template":"","meta":{"_acf_changed":false},"product_brand":[],"product_cat":[],"product_tag":[],"class_list":{"0":"post-3837","1":"product","2":"type-product","3":"status-publish","4":"has-post-thumbnail","7":"first","8":"instock","9":"shipping-taxable","10":"purchasable","11":"product-type-simple"},"acf":[],"yoast_head":"<!-- This site is optimized with the Yoast SEO Premium plugin v24.3 (Yoast SEO v24.7) - https:\/\/yoast.com\/wordpress\/plugins\/seo\/ -->\n<title>Sp\u00e9l\u00e9o by night - speleo-canyon-ariege.com<\/title>\n<meta name=\"description\" content=\"Envie de vivre une exp\u00e9rience souterraine originale et conviviale, rien qu\u2019avec votre bande ? Profitez de ce moment unique pour graver vos souvenirs...\" \/>\n<meta name=\"robots\" content=\"index, follow, max-snippet:-1, max-image-preview:large, max-video-preview:-1\" \/>\n<link rel=\"canonical\" href=\"https:\/\/speleo-canyon-ariege.com\/en\/product\/speleo-by-night\/\" \/>\n<meta property=\"og:locale\" content=\"en_GB\" \/>\n<meta property=\"og:type\" content=\"article\" \/>\n<meta property=\"og:title\" content=\"Sp\u00e9l\u00e9o by night\" \/>\n<meta property=\"og:description\" content=\"Envie de vivre une exp\u00e9rience souterraine originale et conviviale, rien qu\u2019avec votre bande ? Profitez de ce moment unique pour graver vos souvenirs...\" \/>\n<meta property=\"og:url\" content=\"https:\/\/speleo-canyon-ariege.com\/en\/product\/speleo-by-night\/\" \/>\n<meta property=\"og:site_name\" content=\"speleo-canyon-ariege.com\" \/>\n<meta property=\"article:modified_time\" content=\"2026-04-10T10:09:18+00:00\" \/>\n<meta property=\"og:image\" content=\"https:\/\/speleo-canyon-ariege.com\/wp-content\/uploads\/2025\/07\/guide-speleologie-decouverte-grotte-siech-ariege.webp\" \/>\n\t<meta property=\"og:image:width\" content=\"1200\" \/>\n\t<meta property=\"og:image:height\" content=\"800\" \/>\n\t<meta property=\"og:image:type\" content=\"image\/webp\" \/>\n<meta name=\"twitter:card\" content=\"summary_large_image\" \/>\n<meta name=\"twitter:label1\" content=\"Estimated reading time\" \/>\n\t<meta name=\"twitter:data1\" content=\"2 minutes\" \/>\n<script type=\"application\/ld+json\" class=\"yoast-schema-graph\">{\"@context\":\"https:\/\/schema.org\",\"@graph\":[{\"@type\":\"WebPage\",\"@id\":\"https:\/\/speleo-canyon-ariege.com\/product\/speleo-by-night\/\",\"url\":\"https:\/\/speleo-canyon-ariege.com\/product\/speleo-by-night\/\",\"name\":\"Sp\u00e9l\u00e9o by night - speleo-canyon-ariege.com\",\"isPartOf\":{\"@id\":\"https:\/\/speleo-canyon-ariege.com\/#website\"},\"primaryImageOfPage\":{\"@id\":\"https:\/\/speleo-canyon-ariege.com\/product\/speleo-by-night\/#primaryimage\"},\"image\":{\"@id\":\"https:\/\/speleo-canyon-ariege.com\/product\/speleo-by-night\/#primaryimage\"},\"thumbnailUrl\":\"https:\/\/speleo-canyon-ariege.com\/wp-content\/uploads\/2025\/07\/guide-speleologie-decouverte-grotte-siech-ariege.webp\",\"datePublished\":\"2025-06-25T15:44:51+00:00\",\"dateModified\":\"2026-04-10T10:09:18+00:00\",\"description\":\"Envie de vivre une exp\u00e9rience souterraine originale et conviviale, rien qu\u2019avec votre bande ? Profitez de ce moment unique pour graver vos souvenirs...\",\"breadcrumb\":{\"@id\":\"https:\/\/speleo-canyon-ariege.com\/product\/speleo-by-night\/#breadcrumb\"},\"inLanguage\":\"en-GB\",\"potentialAction\":[{\"@type\":\"ReadAction\",\"target\":[\"https:\/\/speleo-canyon-ariege.com\/product\/speleo-by-night\/\"]}]},{\"@type\":\"ImageObject\",\"inLanguage\":\"en-GB\",\"@id\":\"https:\/\/speleo-canyon-ariege.com\/product\/speleo-by-night\/#primaryimage\",\"url\":\"https:\/\/speleo-canyon-ariege.com\/wp-content\/uploads\/2025\/07\/guide-speleologie-decouverte-grotte-siech-ariege.webp\",\"contentUrl\":\"https:\/\/speleo-canyon-ariege.com\/wp-content\/uploads\/2025\/07\/guide-speleologie-decouverte-grotte-siech-ariege.webp\",\"width\":1200,\"height\":800,\"caption\":\"Guide de sp\u00e9l\u00e9ologie, initiation et d\u00e9couverte \u00e0 la grotte Siech en Ari\u00e8ge\"},{\"@type\":\"BreadcrumbList\",\"@id\":\"https:\/\/speleo-canyon-ariege.com\/product\/speleo-by-night\/#breadcrumb\",\"itemListElement\":[{\"@type\":\"ListItem\",\"position\":1,\"name\":\"Accueil\",\"item\":\"https:\/\/speleo-canyon-ariege.com\/\"},{\"@type\":\"ListItem\",\"position\":2,\"name\":\"Shop\",\"item\":\"https:\/\/speleo-canyon-ariege.com\/shop\/\"},{\"@type\":\"ListItem\",\"position\":3,\"name\":\"Sp\u00e9l\u00e9o by night\"}]},{\"@type\":\"WebSite\",\"@id\":\"https:\/\/speleo-canyon-ariege.com\/#website\",\"url\":\"https:\/\/speleo-canyon-ariege.com\/\",\"name\":\"speleo-canyon-ariege.com\",\"description\":\"\",\"potentialAction\":[{\"@type\":\"SearchAction\",\"target\":{\"@type\":\"EntryPoint\",\"urlTemplate\":\"https:\/\/speleo-canyon-ariege.com\/?s={search_term_string}\"},\"query-input\":{\"@type\":\"PropertyValueSpecification\",\"valueRequired\":true,\"valueName\":\"search_term_string\"}}],\"inLanguage\":\"en-GB\"}]}<\/script>\n<!-- \/ Yoast SEO Premium plugin. -->","yoast_head_json":{"title":"Sp\u00e9l\u00e9o by night - speleo-canyon-ariege.com","description":"Envie de vivre une exp\u00e9rience souterraine originale et conviviale, rien qu\u2019avec votre bande ? Profitez de ce moment unique pour graver vos souvenirs...","robots":{"index":"index","follow":"follow","max-snippet":"max-snippet:-1","max-image-preview":"max-image-preview:large","max-video-preview":"max-video-preview:-1"},"canonical":"https:\/\/speleo-canyon-ariege.com\/en\/product\/speleo-by-night\/","og_locale":"en_GB","og_type":"article","og_title":"Sp\u00e9l\u00e9o by night","og_description":"Envie de vivre une exp\u00e9rience souterraine originale et conviviale, rien qu\u2019avec votre bande ? Profitez de ce moment unique pour graver vos souvenirs...","og_url":"https:\/\/speleo-canyon-ariege.com\/en\/product\/speleo-by-night\/","og_site_name":"speleo-canyon-ariege.com","article_modified_time":"2026-04-10T10:09:18+00:00","og_image":[{"width":1200,"height":800,"url":"https:\/\/speleo-canyon-ariege.com\/wp-content\/uploads\/2025\/07\/guide-speleologie-decouverte-grotte-siech-ariege.webp","type":"image\/webp"}],"twitter_card":"summary_large_image","twitter_misc":{"Estimated reading time":"2 minutes"},"schema":{"@context":"https:\/\/schema.org","@graph":[{"@type":"WebPage","@id":"https:\/\/speleo-canyon-ariege.com\/product\/speleo-by-night\/","url":"https:\/\/speleo-canyon-ariege.com\/product\/speleo-by-night\/","name":"Sp\u00e9l\u00e9o by night - speleo-canyon-ariege.com","isPartOf":{"@id":"https:\/\/speleo-canyon-ariege.com\/#website"},"primaryImageOfPage":{"@id":"https:\/\/speleo-canyon-ariege.com\/product\/speleo-by-night\/#primaryimage"},"image":{"@id":"https:\/\/speleo-canyon-ariege.com\/product\/speleo-by-night\/#primaryimage"},"thumbnailUrl":"https:\/\/speleo-canyon-ariege.com\/wp-content\/uploads\/2025\/07\/guide-speleologie-decouverte-grotte-siech-ariege.webp","datePublished":"2025-06-25T15:44:51+00:00","dateModified":"2026-04-10T10:09:18+00:00","description":"Envie de vivre une exp\u00e9rience souterraine originale et conviviale, rien qu\u2019avec votre bande ? Profitez de ce moment unique pour graver vos souvenirs...","breadcrumb":{"@id":"https:\/\/speleo-canyon-ariege.com\/product\/speleo-by-night\/#breadcrumb"},"inLanguage":"en-GB","potentialAction":[{"@type":"ReadAction","target":["https:\/\/speleo-canyon-ariege.com\/product\/speleo-by-night\/"]}]},{"@type":"ImageObject","inLanguage":"en-GB","@id":"https:\/\/speleo-canyon-ariege.com\/product\/speleo-by-night\/#primaryimage","url":"https:\/\/speleo-canyon-ariege.com\/wp-content\/uploads\/2025\/07\/guide-speleologie-decouverte-grotte-siech-ariege.webp","contentUrl":"https:\/\/speleo-canyon-ariege.com\/wp-content\/uploads\/2025\/07\/guide-speleologie-decouverte-grotte-siech-ariege.webp","width":1200,"height":800,"caption":"Guide de sp\u00e9l\u00e9ologie, initiation et d\u00e9couverte \u00e0 la grotte Siech en Ari\u00e8ge"},{"@type":"BreadcrumbList","@id":"https:\/\/speleo-canyon-ariege.com\/product\/speleo-by-night\/#breadcrumb","itemListElement":[{"@type":"ListItem","position":1,"name":"Accueil","item":"https:\/\/speleo-canyon-ariege.com\/"},{"@type":"ListItem","position":2,"name":"Shop","item":"https:\/\/speleo-canyon-ariege.com\/shop\/"},{"@type":"ListItem","position":3,"name":"Sp\u00e9l\u00e9o by night"}]},{"@type":"WebSite","@id":"https:\/\/speleo-canyon-ariege.com\/#website","url":"https:\/\/speleo-canyon-ariege.com\/","name":"speleo-canyon-ariege.com","description":"","potentialAction":[{"@type":"SearchAction","target":{"@type":"EntryPoint","urlTemplate":"https:\/\/speleo-canyon-ariege.com\/?s={search_term_string}"},"query-input":{"@type":"PropertyValueSpecification","valueRequired":true,"valueName":"search_term_string"}}],"inLanguage":"en-GB"}]}},"_links":{"self":[{"href":"https:\/\/speleo-canyon-ariege.com\/en\/wp-json\/wp\/v2\/product\/3837","targetHints":{"allow":["GET"]}}],"collection":[{"href":"https:\/\/speleo-canyon-ariege.com\/en\/wp-json\/wp\/v2\/product"}],"about":[{"href":"https:\/\/speleo-canyon-ariege.com\/en\/wp-json\/wp\/v2\/types\/product"}],"wp:featuredmedia":[{"embeddable":true,"href":"https:\/\/speleo-canyon-ariege.com\/en\/wp-json\/wp\/v2\/media\/3877"}],"wp:attachment":[{"href":"https:\/\/speleo-canyon-ariege.com\/en\/wp-json\/wp\/v2\/media?parent=3837"}],"wp:term":[{"taxonomy":"product_brand","embeddable":true,"href":"https:\/\/speleo-canyon-ariege.com\/en\/wp-json\/wp\/v2\/product_brand?post=3837"},{"taxonomy":"product_cat","embeddable":true,"href":"https:\/\/speleo-canyon-ariege.com\/en\/wp-json\/wp\/v2\/product_cat?post=3837"},{"taxonomy":"product_tag","embeddable":true,"href":"https:\/\/speleo-canyon-ariege.com\/en\/wp-json\/wp\/v2\/product_tag?post=3837"}],"curies":[{"name":"wp","href":"https:\/\/api.w.org\/{rel}","templated":true}]}}