{"id":2376,"date":"2025-01-13T08:43:44","date_gmt":"2025-01-13T08:43:44","guid":{"rendered":"https:\/\/speleo-canyon-ariege.com\/?post_type=product&#038;p=2376"},"modified":"2025-07-21T10:15:47","modified_gmt":"2025-07-21T10:15:47","slug":"votre-enterrement-de-vie-de-garcon-ou-de-jeune-fille","status":"publish","type":"product","link":"https:\/\/speleo-canyon-ariege.com\/en\/product\/votre-enterrement-de-vie-de-garcon-ou-de-jeune-fille\/","title":{"rendered":"Your hen\/bachelor party"},"content":{"rendered":"<div class=\"row limit-width row-parent\" data-imgready=\"true\">\n<div class=\"wpb_row row-inner\">\n<div class=\"wpb_column pos-top pos-center align_left column_parent col-lg-3 boomapps_vccolumn single-internal-gutter\">\n<div class=\"uncol style-light\">\n<div class=\"uncoltable\">\n<div class=\"uncell boomapps_vccolumn no-block-padding\">\n<div class=\"uncont\">\n<div class=\"uncode-single-media text-left\">\n<div class=\"single-wrapper\" style=\"max-width: 80%;\">\n<div class=\"tmb tmb-light tmb-media-first tmb-media-last tmb-content-overlay tmb-no-bg\">\n<div class=\"t-inside\">\n<div class=\"t-entry-visual\">\n<div class=\"t-entry-visual-tc\">\n<div class=\"uncode-single-media-wrapper\"><img loading=\"lazy\" decoding=\"async\" src=\"https:\/\/speleo-canyon-ariege.com\/wp-content\/uploads\/2025\/07\/cotation-canyon-marc-ariege.webp\" alt=\"\" width=\"154\" height=\"300\" \/><\/div>\n<\/div>\n<\/div>\n<\/div>\n<\/div>\n<\/div>\n<\/div>\n<\/div>\n<\/div>\n<\/div>\n<\/div>\n<\/div>\n<div class=\"wpb_column pos-top pos-center align_left column_parent col-lg-6 boomapps_vccolumn single-internal-gutter\">\n<div class=\"uncol style-light\">\n<div class=\"uncoltable\">\n<div class=\"uncell boomapps_vccolumn no-block-padding\">\n<div class=\"uncont\">\n<div class=\"uncode_text_column\">\n<p><strong><span dir=\"ltr\" role=\"presentation\">To make your bachelor or hen party an unforgettable moment:\u00a0<\/span><\/strong><\/p>\n<p><span dir=\"ltr\" role=\"presentation\">\u25cf<\/span> <strong><span dir=\"ltr\" role=\"presentation\">The gourmet outing to Marc\u2019s canyon:<\/span><\/strong><\/p>\n<p class=\"translation-block\">Enjoy a special and unique brunch aperitif\u2026 with your feet in the water! Then descend the magnificent and fun Marc Canyon. Located in the Vicdessos Valley, above Auzat, Marc Canyon is easy and perfect for an introduction to canyoning.<\/p>\n<\/div>\n<\/div>\n<\/div>\n<\/div>\n<\/div>\n<\/div>\n<div class=\"wpb_column pos-top pos-center align_center column_parent col-lg-3 boomapps_vccolumn single-internal-gutter\">\n<div class=\"uncol style-light\">\n<div class=\"uncoltable\">\n<div class=\"uncell boomapps_vccolumn no-block-padding\">\n<div class=\"uncont\">\n<div class=\"uncode-single-media text-left\">\n<div class=\"single-wrapper\" style=\"max-width: 100%;\">\n<div class=\"tmb tmb-light tmb-media-first tmb-media-last tmb-content-overlay tmb-no-bg\">\n<div class=\"t-inside\">\n<div class=\"t-entry-visual\">\n<div class=\"t-entry-visual-tc\">\n<div class=\"uncode-single-media-wrapper\"><img loading=\"lazy\" decoding=\"async\" src=\"https:\/\/speleo-canyon-ariege.com\/wp-content\/uploads\/2025\/07\/apero-evg-evjf-canyon-marc-gourmand-ariege.webp\" alt=\"\" width=\"600\" height=\"448\" \/><\/div>\n<\/div>\n<\/div>\n<\/div>\n<\/div>\n<\/div>\n<\/div>\n<\/div>\n<\/div>\n<\/div>\n<\/div>\n<\/div>\n<p><script id=\"script-133871\" data-row=\"script-133871\" type=\"text\/javascript\" class=\"vc_controls\">UNCODE.initRow(document.getElementById(\"script-133871\"));<\/script><\/p>\n<\/div>\n<\/div>","protected":false},"excerpt":{"rendered":"<div class=\"page\" role=\"region\" data-page-number=\"1\" aria-label=\"Page 1\" data-loaded=\"true\">\n<div class=\"textLayer\">\n<p><span dir=\"ltr\" role=\"presentation\">From surprise to surprise, the descent of the canyon offers you\u00a0<\/span><span dir=\"ltr\" role=\"presentation\">lots of laughs in an unusual and new place<\/span><span dir=\"ltr\" role=\"presentation\">, some<\/span> <span dir=\"ltr\" role=\"presentation\">surpassing\u00a0<\/span><span dir=\"ltr\" role=\"presentation\">creating a<\/span> <span dir=\"ltr\" role=\"presentation\">strong cohesion in the group<\/span><span dir=\"ltr\" role=\"presentation\">, some<\/span><span dir=\"ltr\" role=\"presentation\">adrenaline<\/span><span dir=\"ltr\" role=\"presentation\">, some\u00a0<\/span><span dir=\"ltr\" role=\"presentation\">challenge<\/span><span dir=\"ltr\" role=\"presentation\">, some<\/span> <span dir=\"ltr\" role=\"presentation\">fun<\/span><span dir=\"ltr\" role=\"presentation\">...\u00a0<\/span><span dir=\"ltr\" role=\"presentation\">But since this day must be special,\u00a0<\/span><span dir=\"ltr\" role=\"presentation\">we have some surprises in store for you!\u00a0<\/span><\/p>\n<p><strong><span dir=\"ltr\" role=\"presentation\">Group price : <\/span><\/strong><span dir=\"ltr\" role=\"presentation\">430\u20ac<\/span> <span dir=\"ltr\" role=\"presentation\">\/8-9 pers<\/span><\/p>\n<p><strong><span dir=\"ltr\" role=\"presentation\">Included in the price:\u00a0<\/span><\/strong><span dir=\"ltr\" role=\"presentation\">Welcome, brunch aperitif, supervision of the descent, <\/span><span dir=\"ltr\" role=\"presentation\">photos of the group during the outing, <\/span><span dir=\"ltr\" role=\"presentation\">full equipment (professional shoes provided) and final aperitif. <\/span><span dir=\"ltr\" role=\"presentation\">final.<\/span><\/p>\n<\/div>\n<\/div>\n<div><\/div>","protected":false},"featured_media":3975,"template":"","meta":{"_acf_changed":false},"product_brand":[],"product_cat":[190,194,195],"product_tag":[192,193,201],"class_list":{"0":"post-2376","1":"product","2":"type-product","3":"status-publish","4":"has-post-thumbnail","6":"product_cat-canyon-initiation","7":"product_cat-evg","8":"product_cat-evjf","9":"product_tag-canyoning","10":"product_tag-evenement","11":"product_tag-stage","13":"first","14":"instock","15":"purchasable","16":"product-type-simple"},"acf":[],"yoast_head":"<!-- This site is optimized with the Yoast SEO Premium plugin v24.3 (Yoast SEO v24.7) - https:\/\/yoast.com\/wordpress\/plugins\/seo\/ -->\n<title>Votre enterrement de vie de gar\u00e7on ou de jeune fille - speleo-canyon-ariege.com<\/title>\n<meta name=\"description\" content=\"Une formule canyoning sp\u00e9ciale et unique : Ap\u00e9ritif brunch les pieds dans l\u2019eau puis encha\u00eener avec la descente du canyon de Marc! Partagez une aventure conviviale pour c\u00e9l\u00e9brer un \u00e9v\u00e9nement inoubliable avec la\/le futur(e) mari\u00e9(e) !\" \/>\n<meta name=\"robots\" content=\"index, follow, max-snippet:-1, max-image-preview:large, max-video-preview:-1\" \/>\n<link rel=\"canonical\" href=\"https:\/\/speleo-canyon-ariege.com\/en\/product\/votre-enterrement-de-vie-de-garcon-ou-de-jeune-fille\/\" \/>\n<meta property=\"og:locale\" content=\"en_GB\" \/>\n<meta property=\"og:type\" content=\"article\" \/>\n<meta property=\"og:title\" content=\"Votre enterrement de vie de gar\u00e7on ou de jeune fille\" \/>\n<meta property=\"og:description\" content=\"Une formule canyoning sp\u00e9ciale et unique : Ap\u00e9ritif brunch les pieds dans l\u2019eau puis encha\u00eener avec la descente du canyon de Marc! Partagez une aventure conviviale pour c\u00e9l\u00e9brer un \u00e9v\u00e9nement inoubliable avec la\/le futur(e) mari\u00e9(e) !\" \/>\n<meta property=\"og:url\" content=\"https:\/\/speleo-canyon-ariege.com\/en\/product\/votre-enterrement-de-vie-de-garcon-ou-de-jeune-fille\/\" \/>\n<meta property=\"og:site_name\" content=\"speleo-canyon-ariege.com\" \/>\n<meta property=\"article:modified_time\" content=\"2025-07-21T10:15:47+00:00\" \/>\n<meta property=\"og:image\" content=\"https:\/\/speleo-canyon-ariege.com\/wp-content\/uploads\/2025\/07\/sortie-canyoning-apero-brunch-insolite-evg-evjf-ariege-1600x1069-1.webp\" \/>\n\t<meta property=\"og:image:width\" content=\"1600\" \/>\n\t<meta property=\"og:image:height\" content=\"1069\" \/>\n\t<meta property=\"og:image:type\" content=\"image\/webp\" \/>\n<meta name=\"twitter:card\" content=\"summary_large_image\" \/>\n<meta name=\"twitter:label1\" content=\"Estimated reading time\" \/>\n\t<meta name=\"twitter:data1\" content=\"1 minute\" \/>\n<script type=\"application\/ld+json\" class=\"yoast-schema-graph\">{\"@context\":\"https:\/\/schema.org\",\"@graph\":[{\"@type\":\"WebPage\",\"@id\":\"https:\/\/speleo-canyon-ariege.com\/product\/votre-enterrement-de-vie-de-garcon-ou-de-jeune-fille\/\",\"url\":\"https:\/\/speleo-canyon-ariege.com\/product\/votre-enterrement-de-vie-de-garcon-ou-de-jeune-fille\/\",\"name\":\"Votre enterrement de vie de gar\u00e7on ou de jeune fille - speleo-canyon-ariege.com\",\"isPartOf\":{\"@id\":\"https:\/\/speleo-canyon-ariege.com\/#website\"},\"primaryImageOfPage\":{\"@id\":\"https:\/\/speleo-canyon-ariege.com\/product\/votre-enterrement-de-vie-de-garcon-ou-de-jeune-fille\/#primaryimage\"},\"image\":{\"@id\":\"https:\/\/speleo-canyon-ariege.com\/product\/votre-enterrement-de-vie-de-garcon-ou-de-jeune-fille\/#primaryimage\"},\"thumbnailUrl\":\"https:\/\/speleo-canyon-ariege.com\/wp-content\/uploads\/2025\/07\/sortie-canyoning-apero-brunch-insolite-evg-evjf-ariege-1600x1069-1.webp\",\"datePublished\":\"2025-01-13T08:43:44+00:00\",\"dateModified\":\"2025-07-21T10:15:47+00:00\",\"description\":\"Une formule canyoning sp\u00e9ciale et unique : Ap\u00e9ritif brunch les pieds dans l\u2019eau puis encha\u00eener avec la descente du canyon de Marc! Partagez une aventure conviviale pour c\u00e9l\u00e9brer un \u00e9v\u00e9nement inoubliable avec la\/le futur(e) mari\u00e9(e) !\",\"breadcrumb\":{\"@id\":\"https:\/\/speleo-canyon-ariege.com\/product\/votre-enterrement-de-vie-de-garcon-ou-de-jeune-fille\/#breadcrumb\"},\"inLanguage\":\"en-GB\",\"potentialAction\":[{\"@type\":\"ReadAction\",\"target\":[\"https:\/\/speleo-canyon-ariege.com\/product\/votre-enterrement-de-vie-de-garcon-ou-de-jeune-fille\/\"]}]},{\"@type\":\"ImageObject\",\"inLanguage\":\"en-GB\",\"@id\":\"https:\/\/speleo-canyon-ariege.com\/product\/votre-enterrement-de-vie-de-garcon-ou-de-jeune-fille\/#primaryimage\",\"url\":\"https:\/\/speleo-canyon-ariege.com\/wp-content\/uploads\/2025\/07\/sortie-canyoning-apero-brunch-insolite-evg-evjf-ariege-1600x1069-1.webp\",\"contentUrl\":\"https:\/\/speleo-canyon-ariege.com\/wp-content\/uploads\/2025\/07\/sortie-canyoning-apero-brunch-insolite-evg-evjf-ariege-1600x1069-1.webp\",\"width\":1600,\"height\":1069,\"caption\":\"Sortie canyoning et ap\u00e9ro brunch insolite pour les evg et evjf en Ari\u00e8ge\"},{\"@type\":\"BreadcrumbList\",\"@id\":\"https:\/\/speleo-canyon-ariege.com\/product\/votre-enterrement-de-vie-de-garcon-ou-de-jeune-fille\/#breadcrumb\",\"itemListElement\":[{\"@type\":\"ListItem\",\"position\":1,\"name\":\"Accueil\",\"item\":\"https:\/\/speleo-canyon-ariege.com\/\"},{\"@type\":\"ListItem\",\"position\":2,\"name\":\"Shop\",\"item\":\"https:\/\/speleo-canyon-ariege.com\/shop\/\"},{\"@type\":\"ListItem\",\"position\":3,\"name\":\"Votre enterrement de vie de gar\u00e7on ou de jeune fille\"}]},{\"@type\":\"WebSite\",\"@id\":\"https:\/\/speleo-canyon-ariege.com\/#website\",\"url\":\"https:\/\/speleo-canyon-ariege.com\/\",\"name\":\"speleo-canyon-ariege.com\",\"description\":\"\",\"potentialAction\":[{\"@type\":\"SearchAction\",\"target\":{\"@type\":\"EntryPoint\",\"urlTemplate\":\"https:\/\/speleo-canyon-ariege.com\/?s={search_term_string}\"},\"query-input\":{\"@type\":\"PropertyValueSpecification\",\"valueRequired\":true,\"valueName\":\"search_term_string\"}}],\"inLanguage\":\"en-GB\"}]}<\/script>\n<!-- \/ Yoast SEO Premium plugin. -->","yoast_head_json":{"title":"Votre enterrement de vie de gar\u00e7on ou de jeune fille - speleo-canyon-ariege.com","description":"Une formule canyoning sp\u00e9ciale et unique : Ap\u00e9ritif brunch les pieds dans l\u2019eau puis encha\u00eener avec la descente du canyon de Marc! Partagez une aventure conviviale pour c\u00e9l\u00e9brer un \u00e9v\u00e9nement inoubliable avec la\/le futur(e) mari\u00e9(e) !","robots":{"index":"index","follow":"follow","max-snippet":"max-snippet:-1","max-image-preview":"max-image-preview:large","max-video-preview":"max-video-preview:-1"},"canonical":"https:\/\/speleo-canyon-ariege.com\/en\/product\/votre-enterrement-de-vie-de-garcon-ou-de-jeune-fille\/","og_locale":"en_GB","og_type":"article","og_title":"Votre enterrement de vie de gar\u00e7on ou de jeune fille","og_description":"Une formule canyoning sp\u00e9ciale et unique : Ap\u00e9ritif brunch les pieds dans l\u2019eau puis encha\u00eener avec la descente du canyon de Marc! Partagez une aventure conviviale pour c\u00e9l\u00e9brer un \u00e9v\u00e9nement inoubliable avec la\/le futur(e) mari\u00e9(e) !","og_url":"https:\/\/speleo-canyon-ariege.com\/en\/product\/votre-enterrement-de-vie-de-garcon-ou-de-jeune-fille\/","og_site_name":"speleo-canyon-ariege.com","article_modified_time":"2025-07-21T10:15:47+00:00","og_image":[{"width":1600,"height":1069,"url":"https:\/\/speleo-canyon-ariege.com\/wp-content\/uploads\/2025\/07\/sortie-canyoning-apero-brunch-insolite-evg-evjf-ariege-1600x1069-1.webp","type":"image\/webp"}],"twitter_card":"summary_large_image","twitter_misc":{"Estimated reading time":"1 minute"},"schema":{"@context":"https:\/\/schema.org","@graph":[{"@type":"WebPage","@id":"https:\/\/speleo-canyon-ariege.com\/product\/votre-enterrement-de-vie-de-garcon-ou-de-jeune-fille\/","url":"https:\/\/speleo-canyon-ariege.com\/product\/votre-enterrement-de-vie-de-garcon-ou-de-jeune-fille\/","name":"Votre enterrement de vie de gar\u00e7on ou de jeune fille - speleo-canyon-ariege.com","isPartOf":{"@id":"https:\/\/speleo-canyon-ariege.com\/#website"},"primaryImageOfPage":{"@id":"https:\/\/speleo-canyon-ariege.com\/product\/votre-enterrement-de-vie-de-garcon-ou-de-jeune-fille\/#primaryimage"},"image":{"@id":"https:\/\/speleo-canyon-ariege.com\/product\/votre-enterrement-de-vie-de-garcon-ou-de-jeune-fille\/#primaryimage"},"thumbnailUrl":"https:\/\/speleo-canyon-ariege.com\/wp-content\/uploads\/2025\/07\/sortie-canyoning-apero-brunch-insolite-evg-evjf-ariege-1600x1069-1.webp","datePublished":"2025-01-13T08:43:44+00:00","dateModified":"2025-07-21T10:15:47+00:00","description":"Une formule canyoning sp\u00e9ciale et unique : Ap\u00e9ritif brunch les pieds dans l\u2019eau puis encha\u00eener avec la descente du canyon de Marc! Partagez une aventure conviviale pour c\u00e9l\u00e9brer un \u00e9v\u00e9nement inoubliable avec la\/le futur(e) mari\u00e9(e) !","breadcrumb":{"@id":"https:\/\/speleo-canyon-ariege.com\/product\/votre-enterrement-de-vie-de-garcon-ou-de-jeune-fille\/#breadcrumb"},"inLanguage":"en-GB","potentialAction":[{"@type":"ReadAction","target":["https:\/\/speleo-canyon-ariege.com\/product\/votre-enterrement-de-vie-de-garcon-ou-de-jeune-fille\/"]}]},{"@type":"ImageObject","inLanguage":"en-GB","@id":"https:\/\/speleo-canyon-ariege.com\/product\/votre-enterrement-de-vie-de-garcon-ou-de-jeune-fille\/#primaryimage","url":"https:\/\/speleo-canyon-ariege.com\/wp-content\/uploads\/2025\/07\/sortie-canyoning-apero-brunch-insolite-evg-evjf-ariege-1600x1069-1.webp","contentUrl":"https:\/\/speleo-canyon-ariege.com\/wp-content\/uploads\/2025\/07\/sortie-canyoning-apero-brunch-insolite-evg-evjf-ariege-1600x1069-1.webp","width":1600,"height":1069,"caption":"Sortie canyoning et ap\u00e9ro brunch insolite pour les evg et evjf en Ari\u00e8ge"},{"@type":"BreadcrumbList","@id":"https:\/\/speleo-canyon-ariege.com\/product\/votre-enterrement-de-vie-de-garcon-ou-de-jeune-fille\/#breadcrumb","itemListElement":[{"@type":"ListItem","position":1,"name":"Accueil","item":"https:\/\/speleo-canyon-ariege.com\/"},{"@type":"ListItem","position":2,"name":"Shop","item":"https:\/\/speleo-canyon-ariege.com\/shop\/"},{"@type":"ListItem","position":3,"name":"Votre enterrement de vie de gar\u00e7on ou de jeune fille"}]},{"@type":"WebSite","@id":"https:\/\/speleo-canyon-ariege.com\/#website","url":"https:\/\/speleo-canyon-ariege.com\/","name":"speleo-canyon-ariege.com","description":"","potentialAction":[{"@type":"SearchAction","target":{"@type":"EntryPoint","urlTemplate":"https:\/\/speleo-canyon-ariege.com\/?s={search_term_string}"},"query-input":{"@type":"PropertyValueSpecification","valueRequired":true,"valueName":"search_term_string"}}],"inLanguage":"en-GB"}]}},"_links":{"self":[{"href":"https:\/\/speleo-canyon-ariege.com\/en\/wp-json\/wp\/v2\/product\/2376","targetHints":{"allow":["GET"]}}],"collection":[{"href":"https:\/\/speleo-canyon-ariege.com\/en\/wp-json\/wp\/v2\/product"}],"about":[{"href":"https:\/\/speleo-canyon-ariege.com\/en\/wp-json\/wp\/v2\/types\/product"}],"wp:featuredmedia":[{"embeddable":true,"href":"https:\/\/speleo-canyon-ariege.com\/en\/wp-json\/wp\/v2\/media\/3975"}],"wp:attachment":[{"href":"https:\/\/speleo-canyon-ariege.com\/en\/wp-json\/wp\/v2\/media?parent=2376"}],"wp:term":[{"taxonomy":"product_brand","embeddable":true,"href":"https:\/\/speleo-canyon-ariege.com\/en\/wp-json\/wp\/v2\/product_brand?post=2376"},{"taxonomy":"product_cat","embeddable":true,"href":"https:\/\/speleo-canyon-ariege.com\/en\/wp-json\/wp\/v2\/product_cat?post=2376"},{"taxonomy":"product_tag","embeddable":true,"href":"https:\/\/speleo-canyon-ariege.com\/en\/wp-json\/wp\/v2\/product_tag?post=2376"}],"curies":[{"name":"wp","href":"https:\/\/api.w.org\/{rel}","templated":true}]}}