{"id":2374,"date":"2025-01-13T08:43:44","date_gmt":"2025-01-13T08:43:44","guid":{"rendered":"https:\/\/speleo-canyon-ariege.com\/?post_type=product&#038;p=2374"},"modified":"2025-04-14T16:24:45","modified_gmt":"2025-04-14T16:24:45","slug":"formation-canyoneur-autonome","status":"publish","type":"product","link":"https:\/\/speleo-canyon-ariege.com\/en\/product\/formation-canyoneur-autonome\/","title":{"rendered":"Autonomous Canyoner"},"content":{"rendered":"<div class=\"row limit-width row-parent\" data-imgready=\"true\">\n<div class=\"wpb_row row-inner\">\n<div class=\"wpb_column pos-top pos-center align_left column_parent col-lg-3 boomapps_vccolumn single-internal-gutter\">\n<div class=\"uncol style-light\">\n<div class=\"uncoltable\">\n<div class=\"uncell boomapps_vccolumn no-block-padding\">\n<div class=\"uncont\">\n<div class=\"uncode-single-media text-left\">\n<div class=\"single-wrapper\" style=\"max-width: 100%;\">\n<div class=\"tmb tmb-light tmb-media-first tmb-media-last tmb-content-overlay tmb-no-bg\">\n<div class=\"t-inside\">\n<div class=\"t-entry-visual\">\n<div class=\"t-entry-visual-tc\">\n<div class=\"uncode-single-media-wrapper\"><img loading=\"lazy\" decoding=\"async\" src=\"https:\/\/speleo-canyon-ariege.com\/wp-content\/uploads\/2020\/02\/6.-CC-CA123-scaled.jpg\" alt=\"\" width=\"1347\" height=\"2560\" \/><\/div>\n<\/div>\n<\/div>\n<\/div>\n<\/div>\n<\/div>\n<\/div>\n<\/div>\n<\/div>\n<\/div>\n<\/div>\n<\/div>\n<div class=\"wpb_column pos-top pos-center align_left column_parent col-lg-6 boomapps_vccolumn single-internal-gutter\">\n<div class=\"uncol style-light\">\n<div class=\"uncoltable\">\n<div class=\"uncell boomapps_vccolumn no-block-padding\">\n<div class=\"uncont\">\n<div class=\"vc_custom_heading_wrap\">\n<div class=\"heading-text el-text\">\n<h2 class=\"\" data-start=\"260\" data-end=\"329\">Formation Canyoneur Autonome \u2013 Devenez autonome en canyon<\/h2>\n<p class=\"\" data-start=\"331\" data-end=\"669\">Au sein d\u2019un <strong data-start=\"344\" data-end=\"384\">petit groupe de 6 stagiaires maximum<\/strong>, nous vous formons \u00e0 l\u2019<strong data-start=\"408\" data-end=\"434\">autonomie en canyoning<\/strong>, que vous soyez en phase <strong data-start=\"460\" data-end=\"499\">d\u2019initiation ou de perfectionnement<\/strong>.<br data-start=\"500\" data-end=\"503\" \/>Pendant une semaine <strong data-start=\"530\" data-end=\"553\">th\u00e9orie et pratique <\/strong>se compl\u00e8tent. Vous vous exercerez dans les plus <strong data-start=\"580\" data-end=\"609\">beaux canyons de l\u2019Ari\u00e8ge<\/strong> pour d\u00e9velopper des comp\u00e9tences concr\u00e8tes et durables.<\/p>\n<h3 class=\"\" data-start=\"676\" data-end=\"716\">\u00c0 qui s\u2019adresse cette formation ?<\/h3>\n<p class=\"\" data-start=\"718\" data-end=\"773\">Cette formation s\u2019adresse \u00e0 toute personne souhaitant :<\/p>\n<p class=\"\" data-start=\"776\" data-end=\"809\">&gt; devenir <strong data-start=\"784\" data-end=\"806\">canyoneur autonome<\/strong>,<\/p>\n<p class=\"\" data-start=\"812\" data-end=\"871\">&gt; apprendre \u00e0 \u00e9voluer en <strong data-start=\"835\" data-end=\"868\">groupe de pratiquants initi\u00e9s<\/strong>,<\/p>\n<p class=\"\" data-start=\"874\" data-end=\"928\">&gt; progresser dans des canyons \u00e0 <strong data-start=\"904\" data-end=\"925\">engagement limit\u00e9<\/strong>,<\/p>\n<p class=\"\" data-start=\"931\" data-end=\"1022\">&gt; ma\u00eetriser la <strong data-start=\"944\" data-end=\"1021\">pr\u00e9paration, la progression, l\u2019\u00e9quipement des obstacles et l\u2019auto-secours<\/strong>.<\/p>\n<p class=\"\" data-start=\"1024\" data-end=\"1220\">Il s\u2019agit d\u2019une formation <strong data-start=\"1053\" data-end=\"1063\">loisirs<\/strong>, non professionnelle.<br data-start=\"1085\" data-end=\"1088\" \/>Elle peut aussi convenir \u00e0 ceux qui souhaitent <strong data-start=\"1135\" data-end=\"1173\">recycler ou compl\u00e9ter leurs acquis<\/strong> gr\u00e2ce \u00e0 un format <strong data-start=\"1192\" data-end=\"1219\">modulaire et accessible<\/strong>.<\/p>\n<h2 data-start=\"1227\" data-end=\"1256\"><\/h2>\n<h2 class=\"\" style=\"text-align: center;\" data-start=\"1227\" data-end=\"1256\">Contenu de la formation<\/h2>\n<h3 class=\"\" data-start=\"1258\" data-end=\"1303\"><strong data-start=\"1266\" data-end=\"1303\">\u00a0 \u00a0 \u00a0 \u00a0 \u00a0 Cours en ligne (2 jours) \u2013 Inclus<\/strong><\/h3>\n<p class=\"\" data-start=\"1305\" data-end=\"1374\">Apprenez depuis chez vous, \u00e0 votre rythme, les bases essentielles :<\/p>\n<p class=\"\" data-start=\"1377\" data-end=\"1390\">&gt; hydrologie, m\u00e9t\u00e9o, g\u00e9ologie, organisation et s\u00e9curit\u00e9 en canyon.<\/p>\n<p class=\"\" data-start=\"1455\" data-end=\"1517\">Une base th\u00e9orique solide pour pr\u00e9parer efficacement la suite.<\/p>\n<h3 data-start=\"1455\" data-end=\"1517\"><strong data-start=\"1531\" data-end=\"1567\">\u00a0 \u00a0 \u00a0 \u00a0 \u00a0 \u00a0Modules pratiques sur le terrain<\/strong><\/h3>\n<\/div>\n<\/div>\n<div class=\"uncode_text_column\">\n<h4 class=\"\" data-start=\"1569\" data-end=\"1645\">\ud83d\udd39 <strong data-start=\"1577\" data-end=\"1645\">Module 1 \u2013 Pr\u00e9paration &amp; progression sur corde (2 jours) | 280 \u20ac<\/strong><\/h4>\n<p class=\"\" data-start=\"1649\" data-end=\"1675\">&gt; Reprise et analyse des cours en ligne, en salle<\/p>\n<p class=\"\" data-start=\"1678\" data-end=\"1714\">&gt; R\u00e9glage personnalis\u00e9 de l\u2019\u00e9quipement<\/p>\n<p class=\"\" data-start=\"1717\" data-end=\"1740\">&gt; N\u0153uds de base et manips<\/p>\n<p class=\"\" data-start=\"1743\" data-end=\"1780\">&gt; Descente, arr\u00eat et remont\u00e9e sur corde dans diff\u00e9rentes configurations fr\u00e9quemment rencontr\u00e9es<\/p>\n<p class=\"\" data-start=\"1783\" data-end=\"1831\">&gt; Compr\u00e9hension des facteurs physiques de s\u00e9curit\u00e9<\/p>\n<h4 class=\"\" data-start=\"1833\" data-end=\"1891\">\ud83d\udd39 <strong data-start=\"1841\" data-end=\"1891\">Module 2 \u2013 Eau vive &amp; secours (1 jour) | 140 \u20ac<\/strong><\/h4>\n<p class=\"\" data-start=\"1895\" data-end=\"1928\">&gt; Principes d\u2019hydraulique en canyon<\/p>\n<p class=\"\" data-start=\"1931\" data-end=\"1966\">&gt; Anticipation des dangers aquatiques<\/p>\n<p class=\"\" data-start=\"1969\" data-end=\"2006\">&gt; Techniques d\u2019assistance et de secours<\/p>\n<h4 class=\"\" data-start=\"2008\" data-end=\"2074\">\ud83d\udd39 <strong data-start=\"2016\" data-end=\"2074\">Module 3 \u2013 \u00c9quipement &amp; \u00e9chappatoire (2 jours) | 290 \u20ac<\/strong><\/h4>\n<p class=\"\" data-start=\"2078\" data-end=\"2122\">&gt; Sauts, toboggans et d\u00e9placements horizontaux<\/p>\n<p class=\"\" data-start=\"2125\" data-end=\"2170\">&gt; Analyse et \u00e9quipement des obstacles verticaux<\/p>\n<p class=\"\" data-start=\"2173\" data-end=\"2223\">&gt; Savoir sortir d'un canyon si besoin (\u00e9chappatoire)<\/p>\n<h4 class=\"\" data-start=\"2225\" data-end=\"2294\">\ud83d\udd39 <strong data-start=\"2233\" data-end=\"2294\">Module 4 \u2013 Perfectionnement &amp; autonomie (3 jours) | 400 \u20ac<\/strong><\/h4>\n<p class=\"\" data-start=\"2298\" data-end=\"2338\">&gt; Optimisation des techniques d\u2019\u00e9quipement<\/p>\n<p class=\"\" data-start=\"2341\" data-end=\"2378\">&gt; Prise de d\u00e9cision en situation r\u00e9elle<\/p>\n<p class=\"\" data-start=\"2381\" data-end=\"2417\">&gt; Travail en \u00e9quipe &amp; s\u00e9curit\u00e9 globale<\/p>\n<p class=\"\" data-start=\"2420\" data-end=\"2451\">&gt; Techniques de secours sur corde<\/p>\n<p class=\"\" data-start=\"2454\" data-end=\"2506\">&gt; Descente finale en autonomie (canyon niveau 3.3.III)<\/p>\n<h2 data-start=\"2513\" data-end=\"2549\"><\/h2>\n<h2 class=\"\" style=\"text-align: center;\" data-start=\"2513\" data-end=\"2549\">Pourquoi se former avec nous ?<\/h2>\n<p class=\"\" data-start=\"2551\" data-end=\"2698\">Depuis plus de <strong data-start=\"2566\" data-end=\"2576\">10 ans<\/strong>, nous sommes <strong data-start=\"2590\" data-end=\"2618\">professionnels du canyon<\/strong>, certifi\u00e9s par le label <strong data-start=\"2643\" data-end=\"2674\">Universal Canyoning Academy<\/strong>. Notre approche est:<\/p>\n<p><strong data-start=\"2701\" data-end=\"2729\">&gt; technique et s\u00e9curitaire<\/strong>,<\/p>\n<p><strong data-start=\"2735\" data-end=\"2767\">&gt; p\u00e9dagogique et personnalis\u00e9e<\/strong><\/p>\n<p class=\"\" data-start=\"2551\" data-end=\"2698\"><strong data-start=\"2735\" data-end=\"2767\">&gt; <\/strong>enrichie par une r\u00e9elle expertise en <strong data-start=\"2810\" data-end=\"2835\">psychologie appliqu\u00e9e<\/strong>.<\/p>\n<p class=\"\" data-start=\"2838\" data-end=\"3085\">Vous serez accueillis dans notre <strong data-start=\"2874\" data-end=\"2919\">Centre international de canyoning \u00e0 Niaux<\/strong>, au c\u0153ur d\u2019une r\u00e9gion vari\u00e9e et exceptionnelle.<br data-start=\"2967\" data-end=\"2970\" \/>Nous mettons \u00e0 votre disposition tout le <strong data-start=\"3011\" data-end=\"3030\">mat\u00e9riel adapt\u00e9<\/strong>, pour une pratique efficace, confortable et s\u00e9curis\u00e9e.<\/p>\n<\/div>\n<h3 class=\"\" data-start=\"3092\" data-end=\"3129\">Demandez le programme d\u00e9taill\u00e9<\/h3>\n<p class=\"\" data-start=\"3130\" data-end=\"3257\">Envie de passer un cap dans votre pratique ?<br data-start=\"3174\" data-end=\"3177\" \/><a href=\"https:\/\/speleo-canyon-ariege.com\/en\/contact\/\"><strong data-start=\"3177\" data-end=\"3195\">Contactez-nous<\/strong><\/a> pour avoir plus d'informations ou r\u00e9server votre place !<\/p>\n<p><a href=\"https:\/\/bit.ly\/Fiche_Technique_ICA_Fr\"><span class=\"btn-container\">Demander le programme d\u00e9taill\u00e9<\/span><\/a><\/p>\n<\/div>\n<\/div>\n<\/div>\n<\/div>\n<\/div>\n<div class=\"wpb_column pos-top pos-center align_center column_parent col-lg-3 boomapps_vccolumn single-internal-gutter\">\n<div class=\"uncol style-light\">\n<div class=\"uncoltable\">\n<div class=\"uncell boomapps_vccolumn no-block-padding\">\n<div class=\"uncont\"><\/div>\n<\/div>\n<\/div>\n<\/div>\n<\/div>\n<p><script id=\"script-207428\" data-row=\"script-207428\" type=\"text\/javascript\" class=\"vc_controls\">UNCODE.initRow(document.getElementById(\"script-207428\"));<\/script><\/p>\n<\/div>\n<\/div>","protected":false},"excerpt":{"rendered":"<h2 class=\"p2\"><span class=\"s1\"><b>Formation compl\u00e8te : 1100,00\u20ac<br \/>\n<\/b><\/span><\/h2>\n<h3>Prix d\u00e9gressif : 4 modules de 1 \u00e0 4 jours (voir programme pour d\u00e9tails et prix)<\/h3>\n<p class=\"p4\"><strong><span class=\"s1\">Devenez un canyoneur autonome et partez \u00e0 la d\u00e9couverte de tous les canyons\u00a0de la plan\u00e8te.<\/span><\/strong><\/p>\n<p class=\"p4\"><span class=\"s1\">Ce programme de <strong>10 jours<\/strong> est compos\u00e9 de 2 journ\u00e9es de pr\u00e9formation (cours en ligne \"E-learning\") et <strong>8 jours de pratique<\/strong> (en salle, en falaise, rivi\u00e8re et canyon). Il peut \u00eatre d\u00e9compos\u00e9 en <strong>4 modules p\u00e9dagogiques<\/strong> dissociables + 1 journ\u00e9e de \u00ab Clinique \u00bb individualis\u00e9e.<\/span><\/p>\n<p class=\"p4\"><span class=\"s1\">Chacun de ces modules peut \u00eatre suivi s\u00e9par\u00e9ment pour ceux qui veulent simplement recycler leurs connaissances actuelles ou am\u00e9liorer leurs comp\u00e9tences.<\/span><\/p>\n<p class=\"p4\"><span class=\"s1\">L'ensemble des modules peut \u00eatre suivi telle une formation compl\u00e8te pour ceux qui veulent devenir compl\u00e8tement autonome en canyoning dans tous les pays.<\/span><\/p>\n<p class=\"p4\"><span class=\"s1\"><b>Inclus dans le tarif :<\/b> Accueil, enseignement, cours en ligne, mat\u00e9riel collectif et individuel (avec descendeur, \u00e9quipement de remont\u00e9e et chaussures pro de canyoning et tout l'\u00e9quipement collectif) et possibilit\u00e9 de t\u00e9l\u00e9charger le topoguide des canyons ari\u00e9geois.<\/span><\/p>\n<p>&nbsp;<\/p>","protected":false},"featured_media":3233,"template":"","meta":{"_acf_changed":false},"product_brand":[],"product_cat":[191,197],"product_tag":[],"class_list":{"0":"post-2374","1":"product","2":"type-product","3":"status-publish","4":"has-post-thumbnail","6":"product_cat-canyon-sportif","7":"product_cat-formation-canyoning","9":"first","10":"instock","11":"sold-individually","12":"purchasable","13":"product-type-booking"},"acf":[],"yoast_head":"<!-- This site is optimized with the Yoast SEO Premium plugin v24.3 (Yoast SEO v24.7) - https:\/\/yoast.com\/wordpress\/plugins\/seo\/ -->\n<title>Canyoneur Autonome - speleo-canyon-ariege.com<\/title>\n<meta name=\"description\" content=\"Cette formation s\u2019adresse \u00e0 tous ceux qui souhaitent devenir canyoneur autonome et apprendre \u00e0 progresser en groupe de pratiquants initi\u00e9s, dans des conditions de s\u00e9curit\u00e9 optimales, dans un \u00ab canyon \u00e0 engagement limit\u00e9 \u00bb : organisation de la sortie, d\u00e9placement, \u00e9quipement des obstacles, auto-secours, etc. (Formation \u00e0 but nonprofessionnel). Suivie sous forme modulaire, cette formation conviendra \u00e0 tous ceux qui souhaitent recycler ou perfectionner leurs comp\u00e9tences initiales \u00e0 moindre co\u00fbt.\" \/>\n<meta name=\"robots\" content=\"index, follow, max-snippet:-1, max-image-preview:large, max-video-preview:-1\" \/>\n<link rel=\"canonical\" href=\"https:\/\/speleo-canyon-ariege.com\/en\/product\/formation-canyoneur-autonome\/\" \/>\n<meta property=\"og:locale\" content=\"en_GB\" \/>\n<meta property=\"og:type\" content=\"article\" \/>\n<meta property=\"og:title\" content=\"Canyoneur Autonome\" \/>\n<meta property=\"og:description\" content=\"Cette formation s\u2019adresse \u00e0 tous ceux qui souhaitent devenir canyoneur autonome et apprendre \u00e0 progresser en groupe de pratiquants initi\u00e9s, dans des conditions de s\u00e9curit\u00e9 optimales, dans un \u00ab canyon \u00e0 engagement limit\u00e9 \u00bb : organisation de la sortie, d\u00e9placement, \u00e9quipement des obstacles, auto-secours, etc. (Formation \u00e0 but nonprofessionnel). Suivie sous forme modulaire, cette formation conviendra \u00e0 tous ceux qui souhaitent recycler ou perfectionner leurs comp\u00e9tences initiales \u00e0 moindre co\u00fbt.\" \/>\n<meta property=\"og:url\" content=\"https:\/\/speleo-canyon-ariege.com\/en\/product\/formation-canyoneur-autonome\/\" \/>\n<meta property=\"og:site_name\" content=\"speleo-canyon-ariege.com\" \/>\n<meta property=\"article:modified_time\" content=\"2025-04-14T16:24:45+00:00\" \/>\n<meta property=\"og:image\" content=\"https:\/\/speleo-canyon-ariege.com\/wp-content\/uploads\/2021\/11\/P1622172.webp\" \/>\n\t<meta property=\"og:image:width\" content=\"604\" \/>\n\t<meta property=\"og:image:height\" content=\"453\" \/>\n\t<meta property=\"og:image:type\" content=\"image\/webp\" \/>\n<meta name=\"twitter:card\" content=\"summary_large_image\" \/>\n<meta name=\"twitter:label1\" content=\"Estimated reading time\" \/>\n\t<meta name=\"twitter:data1\" content=\"3 minutes\" \/>\n<script type=\"application\/ld+json\" class=\"yoast-schema-graph\">{\"@context\":\"https:\/\/schema.org\",\"@graph\":[{\"@type\":\"WebPage\",\"@id\":\"https:\/\/speleo-canyon-ariege.com\/product\/formation-canyoneur-autonome\/\",\"url\":\"https:\/\/speleo-canyon-ariege.com\/product\/formation-canyoneur-autonome\/\",\"name\":\"Canyoneur Autonome - speleo-canyon-ariege.com\",\"isPartOf\":{\"@id\":\"https:\/\/speleo-canyon-ariege.com\/#website\"},\"primaryImageOfPage\":{\"@id\":\"https:\/\/speleo-canyon-ariege.com\/product\/formation-canyoneur-autonome\/#primaryimage\"},\"image\":{\"@id\":\"https:\/\/speleo-canyon-ariege.com\/product\/formation-canyoneur-autonome\/#primaryimage\"},\"thumbnailUrl\":\"https:\/\/speleo-canyon-ariege.com\/wp-content\/uploads\/2021\/11\/P1622172.webp\",\"datePublished\":\"2025-01-13T08:43:44+00:00\",\"dateModified\":\"2025-04-14T16:24:45+00:00\",\"description\":\"Cette formation s\u2019adresse \u00e0 tous ceux qui souhaitent devenir canyoneur autonome et apprendre \u00e0 progresser en groupe de pratiquants initi\u00e9s, dans des conditions de s\u00e9curit\u00e9 optimales, dans un \u00ab canyon \u00e0 engagement limit\u00e9 \u00bb : organisation de la sortie, d\u00e9placement, \u00e9quipement des obstacles, auto-secours, etc. (Formation \u00e0 but nonprofessionnel). Suivie sous forme modulaire, cette formation conviendra \u00e0 tous ceux qui souhaitent recycler ou perfectionner leurs comp\u00e9tences initiales \u00e0 moindre co\u00fbt.\",\"breadcrumb\":{\"@id\":\"https:\/\/speleo-canyon-ariege.com\/product\/formation-canyoneur-autonome\/#breadcrumb\"},\"inLanguage\":\"en-GB\",\"potentialAction\":[{\"@type\":\"ReadAction\",\"target\":[\"https:\/\/speleo-canyon-ariege.com\/product\/formation-canyoneur-autonome\/\"]}]},{\"@type\":\"ImageObject\",\"inLanguage\":\"en-GB\",\"@id\":\"https:\/\/speleo-canyon-ariege.com\/product\/formation-canyoneur-autonome\/#primaryimage\",\"url\":\"https:\/\/speleo-canyon-ariege.com\/wp-content\/uploads\/2021\/11\/P1622172.webp\",\"contentUrl\":\"https:\/\/speleo-canyon-ariege.com\/wp-content\/uploads\/2021\/11\/P1622172.webp\",\"width\":604,\"height\":453,\"caption\":\"rappel aventure chamjesk eau vive\"},{\"@type\":\"BreadcrumbList\",\"@id\":\"https:\/\/speleo-canyon-ariege.com\/product\/formation-canyoneur-autonome\/#breadcrumb\",\"itemListElement\":[{\"@type\":\"ListItem\",\"position\":1,\"name\":\"Accueil\",\"item\":\"https:\/\/speleo-canyon-ariege.com\/\"},{\"@type\":\"ListItem\",\"position\":2,\"name\":\"Shop\",\"item\":\"https:\/\/speleo-canyon-ariege.com\/shop\/\"},{\"@type\":\"ListItem\",\"position\":3,\"name\":\"Canyoneur Autonome\"}]},{\"@type\":\"WebSite\",\"@id\":\"https:\/\/speleo-canyon-ariege.com\/#website\",\"url\":\"https:\/\/speleo-canyon-ariege.com\/\",\"name\":\"speleo-canyon-ariege.com\",\"description\":\"\",\"potentialAction\":[{\"@type\":\"SearchAction\",\"target\":{\"@type\":\"EntryPoint\",\"urlTemplate\":\"https:\/\/speleo-canyon-ariege.com\/?s={search_term_string}\"},\"query-input\":{\"@type\":\"PropertyValueSpecification\",\"valueRequired\":true,\"valueName\":\"search_term_string\"}}],\"inLanguage\":\"en-GB\"}]}<\/script>\n<!-- \/ Yoast SEO Premium plugin. -->","yoast_head_json":{"title":"Canyoneur Autonome - speleo-canyon-ariege.com","description":"Cette formation s\u2019adresse \u00e0 tous ceux qui souhaitent devenir canyoneur autonome et apprendre \u00e0 progresser en groupe de pratiquants initi\u00e9s, dans des conditions de s\u00e9curit\u00e9 optimales, dans un \u00ab canyon \u00e0 engagement limit\u00e9 \u00bb : organisation de la sortie, d\u00e9placement, \u00e9quipement des obstacles, auto-secours, etc. (Formation \u00e0 but nonprofessionnel). Suivie sous forme modulaire, cette formation conviendra \u00e0 tous ceux qui souhaitent recycler ou perfectionner leurs comp\u00e9tences initiales \u00e0 moindre co\u00fbt.","robots":{"index":"index","follow":"follow","max-snippet":"max-snippet:-1","max-image-preview":"max-image-preview:large","max-video-preview":"max-video-preview:-1"},"canonical":"https:\/\/speleo-canyon-ariege.com\/en\/product\/formation-canyoneur-autonome\/","og_locale":"en_GB","og_type":"article","og_title":"Canyoneur Autonome","og_description":"Cette formation s\u2019adresse \u00e0 tous ceux qui souhaitent devenir canyoneur autonome et apprendre \u00e0 progresser en groupe de pratiquants initi\u00e9s, dans des conditions de s\u00e9curit\u00e9 optimales, dans un \u00ab canyon \u00e0 engagement limit\u00e9 \u00bb : organisation de la sortie, d\u00e9placement, \u00e9quipement des obstacles, auto-secours, etc. (Formation \u00e0 but nonprofessionnel). Suivie sous forme modulaire, cette formation conviendra \u00e0 tous ceux qui souhaitent recycler ou perfectionner leurs comp\u00e9tences initiales \u00e0 moindre co\u00fbt.","og_url":"https:\/\/speleo-canyon-ariege.com\/en\/product\/formation-canyoneur-autonome\/","og_site_name":"speleo-canyon-ariege.com","article_modified_time":"2025-04-14T16:24:45+00:00","og_image":[{"width":604,"height":453,"url":"https:\/\/speleo-canyon-ariege.com\/wp-content\/uploads\/2021\/11\/P1622172.webp","type":"image\/webp"}],"twitter_card":"summary_large_image","twitter_misc":{"Estimated reading time":"3 minutes"},"schema":{"@context":"https:\/\/schema.org","@graph":[{"@type":"WebPage","@id":"https:\/\/speleo-canyon-ariege.com\/product\/formation-canyoneur-autonome\/","url":"https:\/\/speleo-canyon-ariege.com\/product\/formation-canyoneur-autonome\/","name":"Canyoneur Autonome - speleo-canyon-ariege.com","isPartOf":{"@id":"https:\/\/speleo-canyon-ariege.com\/#website"},"primaryImageOfPage":{"@id":"https:\/\/speleo-canyon-ariege.com\/product\/formation-canyoneur-autonome\/#primaryimage"},"image":{"@id":"https:\/\/speleo-canyon-ariege.com\/product\/formation-canyoneur-autonome\/#primaryimage"},"thumbnailUrl":"https:\/\/speleo-canyon-ariege.com\/wp-content\/uploads\/2021\/11\/P1622172.webp","datePublished":"2025-01-13T08:43:44+00:00","dateModified":"2025-04-14T16:24:45+00:00","description":"Cette formation s\u2019adresse \u00e0 tous ceux qui souhaitent devenir canyoneur autonome et apprendre \u00e0 progresser en groupe de pratiquants initi\u00e9s, dans des conditions de s\u00e9curit\u00e9 optimales, dans un \u00ab canyon \u00e0 engagement limit\u00e9 \u00bb : organisation de la sortie, d\u00e9placement, \u00e9quipement des obstacles, auto-secours, etc. (Formation \u00e0 but nonprofessionnel). Suivie sous forme modulaire, cette formation conviendra \u00e0 tous ceux qui souhaitent recycler ou perfectionner leurs comp\u00e9tences initiales \u00e0 moindre co\u00fbt.","breadcrumb":{"@id":"https:\/\/speleo-canyon-ariege.com\/product\/formation-canyoneur-autonome\/#breadcrumb"},"inLanguage":"en-GB","potentialAction":[{"@type":"ReadAction","target":["https:\/\/speleo-canyon-ariege.com\/product\/formation-canyoneur-autonome\/"]}]},{"@type":"ImageObject","inLanguage":"en-GB","@id":"https:\/\/speleo-canyon-ariege.com\/product\/formation-canyoneur-autonome\/#primaryimage","url":"https:\/\/speleo-canyon-ariege.com\/wp-content\/uploads\/2021\/11\/P1622172.webp","contentUrl":"https:\/\/speleo-canyon-ariege.com\/wp-content\/uploads\/2021\/11\/P1622172.webp","width":604,"height":453,"caption":"rappel aventure chamjesk eau vive"},{"@type":"BreadcrumbList","@id":"https:\/\/speleo-canyon-ariege.com\/product\/formation-canyoneur-autonome\/#breadcrumb","itemListElement":[{"@type":"ListItem","position":1,"name":"Accueil","item":"https:\/\/speleo-canyon-ariege.com\/"},{"@type":"ListItem","position":2,"name":"Shop","item":"https:\/\/speleo-canyon-ariege.com\/shop\/"},{"@type":"ListItem","position":3,"name":"Canyoneur Autonome"}]},{"@type":"WebSite","@id":"https:\/\/speleo-canyon-ariege.com\/#website","url":"https:\/\/speleo-canyon-ariege.com\/","name":"speleo-canyon-ariege.com","description":"","potentialAction":[{"@type":"SearchAction","target":{"@type":"EntryPoint","urlTemplate":"https:\/\/speleo-canyon-ariege.com\/?s={search_term_string}"},"query-input":{"@type":"PropertyValueSpecification","valueRequired":true,"valueName":"search_term_string"}}],"inLanguage":"en-GB"}]}},"_links":{"self":[{"href":"https:\/\/speleo-canyon-ariege.com\/en\/wp-json\/wp\/v2\/product\/2374","targetHints":{"allow":["GET"]}}],"collection":[{"href":"https:\/\/speleo-canyon-ariege.com\/en\/wp-json\/wp\/v2\/product"}],"about":[{"href":"https:\/\/speleo-canyon-ariege.com\/en\/wp-json\/wp\/v2\/types\/product"}],"wp:featuredmedia":[{"embeddable":true,"href":"https:\/\/speleo-canyon-ariege.com\/en\/wp-json\/wp\/v2\/media\/3233"}],"wp:attachment":[{"href":"https:\/\/speleo-canyon-ariege.com\/en\/wp-json\/wp\/v2\/media?parent=2374"}],"wp:term":[{"taxonomy":"product_brand","embeddable":true,"href":"https:\/\/speleo-canyon-ariege.com\/en\/wp-json\/wp\/v2\/product_brand?post=2374"},{"taxonomy":"product_cat","embeddable":true,"href":"https:\/\/speleo-canyon-ariege.com\/en\/wp-json\/wp\/v2\/product_cat?post=2374"},{"taxonomy":"product_tag","embeddable":true,"href":"https:\/\/speleo-canyon-ariege.com\/en\/wp-json\/wp\/v2\/product_tag?post=2374"}],"curies":[{"name":"wp","href":"https:\/\/api.w.org\/{rel}","templated":true}]}}