{"id":2373,"date":"2025-01-13T08:43:44","date_gmt":"2025-01-13T08:43:44","guid":{"rendered":"https:\/\/speleo-canyon-ariege.com\/?post_type=product&#038;p=2373"},"modified":"2026-03-10T09:38:03","modified_gmt":"2026-03-10T09:38:03","slug":"canyoneur-expert","status":"publish","type":"product","link":"https:\/\/speleo-canyon-ariege.com\/en\/product\/canyoneur-expert\/","title":{"rendered":"Expert Canyoner"},"content":{"rendered":"<div class=\"row limit-width row-parent\" data-imgready=\"true\">\n<div class=\"wpb_row row-inner\">\n<div class=\"wpb_column pos-top pos-center align_left column_parent col-lg-3 boomapps_vccolumn single-internal-gutter\">\n<div class=\"uncol style-light\">\n<div class=\"uncoltable\">\n<div class=\"uncell boomapps_vccolumn no-block-padding\">\n<div class=\"uncont\">\n<div class=\"uncode-single-media text-left\">\n<div class=\"single-wrapper\" style=\"max-width: 100%;\">\n<div class=\"tmb tmb-light tmb-media-first tmb-media-last tmb-content-overlay tmb-no-bg\">\n<div class=\"t-inside\">\n<div class=\"t-entry-visual\">\n<div class=\"t-entry-visual-tc\">\n<div class=\"uncode-single-media-wrapper\"><img loading=\"lazy\" decoding=\"async\" src=\"https:\/\/speleo-canyon-ariege.com\/wp-content\/uploads\/2020\/01\/6.2-CC-Canyoneer-expert-site.png\" alt=\"\" width=\"1668\" height=\"3249\" \/><\/div>\n<\/div>\n<\/div>\n<\/div>\n<\/div>\n<\/div>\n<\/div>\n<\/div>\n<\/div>\n<\/div>\n<\/div>\n<\/div>\n<div class=\"wpb_column pos-top pos-center align_left column_parent col-lg-6 boomapps_vccolumn single-internal-gutter\">\n<div class=\"uncol style-light\">\n<div class=\"uncoltable\">\n<div class=\"uncell boomapps_vccolumn no-block-padding\">\n<div class=\"uncont\">\n<div class=\"vc_custom_heading_wrap\">\n<div class=\"heading-text el-text\">\n<h2 class=\"h2\"><span class=\"font-188799\">Canyon Expert<\/span><\/h2>\n<\/div>\n<div class=\"clear\"><\/div>\n<\/div>\n<div class=\"uncode_text_column\">\n<p><strong>Programme :<\/strong><\/p>\n<p><strong>Module 1 (3 jours) : Technique 510 \u20ac<\/strong><\/p>\n<p>Obtenir toutes les comp\u00e9tences n\u00e9cessaires pour choisir et utiliser le meilleur mat\u00e9riel de canyoning en toute situation.<\/p>\n<p>Ma\u00eetriser toutes les techniques de progression sur corde et d\u2019auto-secours. Ma\u00eetriser les techniques efficaces d\u2019\u00e9quipement de corde dans un canyon.<\/p>\n<p>Optimiser vos comp\u00e9tences en strat\u00e9gie et anticipation afin de devenir un leader comp\u00e9tent dans les canyons techniques (V4+).<\/p>\n<p><strong>Module 2 (2 jours) : Eaux-vives 340 \u20ac<\/strong><\/p>\n<p>Ma\u00eetriser les connaissances g\u00e9n\u00e9rales en eaux-vives afin d\u2019acqu\u00e9rir toutes les comp\u00e9tences techniques compl\u00e9mentaires et les techniques avanc\u00e9es de progression en eaux-vives.<\/p>\n<p>Optimiser vos \u00a0comp\u00e9tences en strat\u00e9gie et anticipation pour\u00a0la gestion de groupe en canyons aquatiques et de franchissement en \u00a0gros d\u00e9bit (A4+).<strong>\u00a0<\/strong><\/p>\n<p><strong>Module 3 (3 jours) : Enseignement 510 \u20ac<\/strong><\/p>\n<p>\u00catre capable d\u2019encadrer un petit groupe d\u2019amis dans un canyon peu difficile dans des conditions de s\u00e9curit\u00e9 adapt\u00e9es. Maitriser les techniques d\u2019\u00e9chappatoire et d\u2019\u00e9vacuation afin d\u2019\u00e9vacuer un groupe en cas d\u2019accident ou de force majeure.<\/p>\n<p>Acqu\u00e9rir toutes les connaissances p\u00e9dagogiques et les comp\u00e9tences techniques requises pour assister un Instructeur (ICI) lors d\u2019une s\u00e9ance\u00a0 professionnelle d\u2019Initiation au Canyoning (CAI).<\/p>\n<p>Etre capable d\u2019aider l\u2019Instructeur qui est en charge de la session. Etre capable d\u2019aider l\u2019Instructeur \u00e0 g\u00e9rer la logistique d\u2019un centre affili\u00e9 \u00e0 l\u2019UCA.<\/p>\n<p>&nbsp;<\/p>\n<p class=\"p1\"><span class=\"s1\"><b>Pourquoi se former avec nous ?<\/b><\/span><\/p>\n<p class=\"p1\"><span class=\"s1\">En tant que professionnel canyon depuis plus de 30 ans, formateur International Canyon depuis 2004 sous le label \u00ab\u00a0<b><i>Universal Canyoning Academy<\/i><\/b>\u00ab\u00a0, et leader de plusieurs exp\u00e9ditions canyon en Himalaya, Rod, votre formateur, vous garanti un enseignement technique, p\u00e9dagogique et psychologique, individualis\u00e9 et novateur, dispens\u00e9 dans une r\u00e9gion canyon exceptionnelle et vari\u00e9e. <\/span><\/p>\n<p class=\"p1\"><span class=\"s1\">Vous serez accueilli dans son centre de canyon Speleo Canyon Ariege, ou nous vous fournirons tout le mat\u00e9riel adapt\u00e9 \u00e0 une pratique efficace et s\u00e9curitaire, mais vous recevrez aussi tous les supports p\u00e9dagogique n\u00e9cessaires \u00e0 votre apprentissage (E-learning videos, manuel p\u00e9da-technique (500 pages), topo guide, etc .<\/span><\/p>\n<p>&nbsp;<\/p>\n<\/div>\n<p><span class=\"btn-container\"><a href=\"https:\/\/speleo-canyon-ariege.com\/en\/contact\/\">Contact us<\/a><\/span><\/p>\n<\/div>\n<\/div>\n<\/div>\n<\/div>\n<\/div>\n<\/div>\n<\/div>","protected":false},"excerpt":{"rendered":"<h3 class=\"p1\"><span class=\"s1\"><b>Par jour (module) : 170\u20ac<\/b><\/span><\/h3>\n<h3 class=\"p1\"><span class=\"s1\"><b>Formation compl\u00e8te : 1224,00\u20ac<\/b><\/span><\/h3>\n<p>&nbsp;<\/p>\n<p>Cette formation se compose de 3 modules techniques et th\u00e9oriques &amp; p\u00e9dagogiques.<\/p>\n<p>Chacun de ces modules peut \u00eatre appris s\u00e9par\u00e9ment pour ceux qui veulent juste rafra\u00eechir ou recycler \u00a0leurs comp\u00e9tences actuelles ou am\u00e9liorer leurs connaissances individuelles ou se pr\u00e9parer \u00e0 devenir professionnel.<\/p>\n<p>Tous les modules peuvent \u00eatre appris en tant que package d'une formation compl\u00e8te pour ceux qui veulent devenir Expert en canyoning (amateur) ou devenir instructeur professionnel dans leur pays.<\/p>\n<p><strong>Inclus dans le prix :<\/strong> Accueil, E-Learning, r\u00e9f\u00e9rences p\u00e9dagogiques, manuel Canyoneer Expert (500 pages), certificat de canyoneur, tout le mat\u00e9riel technique de canyoning, assurance...<\/p>","protected":false},"featured_media":3093,"template":"","meta":{"_acf_changed":false},"product_brand":[],"product_cat":[191,197],"product_tag":[192,196],"class_list":{"0":"post-2373","1":"product","2":"type-product","3":"status-publish","4":"has-post-thumbnail","6":"product_cat-canyon-sportif","7":"product_cat-formation-canyoning","8":"product_tag-canyoning","9":"product_tag-formation","11":"first","12":"instock","13":"sold-individually","14":"purchasable","15":"product-type-booking"},"acf":[],"yoast_head":"<!-- This site is optimized with the Yoast SEO Premium plugin v24.3 (Yoast SEO v24.7) - https:\/\/yoast.com\/wordpress\/plugins\/seo\/ -->\n<title>Canyoneur Expert - speleo-canyon-ariege.com<\/title>\n<meta name=\"description\" content=\"Recyclez vos comp\u00e9tences actuelles et optimisez vos connaissances individuelles afin de devenir Expert en canyoning (amateur) ou d&#039;\u00e9voluer vers l&#039;Instructeur et d&#039;enseigner dans votre pays d&#039;origine (cf. conditions professionnelles).\" \/>\n<meta name=\"robots\" content=\"index, follow, max-snippet:-1, max-image-preview:large, max-video-preview:-1\" \/>\n<link rel=\"canonical\" href=\"https:\/\/speleo-canyon-ariege.com\/en\/product\/canyoneur-expert\/\" \/>\n<meta property=\"og:locale\" content=\"en_GB\" \/>\n<meta property=\"og:type\" content=\"article\" \/>\n<meta property=\"og:title\" content=\"Canyoneur Expert\" \/>\n<meta property=\"og:description\" content=\"Recyclez vos comp\u00e9tences actuelles et optimisez vos connaissances individuelles afin de devenir Expert en canyoning (amateur) ou d&#039;\u00e9voluer vers l&#039;Instructeur et d&#039;enseigner dans votre pays d&#039;origine (cf. conditions professionnelles).\" \/>\n<meta property=\"og:url\" content=\"https:\/\/speleo-canyon-ariege.com\/en\/product\/canyoneur-expert\/\" \/>\n<meta property=\"og:site_name\" content=\"speleo-canyon-ariege.com\" \/>\n<meta property=\"article:modified_time\" content=\"2026-03-10T09:38:03+00:00\" \/>\n<meta property=\"og:image\" content=\"https:\/\/speleo-canyon-ariege.com\/wp-content\/uploads\/2025\/01\/estat-2.webp\" \/>\n\t<meta property=\"og:image:width\" content=\"1600\" \/>\n\t<meta property=\"og:image:height\" content=\"1066\" \/>\n\t<meta property=\"og:image:type\" content=\"image\/webp\" \/>\n<meta name=\"twitter:card\" content=\"summary_large_image\" \/>\n<meta name=\"twitter:label1\" content=\"Estimated reading time\" \/>\n\t<meta name=\"twitter:data1\" content=\"2 minutes\" \/>\n<script type=\"application\/ld+json\" class=\"yoast-schema-graph\">{\"@context\":\"https:\/\/schema.org\",\"@graph\":[{\"@type\":\"WebPage\",\"@id\":\"https:\/\/speleo-canyon-ariege.com\/product\/canyoneur-expert\/\",\"url\":\"https:\/\/speleo-canyon-ariege.com\/product\/canyoneur-expert\/\",\"name\":\"Canyoneur Expert - speleo-canyon-ariege.com\",\"isPartOf\":{\"@id\":\"https:\/\/speleo-canyon-ariege.com\/#website\"},\"primaryImageOfPage\":{\"@id\":\"https:\/\/speleo-canyon-ariege.com\/product\/canyoneur-expert\/#primaryimage\"},\"image\":{\"@id\":\"https:\/\/speleo-canyon-ariege.com\/product\/canyoneur-expert\/#primaryimage\"},\"thumbnailUrl\":\"https:\/\/speleo-canyon-ariege.com\/wp-content\/uploads\/2025\/01\/estat-2.webp\",\"datePublished\":\"2025-01-13T08:43:44+00:00\",\"dateModified\":\"2026-03-10T09:38:03+00:00\",\"description\":\"Recyclez vos comp\u00e9tences actuelles et optimisez vos connaissances individuelles afin de devenir Expert en canyoning (amateur) ou d'\u00e9voluer vers l'Instructeur et d'enseigner dans votre pays d'origine (cf. conditions professionnelles).\",\"breadcrumb\":{\"@id\":\"https:\/\/speleo-canyon-ariege.com\/product\/canyoneur-expert\/#breadcrumb\"},\"inLanguage\":\"en-GB\",\"potentialAction\":[{\"@type\":\"ReadAction\",\"target\":[\"https:\/\/speleo-canyon-ariege.com\/product\/canyoneur-expert\/\"]}]},{\"@type\":\"ImageObject\",\"inLanguage\":\"en-GB\",\"@id\":\"https:\/\/speleo-canyon-ariege.com\/product\/canyoneur-expert\/#primaryimage\",\"url\":\"https:\/\/speleo-canyon-ariege.com\/wp-content\/uploads\/2025\/01\/estat-2.webp\",\"contentUrl\":\"https:\/\/speleo-canyon-ariege.com\/wp-content\/uploads\/2025\/01\/estat-2.webp\",\"width\":1600,\"height\":1066,\"caption\":\"rappel 40m Estat\"},{\"@type\":\"BreadcrumbList\",\"@id\":\"https:\/\/speleo-canyon-ariege.com\/product\/canyoneur-expert\/#breadcrumb\",\"itemListElement\":[{\"@type\":\"ListItem\",\"position\":1,\"name\":\"Accueil\",\"item\":\"https:\/\/speleo-canyon-ariege.com\/\"},{\"@type\":\"ListItem\",\"position\":2,\"name\":\"Shop\",\"item\":\"https:\/\/speleo-canyon-ariege.com\/shop\/\"},{\"@type\":\"ListItem\",\"position\":3,\"name\":\"Canyoneur Expert\"}]},{\"@type\":\"WebSite\",\"@id\":\"https:\/\/speleo-canyon-ariege.com\/#website\",\"url\":\"https:\/\/speleo-canyon-ariege.com\/\",\"name\":\"speleo-canyon-ariege.com\",\"description\":\"\",\"potentialAction\":[{\"@type\":\"SearchAction\",\"target\":{\"@type\":\"EntryPoint\",\"urlTemplate\":\"https:\/\/speleo-canyon-ariege.com\/?s={search_term_string}\"},\"query-input\":{\"@type\":\"PropertyValueSpecification\",\"valueRequired\":true,\"valueName\":\"search_term_string\"}}],\"inLanguage\":\"en-GB\"}]}<\/script>\n<!-- \/ Yoast SEO Premium plugin. -->","yoast_head_json":{"title":"Canyoneur Expert - speleo-canyon-ariege.com","description":"Recyclez vos comp\u00e9tences actuelles et optimisez vos connaissances individuelles afin de devenir Expert en canyoning (amateur) ou d'\u00e9voluer vers l'Instructeur et d'enseigner dans votre pays d'origine (cf. conditions professionnelles).","robots":{"index":"index","follow":"follow","max-snippet":"max-snippet:-1","max-image-preview":"max-image-preview:large","max-video-preview":"max-video-preview:-1"},"canonical":"https:\/\/speleo-canyon-ariege.com\/en\/product\/canyoneur-expert\/","og_locale":"en_GB","og_type":"article","og_title":"Canyoneur Expert","og_description":"Recyclez vos comp\u00e9tences actuelles et optimisez vos connaissances individuelles afin de devenir Expert en canyoning (amateur) ou d'\u00e9voluer vers l'Instructeur et d'enseigner dans votre pays d'origine (cf. conditions professionnelles).","og_url":"https:\/\/speleo-canyon-ariege.com\/en\/product\/canyoneur-expert\/","og_site_name":"speleo-canyon-ariege.com","article_modified_time":"2026-03-10T09:38:03+00:00","og_image":[{"width":1600,"height":1066,"url":"https:\/\/speleo-canyon-ariege.com\/wp-content\/uploads\/2025\/01\/estat-2.webp","type":"image\/webp"}],"twitter_card":"summary_large_image","twitter_misc":{"Estimated reading time":"2 minutes"},"schema":{"@context":"https:\/\/schema.org","@graph":[{"@type":"WebPage","@id":"https:\/\/speleo-canyon-ariege.com\/product\/canyoneur-expert\/","url":"https:\/\/speleo-canyon-ariege.com\/product\/canyoneur-expert\/","name":"Canyoneur Expert - speleo-canyon-ariege.com","isPartOf":{"@id":"https:\/\/speleo-canyon-ariege.com\/#website"},"primaryImageOfPage":{"@id":"https:\/\/speleo-canyon-ariege.com\/product\/canyoneur-expert\/#primaryimage"},"image":{"@id":"https:\/\/speleo-canyon-ariege.com\/product\/canyoneur-expert\/#primaryimage"},"thumbnailUrl":"https:\/\/speleo-canyon-ariege.com\/wp-content\/uploads\/2025\/01\/estat-2.webp","datePublished":"2025-01-13T08:43:44+00:00","dateModified":"2026-03-10T09:38:03+00:00","description":"Recyclez vos comp\u00e9tences actuelles et optimisez vos connaissances individuelles afin de devenir Expert en canyoning (amateur) ou d'\u00e9voluer vers l'Instructeur et d'enseigner dans votre pays d'origine (cf. conditions professionnelles).","breadcrumb":{"@id":"https:\/\/speleo-canyon-ariege.com\/product\/canyoneur-expert\/#breadcrumb"},"inLanguage":"en-GB","potentialAction":[{"@type":"ReadAction","target":["https:\/\/speleo-canyon-ariege.com\/product\/canyoneur-expert\/"]}]},{"@type":"ImageObject","inLanguage":"en-GB","@id":"https:\/\/speleo-canyon-ariege.com\/product\/canyoneur-expert\/#primaryimage","url":"https:\/\/speleo-canyon-ariege.com\/wp-content\/uploads\/2025\/01\/estat-2.webp","contentUrl":"https:\/\/speleo-canyon-ariege.com\/wp-content\/uploads\/2025\/01\/estat-2.webp","width":1600,"height":1066,"caption":"rappel 40m Estat"},{"@type":"BreadcrumbList","@id":"https:\/\/speleo-canyon-ariege.com\/product\/canyoneur-expert\/#breadcrumb","itemListElement":[{"@type":"ListItem","position":1,"name":"Accueil","item":"https:\/\/speleo-canyon-ariege.com\/"},{"@type":"ListItem","position":2,"name":"Shop","item":"https:\/\/speleo-canyon-ariege.com\/shop\/"},{"@type":"ListItem","position":3,"name":"Canyoneur Expert"}]},{"@type":"WebSite","@id":"https:\/\/speleo-canyon-ariege.com\/#website","url":"https:\/\/speleo-canyon-ariege.com\/","name":"speleo-canyon-ariege.com","description":"","potentialAction":[{"@type":"SearchAction","target":{"@type":"EntryPoint","urlTemplate":"https:\/\/speleo-canyon-ariege.com\/?s={search_term_string}"},"query-input":{"@type":"PropertyValueSpecification","valueRequired":true,"valueName":"search_term_string"}}],"inLanguage":"en-GB"}]}},"_links":{"self":[{"href":"https:\/\/speleo-canyon-ariege.com\/en\/wp-json\/wp\/v2\/product\/2373","targetHints":{"allow":["GET"]}}],"collection":[{"href":"https:\/\/speleo-canyon-ariege.com\/en\/wp-json\/wp\/v2\/product"}],"about":[{"href":"https:\/\/speleo-canyon-ariege.com\/en\/wp-json\/wp\/v2\/types\/product"}],"wp:featuredmedia":[{"embeddable":true,"href":"https:\/\/speleo-canyon-ariege.com\/en\/wp-json\/wp\/v2\/media\/3093"}],"wp:attachment":[{"href":"https:\/\/speleo-canyon-ariege.com\/en\/wp-json\/wp\/v2\/media?parent=2373"}],"wp:term":[{"taxonomy":"product_brand","embeddable":true,"href":"https:\/\/speleo-canyon-ariege.com\/en\/wp-json\/wp\/v2\/product_brand?post=2373"},{"taxonomy":"product_cat","embeddable":true,"href":"https:\/\/speleo-canyon-ariege.com\/en\/wp-json\/wp\/v2\/product_cat?post=2373"},{"taxonomy":"product_tag","embeddable":true,"href":"https:\/\/speleo-canyon-ariege.com\/en\/wp-json\/wp\/v2\/product_tag?post=2373"}],"curies":[{"name":"wp","href":"https:\/\/api.w.org\/{rel}","templated":true}]}}