{"id":2372,"date":"2025-01-13T08:43:44","date_gmt":"2025-01-13T08:43:44","guid":{"rendered":"https:\/\/speleo-canyon-ariege.com\/?post_type=product&#038;p=2372"},"modified":"2026-03-30T08:43:10","modified_gmt":"2026-03-30T08:43:10","slug":"voyage-sous-terre","status":"publish","type":"product","link":"https:\/\/speleo-canyon-ariege.com\/en\/product\/voyage-sous-terre\/","title":{"rendered":"Journey Underground - Georges Chasm"},"content":{"rendered":"<div class=\"row limit-width row-parent\" data-imgready=\"true\">\n<div class=\"wpb_row row-inner\">\n<div class=\"wpb_column pos-top pos-center align_left column_parent col-lg-3 boomapps_vccolumn single-internal-gutter\">\n<div class=\"uncol style-light\">\n<div class=\"uncoltable\">\n<div class=\"uncell boomapps_vccolumn no-block-padding\">\n<div class=\"uncont\">\n<div class=\"uncode-single-media text-left\">\n<div class=\"single-wrapper\" style=\"max-width: 80%;\">\n<div class=\"tmb tmb-light tmb-media-first tmb-media-last tmb-content-overlay tmb-no-bg\">\n<div class=\"t-inside\">\n<div class=\"t-entry-visual\">\n<div class=\"t-entry-visual-tc\">\n<div class=\"uncode-single-media-wrapper\"><img loading=\"lazy\" decoding=\"async\" src=\"https:\/\/speleo-canyon-ariege.com\/wp-content\/uploads\/2025\/07\/cotation-voyage-sous-terre-ariege.webp\" alt=\"6 CC Voyage sous terre sp\u00e9l\u00e9ogie canyon ari\u00e8ge\" width=\"154\" height=\"300\" \/><\/div>\n<\/div>\n<\/div>\n<\/div>\n<\/div>\n<\/div>\n<\/div>\n<\/div>\n<\/div>\n<\/div>\n<\/div>\n<\/div>\n<div class=\"wpb_column pos-top pos-center align_left column_parent col-lg-6 boomapps_vccolumn single-internal-gutter\">\n<div class=\"uncol style-light\">\n<div class=\"uncoltable\">\n<div class=\"uncell boomapps_vccolumn no-block-padding\">\n<div class=\"uncont\">\n<div class=\"vc_custom_heading_wrap\">\n<div class=\"heading-text el-text\">\n<h2 class=\"h2\"><span class=\"font-188799\">Caving<\/span><\/h2>\n<\/div>\n<div class=\"clear\"><\/div>\n<\/div>\n<div class=\"uncode_text_column\">\n<p>We are delighted to present to you an unforgettable underground adventure at <strong>famous Georges Chasm<\/strong>, through the Tube entrance!<\/p>\n<p>Pour d\u00e9buter votre aventure, nous commencerons par une initiation sp\u00e9l\u00e9o classique. Cette \u00e9tape est primordiale pour apprendre les bases de la sp\u00e9l\u00e9ologie et pour vous familiariser avec l\u2019environnement souterrain. Ensuite, nous progresserons petit \u00e0 petit vers des techniques de corde plus avanc\u00e9es. Vous apprendrez ainsi \u00e0 franchir des main-courantes, \u00e0 descendre des rappels fractionn\u00e9s, \u00e0 escalader et d\u00e9sescalader des passages, et m\u00eame \u00e0 remonter sur corde, le tout dans des volumes gigantesques.<\/p>\n<p>Notre premi\u00e8re \u00e9tape de descente nous conduira jusqu\u2019\u00e0 la <strong>\u00ab\u00a0salle de la Famine\u00a0\u00bb, situ\u00e9e \u00e0 une profondeur impressionnante de -200 m\u00e8tres<\/strong>. Nous pique-niquerons dans cette grande salle historique \u00a0pour reprendre des forces ! En fonction du nombre et du niveau des participants, nous pourrons choisir entre diff\u00e9rentes options pour la suite de notre exploration, afin de <strong>s\u2019adapter au mieux \u00e0 chacun et rendre cette aventure accessible \u00e0 tous<\/strong>.<\/p>\n<p>Le gouffre George est c\u00e9l\u00e8bre pour ses dimensions hors normes. En effet, il s\u2019agit d\u2019<strong>un gouffre immense qui offre une exp\u00e9rience inoubliable \u00e0 tous les amateurs d\u2019envergure sportive<\/strong>.<\/p>\n<p>En somme, le gouffre George par l\u2019entr\u00e9e Tube est une aventure souterraine inoubliable, accessible \u00e0 tous les niveaux. Avec une initiation sp\u00e9l\u00e9o classique et un <strong>perfectionnement progressif aux techniques de corde<\/strong>, vous serez pr\u00eat \u00e0 explorer cet environnement unique.<\/p>\n<p>We look forward to accompanying you on this incredible experience and helping you discover the hidden wonders of nature!<\/p>\n<hr \/>\n<p><strong>For those in the know, we also offer 4 other famous \u201cGreat Caving Explorations\u201d on request:<\/strong><\/p>\n<p><span style=\"color: #3366ff;\"><strong><a style=\"color: #3366ff;\" href=\"https:\/\/speleo-canyon-ariege.com\/wp-content\/uploads\/2023\/04\/FT-La-Caoudiere-SCA-.pdf\">Caoudi\u00e8re Chasm<\/a><\/strong><\/span><\/p>\n<p><span style=\"color: #3366ff;\"><strong>Henne Morte \u2013 Commingeois crossing<\/strong><\/span><\/p>\n<p><span style=\"color: #3366ff;\"><strong>Pene-Blanque Cave to the river<\/strong><\/span><\/p>\n<p><span style=\"color: #3366ff;\"><strong>Pyrenees \u2013 Pene Blanque Crossing<\/strong><\/span><\/p>\n<\/div>\n<\/div>\n<\/div>\n<\/div>\n<\/div>\n<\/div>\n<div class=\"wpb_column pos-top pos-center align_center column_parent col-lg-3 boomapps_vccolumn single-internal-gutter\">\n<div class=\"uncol style-light\">\n<div class=\"uncoltable\">\n<div class=\"uncell boomapps_vccolumn no-block-padding\">\n<div class=\"uncont\">\n<div class=\"uncode-single-media text-left\">\n<div class=\"single-wrapper\" style=\"max-width: 100%;\">\n<div class=\"tmb tmb-light tmb-media-first tmb-media-last tmb-content-overlay tmb-no-bg\">\n<div class=\"t-inside\">\n<div class=\"t-entry-visual\">\n<div class=\"t-entry-visual-tc\">\n<div class=\"uncode-single-media-wrapper\"><img loading=\"lazy\" decoding=\"async\" src=\"https:\/\/speleo-canyon-ariege.com\/wp-content\/uploads\/2017\/02\/Topo-gouffre-George-et-tube.png\" alt=\"\" width=\"1233\" height=\"777\" \/><\/div>\n<\/div>\n<\/div>\n<\/div>\n<\/div>\n<\/div>\n<\/div>\n<\/div>\n<\/div>\n<\/div>\n<\/div>\n<\/div>\n<p><script id=\"script-403774\" data-row=\"script-403774\" type=\"text\/javascript\" class=\"vc_controls\">UNCODE.initRow(document.getElementById(\"script-403774\"));<\/script><\/p>\n<\/div>\n<\/div>","protected":false},"excerpt":{"rendered":"<p>Le c\u00e9l\u00e8bre Gouffre Georges situ\u00e9 pr\u00e8s de l'Etang de l'Hers, au dessus de Vicdessos, est le plus grand gouffre d\u2019Ari\u00e8ge (jusqu'\u00e0 -700m). Cette exploration est bien plus qu'une initiation \u00e0 la sp\u00e9l\u00e9o verticale et cependant, sont niveau reste accessible, il suffit d'\u00eatre en bonne forme physique et initi\u00e9 \u00e0 la descente en rappel. Nous descendrons jusqu'\u00e0 -200m.<\/p>\n<p><strong>Group price<\/strong> : Prix d\u00e9gressif : 3 personnes minimum (450\u20ac) \/ 5 pers. maximum (680\u20ac)<\/p>\n<p class=\"translation-block\"><strong>Included in the Price<\/strong>: Reception, supervision, complete vertical caving equipment, insurance.<\/p>","protected":false},"featured_media":3873,"template":"","meta":{"_acf_changed":false},"product_brand":[],"product_cat":[200],"product_tag":[199],"class_list":{"0":"post-2372","1":"product","2":"type-product","3":"status-publish","4":"has-post-thumbnail","6":"product_cat-speleologie","7":"product_tag-speleologie","9":"first","10":"instock","11":"purchasable","12":"product-type-simple"},"acf":[],"yoast_head":"<!-- This site is optimized with the Yoast SEO Premium plugin v24.3 (Yoast SEO v24.7) - https:\/\/yoast.com\/wordpress\/plugins\/seo\/ -->\n<title>Voyage Sous Terre - Gouffre Georges - speleo-canyon-ariege.com<\/title>\n<meta name=\"description\" content=\"D\u00e9couvrez une aventure souterraine inoubliable au c\u00e9l\u00e8bre gouffre George surl&#039;Etang de l&#039;hers, en Ariege ! Avec notre perfectionnement progressif aux techniques de corde, vous explorerez cet environnement jusqu&#039;\u00e0 -200M ! Profitez de dimensions hors normes de ce c\u00e9l\u00e8bre gouffre aux dimensions gigantesques, et vivez avec nous une exp\u00e9rience riche en sensations fortes.\" \/>\n<meta name=\"robots\" content=\"index, follow, max-snippet:-1, max-image-preview:large, max-video-preview:-1\" \/>\n<link rel=\"canonical\" href=\"https:\/\/speleo-canyon-ariege.com\/en\/product\/voyage-sous-terre\/\" \/>\n<meta property=\"og:locale\" content=\"en_GB\" \/>\n<meta property=\"og:type\" content=\"article\" \/>\n<meta property=\"og:title\" content=\"Voyage Sous Terre - Gouffre Georges\" \/>\n<meta property=\"og:description\" content=\"D\u00e9couvrez une aventure souterraine inoubliable au c\u00e9l\u00e8bre gouffre George surl&#039;Etang de l&#039;hers, en Ariege ! Avec notre perfectionnement progressif aux techniques de corde, vous explorerez cet environnement jusqu&#039;\u00e0 -200M ! Profitez de dimensions hors normes de ce c\u00e9l\u00e8bre gouffre aux dimensions gigantesques, et vivez avec nous une exp\u00e9rience riche en sensations fortes.\" \/>\n<meta property=\"og:url\" content=\"https:\/\/speleo-canyon-ariege.com\/en\/product\/voyage-sous-terre\/\" \/>\n<meta property=\"og:site_name\" content=\"speleo-canyon-ariege.com\" \/>\n<meta property=\"article:modified_time\" content=\"2026-03-30T08:43:10+00:00\" \/>\n<meta property=\"og:image\" content=\"https:\/\/speleo-canyon-ariege.com\/wp-content\/uploads\/2025\/07\/voyage-sous-terre-guide-speleo-sportive-gouffre-georges.webp\" \/>\n\t<meta property=\"og:image:width\" content=\"1200\" \/>\n\t<meta property=\"og:image:height\" content=\"900\" \/>\n\t<meta property=\"og:image:type\" content=\"image\/webp\" \/>\n<meta name=\"twitter:card\" content=\"summary_large_image\" \/>\n<meta name=\"twitter:label1\" content=\"Estimated reading time\" \/>\n\t<meta name=\"twitter:data1\" content=\"3 minutes\" \/>\n<script type=\"application\/ld+json\" class=\"yoast-schema-graph\">{\"@context\":\"https:\/\/schema.org\",\"@graph\":[{\"@type\":\"WebPage\",\"@id\":\"https:\/\/speleo-canyon-ariege.com\/product\/voyage-sous-terre\/\",\"url\":\"https:\/\/speleo-canyon-ariege.com\/product\/voyage-sous-terre\/\",\"name\":\"Voyage Sous Terre - Gouffre Georges - speleo-canyon-ariege.com\",\"isPartOf\":{\"@id\":\"https:\/\/speleo-canyon-ariege.com\/#website\"},\"primaryImageOfPage\":{\"@id\":\"https:\/\/speleo-canyon-ariege.com\/product\/voyage-sous-terre\/#primaryimage\"},\"image\":{\"@id\":\"https:\/\/speleo-canyon-ariege.com\/product\/voyage-sous-terre\/#primaryimage\"},\"thumbnailUrl\":\"https:\/\/speleo-canyon-ariege.com\/wp-content\/uploads\/2025\/07\/voyage-sous-terre-guide-speleo-sportive-gouffre-georges.webp\",\"datePublished\":\"2025-01-13T08:43:44+00:00\",\"dateModified\":\"2026-03-30T08:43:10+00:00\",\"description\":\"D\u00e9couvrez une aventure souterraine inoubliable au c\u00e9l\u00e8bre gouffre George surl'Etang de l'hers, en Ariege ! Avec notre perfectionnement progressif aux techniques de corde, vous explorerez cet environnement jusqu'\u00e0 -200M ! Profitez de dimensions hors normes de ce c\u00e9l\u00e8bre gouffre aux dimensions gigantesques, et vivez avec nous une exp\u00e9rience riche en sensations fortes.\",\"breadcrumb\":{\"@id\":\"https:\/\/speleo-canyon-ariege.com\/product\/voyage-sous-terre\/#breadcrumb\"},\"inLanguage\":\"en-GB\",\"potentialAction\":[{\"@type\":\"ReadAction\",\"target\":[\"https:\/\/speleo-canyon-ariege.com\/product\/voyage-sous-terre\/\"]}]},{\"@type\":\"ImageObject\",\"inLanguage\":\"en-GB\",\"@id\":\"https:\/\/speleo-canyon-ariege.com\/product\/voyage-sous-terre\/#primaryimage\",\"url\":\"https:\/\/speleo-canyon-ariege.com\/wp-content\/uploads\/2025\/07\/voyage-sous-terre-guide-speleo-sportive-gouffre-georges.webp\",\"contentUrl\":\"https:\/\/speleo-canyon-ariege.com\/wp-content\/uploads\/2025\/07\/voyage-sous-terre-guide-speleo-sportive-gouffre-georges.webp\",\"width\":1200,\"height\":900,\"caption\":\"Voyage sous terre guid\u00e9, sp\u00e9l\u00e9o sportive au gouffre Georges\"},{\"@type\":\"BreadcrumbList\",\"@id\":\"https:\/\/speleo-canyon-ariege.com\/product\/voyage-sous-terre\/#breadcrumb\",\"itemListElement\":[{\"@type\":\"ListItem\",\"position\":1,\"name\":\"Accueil\",\"item\":\"https:\/\/speleo-canyon-ariege.com\/\"},{\"@type\":\"ListItem\",\"position\":2,\"name\":\"Shop\",\"item\":\"https:\/\/speleo-canyon-ariege.com\/shop\/\"},{\"@type\":\"ListItem\",\"position\":3,\"name\":\"Voyage Sous Terre - Gouffre Georges\"}]},{\"@type\":\"WebSite\",\"@id\":\"https:\/\/speleo-canyon-ariege.com\/#website\",\"url\":\"https:\/\/speleo-canyon-ariege.com\/\",\"name\":\"speleo-canyon-ariege.com\",\"description\":\"\",\"potentialAction\":[{\"@type\":\"SearchAction\",\"target\":{\"@type\":\"EntryPoint\",\"urlTemplate\":\"https:\/\/speleo-canyon-ariege.com\/?s={search_term_string}\"},\"query-input\":{\"@type\":\"PropertyValueSpecification\",\"valueRequired\":true,\"valueName\":\"search_term_string\"}}],\"inLanguage\":\"en-GB\"}]}<\/script>\n<!-- \/ Yoast SEO Premium plugin. -->","yoast_head_json":{"title":"Voyage Sous Terre - Gouffre Georges - speleo-canyon-ariege.com","description":"D\u00e9couvrez une aventure souterraine inoubliable au c\u00e9l\u00e8bre gouffre George surl'Etang de l'hers, en Ariege ! Avec notre perfectionnement progressif aux techniques de corde, vous explorerez cet environnement jusqu'\u00e0 -200M ! Profitez de dimensions hors normes de ce c\u00e9l\u00e8bre gouffre aux dimensions gigantesques, et vivez avec nous une exp\u00e9rience riche en sensations fortes.","robots":{"index":"index","follow":"follow","max-snippet":"max-snippet:-1","max-image-preview":"max-image-preview:large","max-video-preview":"max-video-preview:-1"},"canonical":"https:\/\/speleo-canyon-ariege.com\/en\/product\/voyage-sous-terre\/","og_locale":"en_GB","og_type":"article","og_title":"Voyage Sous Terre - Gouffre Georges","og_description":"D\u00e9couvrez une aventure souterraine inoubliable au c\u00e9l\u00e8bre gouffre George surl'Etang de l'hers, en Ariege ! Avec notre perfectionnement progressif aux techniques de corde, vous explorerez cet environnement jusqu'\u00e0 -200M ! Profitez de dimensions hors normes de ce c\u00e9l\u00e8bre gouffre aux dimensions gigantesques, et vivez avec nous une exp\u00e9rience riche en sensations fortes.","og_url":"https:\/\/speleo-canyon-ariege.com\/en\/product\/voyage-sous-terre\/","og_site_name":"speleo-canyon-ariege.com","article_modified_time":"2026-03-30T08:43:10+00:00","og_image":[{"width":1200,"height":900,"url":"https:\/\/speleo-canyon-ariege.com\/wp-content\/uploads\/2025\/07\/voyage-sous-terre-guide-speleo-sportive-gouffre-georges.webp","type":"image\/webp"}],"twitter_card":"summary_large_image","twitter_misc":{"Estimated reading time":"3 minutes"},"schema":{"@context":"https:\/\/schema.org","@graph":[{"@type":"WebPage","@id":"https:\/\/speleo-canyon-ariege.com\/product\/voyage-sous-terre\/","url":"https:\/\/speleo-canyon-ariege.com\/product\/voyage-sous-terre\/","name":"Voyage Sous Terre - Gouffre Georges - speleo-canyon-ariege.com","isPartOf":{"@id":"https:\/\/speleo-canyon-ariege.com\/#website"},"primaryImageOfPage":{"@id":"https:\/\/speleo-canyon-ariege.com\/product\/voyage-sous-terre\/#primaryimage"},"image":{"@id":"https:\/\/speleo-canyon-ariege.com\/product\/voyage-sous-terre\/#primaryimage"},"thumbnailUrl":"https:\/\/speleo-canyon-ariege.com\/wp-content\/uploads\/2025\/07\/voyage-sous-terre-guide-speleo-sportive-gouffre-georges.webp","datePublished":"2025-01-13T08:43:44+00:00","dateModified":"2026-03-30T08:43:10+00:00","description":"D\u00e9couvrez une aventure souterraine inoubliable au c\u00e9l\u00e8bre gouffre George surl'Etang de l'hers, en Ariege ! Avec notre perfectionnement progressif aux techniques de corde, vous explorerez cet environnement jusqu'\u00e0 -200M ! Profitez de dimensions hors normes de ce c\u00e9l\u00e8bre gouffre aux dimensions gigantesques, et vivez avec nous une exp\u00e9rience riche en sensations fortes.","breadcrumb":{"@id":"https:\/\/speleo-canyon-ariege.com\/product\/voyage-sous-terre\/#breadcrumb"},"inLanguage":"en-GB","potentialAction":[{"@type":"ReadAction","target":["https:\/\/speleo-canyon-ariege.com\/product\/voyage-sous-terre\/"]}]},{"@type":"ImageObject","inLanguage":"en-GB","@id":"https:\/\/speleo-canyon-ariege.com\/product\/voyage-sous-terre\/#primaryimage","url":"https:\/\/speleo-canyon-ariege.com\/wp-content\/uploads\/2025\/07\/voyage-sous-terre-guide-speleo-sportive-gouffre-georges.webp","contentUrl":"https:\/\/speleo-canyon-ariege.com\/wp-content\/uploads\/2025\/07\/voyage-sous-terre-guide-speleo-sportive-gouffre-georges.webp","width":1200,"height":900,"caption":"Voyage sous terre guid\u00e9, sp\u00e9l\u00e9o sportive au gouffre Georges"},{"@type":"BreadcrumbList","@id":"https:\/\/speleo-canyon-ariege.com\/product\/voyage-sous-terre\/#breadcrumb","itemListElement":[{"@type":"ListItem","position":1,"name":"Accueil","item":"https:\/\/speleo-canyon-ariege.com\/"},{"@type":"ListItem","position":2,"name":"Shop","item":"https:\/\/speleo-canyon-ariege.com\/shop\/"},{"@type":"ListItem","position":3,"name":"Voyage Sous Terre - Gouffre Georges"}]},{"@type":"WebSite","@id":"https:\/\/speleo-canyon-ariege.com\/#website","url":"https:\/\/speleo-canyon-ariege.com\/","name":"speleo-canyon-ariege.com","description":"","potentialAction":[{"@type":"SearchAction","target":{"@type":"EntryPoint","urlTemplate":"https:\/\/speleo-canyon-ariege.com\/?s={search_term_string}"},"query-input":{"@type":"PropertyValueSpecification","valueRequired":true,"valueName":"search_term_string"}}],"inLanguage":"en-GB"}]}},"_links":{"self":[{"href":"https:\/\/speleo-canyon-ariege.com\/en\/wp-json\/wp\/v2\/product\/2372","targetHints":{"allow":["GET"]}}],"collection":[{"href":"https:\/\/speleo-canyon-ariege.com\/en\/wp-json\/wp\/v2\/product"}],"about":[{"href":"https:\/\/speleo-canyon-ariege.com\/en\/wp-json\/wp\/v2\/types\/product"}],"wp:featuredmedia":[{"embeddable":true,"href":"https:\/\/speleo-canyon-ariege.com\/en\/wp-json\/wp\/v2\/media\/3873"}],"wp:attachment":[{"href":"https:\/\/speleo-canyon-ariege.com\/en\/wp-json\/wp\/v2\/media?parent=2372"}],"wp:term":[{"taxonomy":"product_brand","embeddable":true,"href":"https:\/\/speleo-canyon-ariege.com\/en\/wp-json\/wp\/v2\/product_brand?post=2372"},{"taxonomy":"product_cat","embeddable":true,"href":"https:\/\/speleo-canyon-ariege.com\/en\/wp-json\/wp\/v2\/product_cat?post=2372"},{"taxonomy":"product_tag","embeddable":true,"href":"https:\/\/speleo-canyon-ariege.com\/en\/wp-json\/wp\/v2\/product_tag?post=2372"}],"curies":[{"name":"wp","href":"https:\/\/api.w.org\/{rel}","templated":true}]}}