{"id":2371,"date":"2025-01-13T08:43:44","date_gmt":"2025-01-13T08:43:44","guid":{"rendered":"https:\/\/speleo-canyon-ariege.com\/?post_type=product&#038;p=2371"},"modified":"2026-04-01T13:08:52","modified_gmt":"2026-04-01T13:08:52","slug":"canyon-souterrain-vicdessos","status":"publish","type":"product","link":"https:\/\/speleo-canyon-ariege.com\/en\/product\/canyon-souterrain-vicdessos\/","title":{"rendered":"Vicdessos Underground Canyon"},"content":{"rendered":"<div class=\"row limit-width row-parent\" data-imgready=\"true\">\n<div class=\"wpb_row row-inner\">\n<div class=\"wpb_column pos-top pos-center align_left column_parent col-lg-3 boomapps_vccolumn single-internal-gutter\">\n<div class=\"uncol style-light\">\n<div class=\"uncoltable\">\n<div class=\"uncell boomapps_vccolumn no-block-padding\">\n<div class=\"uncont\">\n<div class=\"uncode-single-media text-left\">\n<div class=\"single-wrapper\" style=\"max-width: 80%;\">\n<div class=\"tmb tmb-light tmb-media-first tmb-media-last tmb-content-overlay tmb-no-bg\">\n<div class=\"t-inside\">\n<div class=\"t-entry-visual\">\n<div class=\"t-entry-visual-tc\">\n<div class=\"uncode-single-media-wrapper\"><img loading=\"lazy\" decoding=\"async\" src=\"https:\/\/speleo-canyon-ariege.com\/wp-content\/uploads\/2025\/07\/cotation-traversee-grotte-vicdessos-ariege.webp\" alt=\"\" width=\"154\" height=\"300\" \/><\/div>\n<\/div>\n<\/div>\n<\/div>\n<\/div>\n<\/div>\n<\/div>\n<\/div>\n<\/div>\n<\/div>\n<\/div>\n<\/div>\n<div class=\"wpb_column pos-top pos-center align_left column_parent col-lg-6 boomapps_vccolumn single-internal-gutter\">\n<div class=\"uncol style-light\">\n<div class=\"uncoltable\">\n<div class=\"uncell boomapps_vccolumn no-block-padding\">\n<div class=\"uncont\">\n<div class=\"vc_custom_heading_wrap\">\n<div class=\"heading-text el-text\">\n<h2 class=\"\" data-start=\"442\" data-end=\"497\">A real underground adventure\u2026 but gently!<\/h2>\n<p class=\"\" data-start=\"499\" data-end=\"763\">You want to discover <strong data-start=\"520\" data-end=\"545\">caving differently<\/strong> ? The instructors will be happy to take you on an <strong data-start=\"616\" data-end=\"645\">Ari\u00e8ge water cave<\/strong> that we all love: a wild place, sculpted by water and time, where you learn to progress underground... while having fun!<\/p>\n<hr class=\"\" data-start=\"765\" data-end=\"768\" \/>\n<h3 class=\"\" data-start=\"770\" data-end=\"806\">What we do, concretely:<\/h3>\n<p class=\"\" data-start=\"1018\" data-end=\"1368\">Three <strong data-start=\"1024\" data-end=\"1055\">short abseiling descents<\/strong> to get you into the swing of things, then we get into the famous <strong data-start=\"1138\" data-end=\"1162\">Serpentin passage<\/strong>...and there, the magic happens: large rooms, underground river, water slides, play of light... we move forward together, but it's <strong data-start=\"1297\" data-end=\"1304\">you<\/strong> who gradually takes the lead of the group, guided by our advice.<\/p>\n<p data-start=\"1375\" data-end=\"1431\">You will learn the basic techniques of caving! All this, in a relaxed, reassuring atmosphere, and <strong data-start=\"1682\" data-end=\"1708\">really caring<\/strong>. No pressure, no judgment, no performance: just <strong data-start=\"1771\" data-end=\"1805\">real, living, sharing<\/strong>.<\/p>\n<p>Have you never been caving? Are you not very athletic? No problem!<br data-start=\"1915\" data-end=\"1918\" \/>This outing is <strong data-start=\"1938\" data-end=\"1959\">accessible to all<\/strong>, including families, curious adults, friends, and complete beginners.<\/p>\n<hr class=\"\" data-start=\"2161\" data-end=\"2164\" \/>\n<h3 class=\"\" data-start=\"2166\" data-end=\"2208\">Why is it different with us?<\/h3>\n<p class=\"\" data-start=\"2210\" data-end=\"2458\">Because we're not just showing you around a cave:<br data-start=\"2264\" data-end=\"2267\" \/>We accompanies you to <strong data-start=\"2282\" data-end=\"2306\">live it from inside<\/strong>, to understand what you are doing, to progress in your head as much as in your body. And above all, to leave with a smile... and memories to tell.<\/p>\n<hr class=\"\" data-start=\"2460\" data-end=\"2463\" \/>\n<p class=\"\" data-start=\"2465\" data-end=\"2606\">So.... you come?<br data-start=\"2482\" data-end=\"2485\" \/>We are waiting for you in this <strong data-start=\"2506\" data-end=\"2544\">unique underground canyon in Ariege<\/strong>, for one experience at a time <strong data-start=\"2576\" data-end=\"2605\">sweet, fun and unforgettable<\/strong>.<\/p>\n<hr \/>\n<div class=\"wpb_column pos-top pos-center align_left column_parent col-lg-6 boomapps_vccolumn single-internal-gutter\">\n<div class=\"uncol style-light\">\n<div class=\"uncoltable\">\n<div class=\"uncell boomapps_vccolumn no-block-padding\">\n<div class=\"uncont\">\n<div class=\"uncode_text_column\">\n<p style=\"text-align: center;\"><em><strong>&gt;&gt; <a href=\"https:\/\/speleo-canyon-ariege.com\/en\/product\/speleo-by-night\/\">Clique ici<\/a>\u00a0 pour en savoir plus sur l'exp\u00e9rience \"<a href=\"https:\/\/speleo-canyon-ariege.com\/en\/product\/speleo-by-night\/\">Sp\u00e9l\u00e9o By Night\"<\/a>? Une sortie en soir\u00e9e r\u00e9serv\u00e9e avec votre team! <\/strong><\/em>(R\u00e9serv\u00e9 aux +14 ans)<\/p>\n<\/div>\n<\/div>\n<\/div>\n<\/div>\n<\/div>\n<\/div>\n<div class=\"wpb_column pos-top pos-center align_center column_parent col-lg-3 boomapps_vccolumn single-internal-gutter\">\n<div class=\"uncol style-light\">\n<div class=\"uncoltable\">\n<div class=\"uncell boomapps_vccolumn no-block-padding\">\n<div class=\"uncont\">\n<div class=\"uncode-single-media text-left\">\n<div class=\"single-wrapper\" style=\"max-width: 100%;\">\n<div class=\"tmb tmb-light tmb-media-first tmb-media-last tmb-content-overlay tmb-no-bg\">\n<div class=\"t-inside\">\n<div class=\"t-entry-visual\">\n<div class=\"t-entry-visual-tc\">\n<div class=\"uncode-single-media-wrapper\"><\/div>\n<\/div>\n<\/div>\n<\/div>\n<\/div>\n<\/div>\n<\/div>\n<\/div>\n<\/div>\n<\/div>\n<\/div>\n<\/div>\n<\/div>\n<\/div>\n<\/div>\n<\/div>\n<\/div>\n<\/div>\n<\/div>\n<\/div>\n<\/div>","protected":false},"excerpt":{"rendered":"<p>The <strong>Vicdessos underground canyon<\/strong>, near Auzat, is <strong>unique in Ariege!<\/strong> It is a real little underground canyon decorated with <strong>short abseiling descents and varied technical passages...<\/strong> But above all an <strong>aquatic finale<\/strong> interspersed with <strong>slides you will remember for a long time<\/strong>. An exploration <strong>fun and sporty!<\/strong> !<\/p>\n<p><strong>Group price<\/strong> : 384 \u20ac (8 pers. maxi)<\/p>\n<p><strong>Included in the price<\/strong> : Reception, supervision, complete equipment, insurance.<\/p>\n<p style=\"text-align: center;\"><em><strong>Tente aussi &gt;&gt; l'exp\u00e9rience \"<a href=\"https:\/\/speleo-canyon-ariege.com\/en\/product\/speleo-by-night\/\">Sp\u00e9l\u00e9o By Night\"<\/a><\/strong><\/em><\/p>","protected":false},"featured_media":3974,"template":"","meta":{"_acf_changed":false},"product_brand":[],"product_cat":[200],"product_tag":[],"class_list":{"0":"post-2371","1":"product","2":"type-product","3":"status-publish","4":"has-post-thumbnail","6":"product_cat-speleologie","8":"first","9":"instock","10":"purchasable","11":"product-type-simple"},"acf":[],"yoast_head":"<!-- This site is optimized with the Yoast SEO Premium plugin v24.3 (Yoast SEO v24.7) - https:\/\/yoast.com\/wordpress\/plugins\/seo\/ -->\n<title>Canyon Souterrain du Vicdessos - speleo-canyon-ariege.com<\/title>\n<meta name=\"description\" content=\"D\u00e9couvrez une aventure unique avec notre parcours d\u00e9butant de sp\u00e9l\u00e9ologie \u00e0 Speleo Canyon Ariege. Cette sortie sportive et ludique vous initiera aux techniques de progression souterraines et aux m\u00e9thodes d\u2019exploration et d&#039;orientation. C&#039;est un v\u00e9ritable petit canyon souterrain agr\u00e9ment\u00e9 de petites descentes en rappel et de passage techniques vari\u00e9s... Mais surtout un final aquatique entrecoup\u00e9 de toboggans dont vous vous souviendrez longtemps. Une exploration sp\u00e9l\u00e9o sportive et ludique !\" \/>\n<meta name=\"robots\" content=\"index, follow, max-snippet:-1, max-image-preview:large, max-video-preview:-1\" \/>\n<link rel=\"canonical\" href=\"https:\/\/speleo-canyon-ariege.com\/en\/product\/canyon-souterrain-vicdessos\/\" \/>\n<meta property=\"og:locale\" content=\"en_GB\" \/>\n<meta property=\"og:type\" content=\"article\" \/>\n<meta property=\"og:title\" content=\"Canyon Souterrain du Vicdessos\" \/>\n<meta property=\"og:description\" content=\"D\u00e9couvrez une aventure unique avec notre parcours d\u00e9butant de sp\u00e9l\u00e9ologie \u00e0 Speleo Canyon Ariege. Cette sortie sportive et ludique vous initiera aux techniques de progression souterraines et aux m\u00e9thodes d\u2019exploration et d&#039;orientation. C&#039;est un v\u00e9ritable petit canyon souterrain agr\u00e9ment\u00e9 de petites descentes en rappel et de passage techniques vari\u00e9s... Mais surtout un final aquatique entrecoup\u00e9 de toboggans dont vous vous souviendrez longtemps. Une exploration sp\u00e9l\u00e9o sportive et ludique !\" \/>\n<meta property=\"og:url\" content=\"https:\/\/speleo-canyon-ariege.com\/en\/product\/canyon-souterrain-vicdessos\/\" \/>\n<meta property=\"og:site_name\" content=\"speleo-canyon-ariege.com\" \/>\n<meta property=\"article:modified_time\" content=\"2026-04-01T13:08:52+00:00\" \/>\n<meta property=\"og:image\" content=\"https:\/\/speleo-canyon-ariege.com\/wp-content\/uploads\/2025\/07\/canyon-souterrain-speleogie-aventure-ariege-traversee-vicdessos-1600x1067-1.webp\" \/>\n\t<meta property=\"og:image:width\" content=\"1600\" \/>\n\t<meta property=\"og:image:height\" content=\"1067\" \/>\n\t<meta property=\"og:image:type\" content=\"image\/webp\" \/>\n<meta name=\"twitter:card\" content=\"summary_large_image\" \/>\n<meta name=\"twitter:label1\" content=\"Estimated reading time\" \/>\n\t<meta name=\"twitter:data1\" content=\"2 minutes\" \/>\n<script type=\"application\/ld+json\" class=\"yoast-schema-graph\">{\"@context\":\"https:\/\/schema.org\",\"@graph\":[{\"@type\":\"WebPage\",\"@id\":\"https:\/\/speleo-canyon-ariege.com\/product\/canyon-souterrain-vicdessos\/\",\"url\":\"https:\/\/speleo-canyon-ariege.com\/product\/canyon-souterrain-vicdessos\/\",\"name\":\"Canyon Souterrain du Vicdessos - speleo-canyon-ariege.com\",\"isPartOf\":{\"@id\":\"https:\/\/speleo-canyon-ariege.com\/#website\"},\"primaryImageOfPage\":{\"@id\":\"https:\/\/speleo-canyon-ariege.com\/product\/canyon-souterrain-vicdessos\/#primaryimage\"},\"image\":{\"@id\":\"https:\/\/speleo-canyon-ariege.com\/product\/canyon-souterrain-vicdessos\/#primaryimage\"},\"thumbnailUrl\":\"https:\/\/speleo-canyon-ariege.com\/wp-content\/uploads\/2025\/07\/canyon-souterrain-speleogie-aventure-ariege-traversee-vicdessos-1600x1067-1.webp\",\"datePublished\":\"2025-01-13T08:43:44+00:00\",\"dateModified\":\"2026-04-01T13:08:52+00:00\",\"description\":\"D\u00e9couvrez une aventure unique avec notre parcours d\u00e9butant de sp\u00e9l\u00e9ologie \u00e0 Speleo Canyon Ariege. Cette sortie sportive et ludique vous initiera aux techniques de progression souterraines et aux m\u00e9thodes d\u2019exploration et d'orientation. C'est un v\u00e9ritable petit canyon souterrain agr\u00e9ment\u00e9 de petites descentes en rappel et de passage techniques vari\u00e9s... Mais surtout un final aquatique entrecoup\u00e9 de toboggans dont vous vous souviendrez longtemps. Une exploration sp\u00e9l\u00e9o sportive et ludique !\",\"breadcrumb\":{\"@id\":\"https:\/\/speleo-canyon-ariege.com\/product\/canyon-souterrain-vicdessos\/#breadcrumb\"},\"inLanguage\":\"en-GB\",\"potentialAction\":[{\"@type\":\"ReadAction\",\"target\":[\"https:\/\/speleo-canyon-ariege.com\/product\/canyon-souterrain-vicdessos\/\"]}]},{\"@type\":\"ImageObject\",\"inLanguage\":\"en-GB\",\"@id\":\"https:\/\/speleo-canyon-ariege.com\/product\/canyon-souterrain-vicdessos\/#primaryimage\",\"url\":\"https:\/\/speleo-canyon-ariege.com\/wp-content\/uploads\/2025\/07\/canyon-souterrain-speleogie-aventure-ariege-traversee-vicdessos-1600x1067-1.webp\",\"contentUrl\":\"https:\/\/speleo-canyon-ariege.com\/wp-content\/uploads\/2025\/07\/canyon-souterrain-speleogie-aventure-ariege-traversee-vicdessos-1600x1067-1.webp\",\"width\":1600,\"height\":1067,\"caption\":\"Canyon souterrain, sp\u00e9l\u00e9ologie aventure en Ari\u00e8ge, travers\u00e9e du Vicdessos\"},{\"@type\":\"BreadcrumbList\",\"@id\":\"https:\/\/speleo-canyon-ariege.com\/product\/canyon-souterrain-vicdessos\/#breadcrumb\",\"itemListElement\":[{\"@type\":\"ListItem\",\"position\":1,\"name\":\"Accueil\",\"item\":\"https:\/\/speleo-canyon-ariege.com\/\"},{\"@type\":\"ListItem\",\"position\":2,\"name\":\"Shop\",\"item\":\"https:\/\/speleo-canyon-ariege.com\/shop\/\"},{\"@type\":\"ListItem\",\"position\":3,\"name\":\"Canyon Souterrain du Vicdessos\"}]},{\"@type\":\"WebSite\",\"@id\":\"https:\/\/speleo-canyon-ariege.com\/#website\",\"url\":\"https:\/\/speleo-canyon-ariege.com\/\",\"name\":\"speleo-canyon-ariege.com\",\"description\":\"\",\"potentialAction\":[{\"@type\":\"SearchAction\",\"target\":{\"@type\":\"EntryPoint\",\"urlTemplate\":\"https:\/\/speleo-canyon-ariege.com\/?s={search_term_string}\"},\"query-input\":{\"@type\":\"PropertyValueSpecification\",\"valueRequired\":true,\"valueName\":\"search_term_string\"}}],\"inLanguage\":\"en-GB\"}]}<\/script>\n<!-- \/ Yoast SEO Premium plugin. -->","yoast_head_json":{"title":"Canyon Souterrain du Vicdessos - speleo-canyon-ariege.com","description":"D\u00e9couvrez une aventure unique avec notre parcours d\u00e9butant de sp\u00e9l\u00e9ologie \u00e0 Speleo Canyon Ariege. Cette sortie sportive et ludique vous initiera aux techniques de progression souterraines et aux m\u00e9thodes d\u2019exploration et d'orientation. C'est un v\u00e9ritable petit canyon souterrain agr\u00e9ment\u00e9 de petites descentes en rappel et de passage techniques vari\u00e9s... Mais surtout un final aquatique entrecoup\u00e9 de toboggans dont vous vous souviendrez longtemps. Une exploration sp\u00e9l\u00e9o sportive et ludique !","robots":{"index":"index","follow":"follow","max-snippet":"max-snippet:-1","max-image-preview":"max-image-preview:large","max-video-preview":"max-video-preview:-1"},"canonical":"https:\/\/speleo-canyon-ariege.com\/en\/product\/canyon-souterrain-vicdessos\/","og_locale":"en_GB","og_type":"article","og_title":"Canyon Souterrain du Vicdessos","og_description":"D\u00e9couvrez une aventure unique avec notre parcours d\u00e9butant de sp\u00e9l\u00e9ologie \u00e0 Speleo Canyon Ariege. Cette sortie sportive et ludique vous initiera aux techniques de progression souterraines et aux m\u00e9thodes d\u2019exploration et d'orientation. C'est un v\u00e9ritable petit canyon souterrain agr\u00e9ment\u00e9 de petites descentes en rappel et de passage techniques vari\u00e9s... Mais surtout un final aquatique entrecoup\u00e9 de toboggans dont vous vous souviendrez longtemps. Une exploration sp\u00e9l\u00e9o sportive et ludique !","og_url":"https:\/\/speleo-canyon-ariege.com\/en\/product\/canyon-souterrain-vicdessos\/","og_site_name":"speleo-canyon-ariege.com","article_modified_time":"2026-04-01T13:08:52+00:00","og_image":[{"width":1600,"height":1067,"url":"https:\/\/speleo-canyon-ariege.com\/wp-content\/uploads\/2025\/07\/canyon-souterrain-speleogie-aventure-ariege-traversee-vicdessos-1600x1067-1.webp","type":"image\/webp"}],"twitter_card":"summary_large_image","twitter_misc":{"Estimated reading time":"2 minutes"},"schema":{"@context":"https:\/\/schema.org","@graph":[{"@type":"WebPage","@id":"https:\/\/speleo-canyon-ariege.com\/product\/canyon-souterrain-vicdessos\/","url":"https:\/\/speleo-canyon-ariege.com\/product\/canyon-souterrain-vicdessos\/","name":"Canyon Souterrain du Vicdessos - speleo-canyon-ariege.com","isPartOf":{"@id":"https:\/\/speleo-canyon-ariege.com\/#website"},"primaryImageOfPage":{"@id":"https:\/\/speleo-canyon-ariege.com\/product\/canyon-souterrain-vicdessos\/#primaryimage"},"image":{"@id":"https:\/\/speleo-canyon-ariege.com\/product\/canyon-souterrain-vicdessos\/#primaryimage"},"thumbnailUrl":"https:\/\/speleo-canyon-ariege.com\/wp-content\/uploads\/2025\/07\/canyon-souterrain-speleogie-aventure-ariege-traversee-vicdessos-1600x1067-1.webp","datePublished":"2025-01-13T08:43:44+00:00","dateModified":"2026-04-01T13:08:52+00:00","description":"D\u00e9couvrez une aventure unique avec notre parcours d\u00e9butant de sp\u00e9l\u00e9ologie \u00e0 Speleo Canyon Ariege. Cette sortie sportive et ludique vous initiera aux techniques de progression souterraines et aux m\u00e9thodes d\u2019exploration et d'orientation. C'est un v\u00e9ritable petit canyon souterrain agr\u00e9ment\u00e9 de petites descentes en rappel et de passage techniques vari\u00e9s... Mais surtout un final aquatique entrecoup\u00e9 de toboggans dont vous vous souviendrez longtemps. Une exploration sp\u00e9l\u00e9o sportive et ludique !","breadcrumb":{"@id":"https:\/\/speleo-canyon-ariege.com\/product\/canyon-souterrain-vicdessos\/#breadcrumb"},"inLanguage":"en-GB","potentialAction":[{"@type":"ReadAction","target":["https:\/\/speleo-canyon-ariege.com\/product\/canyon-souterrain-vicdessos\/"]}]},{"@type":"ImageObject","inLanguage":"en-GB","@id":"https:\/\/speleo-canyon-ariege.com\/product\/canyon-souterrain-vicdessos\/#primaryimage","url":"https:\/\/speleo-canyon-ariege.com\/wp-content\/uploads\/2025\/07\/canyon-souterrain-speleogie-aventure-ariege-traversee-vicdessos-1600x1067-1.webp","contentUrl":"https:\/\/speleo-canyon-ariege.com\/wp-content\/uploads\/2025\/07\/canyon-souterrain-speleogie-aventure-ariege-traversee-vicdessos-1600x1067-1.webp","width":1600,"height":1067,"caption":"Canyon souterrain, sp\u00e9l\u00e9ologie aventure en Ari\u00e8ge, travers\u00e9e du Vicdessos"},{"@type":"BreadcrumbList","@id":"https:\/\/speleo-canyon-ariege.com\/product\/canyon-souterrain-vicdessos\/#breadcrumb","itemListElement":[{"@type":"ListItem","position":1,"name":"Accueil","item":"https:\/\/speleo-canyon-ariege.com\/"},{"@type":"ListItem","position":2,"name":"Shop","item":"https:\/\/speleo-canyon-ariege.com\/shop\/"},{"@type":"ListItem","position":3,"name":"Canyon Souterrain du Vicdessos"}]},{"@type":"WebSite","@id":"https:\/\/speleo-canyon-ariege.com\/#website","url":"https:\/\/speleo-canyon-ariege.com\/","name":"speleo-canyon-ariege.com","description":"","potentialAction":[{"@type":"SearchAction","target":{"@type":"EntryPoint","urlTemplate":"https:\/\/speleo-canyon-ariege.com\/?s={search_term_string}"},"query-input":{"@type":"PropertyValueSpecification","valueRequired":true,"valueName":"search_term_string"}}],"inLanguage":"en-GB"}]}},"_links":{"self":[{"href":"https:\/\/speleo-canyon-ariege.com\/en\/wp-json\/wp\/v2\/product\/2371","targetHints":{"allow":["GET"]}}],"collection":[{"href":"https:\/\/speleo-canyon-ariege.com\/en\/wp-json\/wp\/v2\/product"}],"about":[{"href":"https:\/\/speleo-canyon-ariege.com\/en\/wp-json\/wp\/v2\/types\/product"}],"wp:featuredmedia":[{"embeddable":true,"href":"https:\/\/speleo-canyon-ariege.com\/en\/wp-json\/wp\/v2\/media\/3974"}],"wp:attachment":[{"href":"https:\/\/speleo-canyon-ariege.com\/en\/wp-json\/wp\/v2\/media?parent=2371"}],"wp:term":[{"taxonomy":"product_brand","embeddable":true,"href":"https:\/\/speleo-canyon-ariege.com\/en\/wp-json\/wp\/v2\/product_brand?post=2371"},{"taxonomy":"product_cat","embeddable":true,"href":"https:\/\/speleo-canyon-ariege.com\/en\/wp-json\/wp\/v2\/product_cat?post=2371"},{"taxonomy":"product_tag","embeddable":true,"href":"https:\/\/speleo-canyon-ariege.com\/en\/wp-json\/wp\/v2\/product_tag?post=2371"}],"curies":[{"name":"wp","href":"https:\/\/api.w.org\/{rel}","templated":true}]}}