{"id":2370,"date":"2025-01-13T08:43:44","date_gmt":"2025-01-13T08:43:44","guid":{"rendered":"https:\/\/speleo-canyon-ariege.com\/?post_type=product&#038;p=2370"},"modified":"2026-04-01T13:05:12","modified_gmt":"2026-04-01T13:05:12","slug":"initiation-horizontale","status":"publish","type":"product","link":"https:\/\/speleo-canyon-ariege.com\/en\/product\/initiation-horizontale\/","title":{"rendered":"Horizontal Initiation - Cave of Siech"},"content":{"rendered":"<div class=\"row limit-width row-parent\" data-imgready=\"true\">\n<div class=\"wpb_row row-inner\">\n<div class=\"wpb_column pos-top pos-center align_left column_parent col-lg-3 boomapps_vccolumn single-internal-gutter\">\n<div class=\"uncol style-light\">\n<div class=\"uncoltable\">\n<div class=\"uncell boomapps_vccolumn no-block-padding\">\n<div class=\"uncont\">\n<div class=\"uncode-single-media text-left\">\n<div class=\"single-wrapper\" style=\"max-width: 100%;\">\n<div class=\"tmb tmb-light tmb-media-first tmb-media-last tmb-content-overlay tmb-no-bg\">\n<div class=\"t-inside\">\n<div class=\"t-entry-visual\">\n<div class=\"t-entry-visual-tc\">\n<div class=\"uncode-single-media-wrapper\"><img loading=\"lazy\" decoding=\"async\" src=\"https:\/\/speleo-canyon-ariege.com\/wp-content\/uploads\/2025\/07\/cotation-grotte-siech-ariege.webp\" alt=\"\" width=\"154\" height=\"300\" \/><\/div>\n<\/div>\n<\/div>\n<\/div>\n<\/div>\n<\/div>\n<\/div>\n<\/div>\n<\/div>\n<\/div>\n<\/div>\n<\/div>\n<div class=\"wpb_column pos-top pos-center align_left column_parent col-lg-6 boomapps_vccolumn single-internal-gutter\">\n<div class=\"uncol style-light\">\n<div class=\"uncoltable\">\n<div class=\"uncell boomapps_vccolumn no-block-padding\">\n<div class=\"uncont\">\n<div class=\"vc_custom_heading_wrap\">\n<div class=\"heading-text el-text\">\n<h2 class=\"h2\"><span class=\"font-188799\">Horizontal Initiation<\/span><\/h2>\n<\/div>\n<div class=\"clear\"><\/div>\n<\/div>\n<div class=\"uncode_text_column\">\n<p class=\"\" data-start=\"251\" data-end=\"444\">Want an <strong data-start=\"263\" data-end=\"305\">easy and magical underground adventure?<\/strong><br data-start=\"307\" data-end=\"310\" \/>We take you to the <strong data-start=\"328\" data-end=\"347\">Siech cave<\/strong>, an <strong data-start=\"353\" data-end=\"394\">introduction to caving in Ari\u00e8ge<\/strong> ideal for <strong data-start=\"411\" data-end=\"423\">family<\/strong> and <strong data-start=\"431\" data-end=\"442\">curious people<\/strong> ! Pas de passage trop \u00e9troit et loin des clich\u00e9s!<\/p>\n<p class=\"\" data-start=\"446\" data-end=\"465\">On the program:<\/p>\n<p class=\"\" data-start=\"468\" data-end=\"504\">&gt; Underground walk without narrowing<\/p>\n<p class=\"\" data-start=\"507\" data-end=\"594\">&gt; Discovery of <strong data-start=\"522\" data-end=\"537\">stalactites<\/strong>, <strong data-start=\"539\" data-end=\"554\">stalagmites<\/strong>, <strong data-start=\"556\" data-end=\"569\">draperies<\/strong> et autres merveilles souterraines!<\/p>\n<p data-start=\"507\" data-end=\"594\">&gt; Exploration d'un <strong>ruisseau souterrain<\/strong> qui a \u00e9rod\u00e9 la roche et offrant un relief unique<\/p>\n<p class=\"\" data-start=\"597\" data-end=\"654\">&gt; Immersion in a <strong data-start=\"623\" data-end=\"652\">preserved and prehistoric universe, <\/strong>some <strong data-start=\"623\" data-end=\"652\">nice surprises<\/strong> are waiting for you...<\/p>\n<p class=\"\" data-start=\"657\" data-end=\"732\">&gt; Learning the basics of <strong data-start=\"687\" data-end=\"732\">progression and orientation in the cave<\/strong><\/p>\n<p class=\"\" data-start=\"734\" data-end=\"849\">No need to be a pro adventurer: here, you will explore gently, <strong data-start=\"800\" data-end=\"815\">in security<\/strong> and always <strong data-start=\"828\" data-end=\"847\">with the smile<\/strong> !<\/p>\n<p class=\"\" data-start=\"851\" data-end=\"975\">A fun, educational and memorable experience for young and old.<br data-start=\"925\" data-end=\"928\" \/>So, ready to go underground with us?<\/p>\n<p style=\"text-align: center;\"><em><strong>&gt;&gt; <a href=\"https:\/\/speleo-canyon-ariege.com\/en\/product\/speleo-by-night\/\">Clique ici<\/a>\u00a0 pour en savoir plus sur l'exp\u00e9rience \"<a href=\"https:\/\/speleo-canyon-ariege.com\/en\/product\/speleo-by-night\/\">Sp\u00e9l\u00e9o By Night\"<\/a>? Une sortie en soir\u00e9e r\u00e9serv\u00e9e avec votre team! <\/strong><\/em>(R\u00e9serv\u00e9 aux +14 ans)<\/p>\n<\/div>\n<\/div>\n<\/div>\n<\/div>\n<\/div>\n<\/div>\n<div class=\"wpb_column pos-top pos-center align_center column_parent col-lg-3 boomapps_vccolumn single-internal-gutter\">\n<div class=\"uncol style-light\">\n<div class=\"uncoltable\">\n<div class=\"uncell boomapps_vccolumn no-block-padding\">\n<div class=\"uncont\">\n<div class=\"uncode-single-media text-left\">\n<div class=\"single-wrapper\" style=\"max-width: 100%;\">\n<div class=\"tmb tmb-light tmb-media-first tmb-media-last tmb-content-overlay tmb-no-bg\">\n<div class=\"t-inside\">\n<div class=\"t-entry-visual\">\n<div class=\"t-entry-visual-tc\">\n<div class=\"uncode-single-media-wrapper\"><img loading=\"lazy\" decoding=\"async\" src=\"https:\/\/speleo-canyon-ariege.com\/wp-content\/uploads\/2025\/07\/topo-grotte-siech-ariege.webp\" alt=\"\" width=\"453\" height=\"600\" \/><\/div>\n<\/div>\n<\/div>\n<\/div>\n<\/div>\n<\/div>\n<\/div>\n<\/div>\n<\/div>\n<\/div>\n<\/div>\n<\/div>\n<p><script id=\"script-194991\" data-row=\"script-194991\" type=\"text\/javascript\" class=\"vc_controls\">UNCODE.initRow(document.getElementById(\"script-194991\"));<\/script><\/p>\n<\/div>\n<\/div>","protected":false},"excerpt":{"rendered":"<p><strong>Cave of Siech<\/strong>, located near Saurat, a few km from Tarascon sur Ari\u00e8ge, is <strong>an easy cave<\/strong> allowing <strong>to discover caving with your family, children or friends<\/strong>. C'est un <strong>lieu pr\u00e9serv\u00e9<\/strong> qui vous r\u00e9serve une <strong>magnifique exploration<\/strong>. Une initiation sp\u00e9l\u00e9o adapt\u00e9e \u00e0 tous et un <strong>total change of scenery guaranteed<\/strong> !<\/p>\n<p><strong>Group price<\/strong> : 364 \u20ac (8 pers. maxi)<\/p>\n<p><strong>Included in the price<\/strong> : Reception, guiding, equipment, insurance.<\/p>\n<p style=\"text-align: center;\"><em><strong>Tente aussi &gt;&gt; l'exp\u00e9rience \"<a href=\"https:\/\/speleo-canyon-ariege.com\/en\/product\/speleo-by-night\/\">Sp\u00e9l\u00e9o By Night\"<\/a><\/strong><\/em><\/p>\n<h3 style=\"text-align: center;\"><\/h3>","protected":false},"featured_media":3973,"template":"","meta":{"_acf_changed":false},"product_brand":[],"product_cat":[200],"product_tag":[],"class_list":{"0":"post-2370","1":"product","2":"type-product","3":"status-publish","4":"has-post-thumbnail","6":"product_cat-speleologie","8":"first","9":"instock","10":"purchasable","11":"product-type-simple"},"acf":[],"yoast_head":"<!-- This site is optimized with the Yoast SEO Premium plugin v24.3 (Yoast SEO v24.7) - https:\/\/yoast.com\/wordpress\/plugins\/seo\/ -->\n<title>Initiation Horizontale - Grotte de Siech - speleo-canyon-ariege.com<\/title>\n<meta name=\"description\" content=\"Cette initiation \u00e0 la sp\u00e9l\u00e9ologie en Ari\u00e8ge permet de d\u00e9couvrir toute la richesse, la beaut\u00e9 et la\u00a0vari\u00e9t\u00e9 du milieu souterrain. Cette sortie est une d\u00e9couverte sp\u00e9l\u00e9o ludique et\u00a0p\u00e9dagogique. Une aventure unique en famille ou entre amis.\" \/>\n<meta name=\"robots\" content=\"index, follow, max-snippet:-1, max-image-preview:large, max-video-preview:-1\" \/>\n<link rel=\"canonical\" href=\"https:\/\/speleo-canyon-ariege.com\/en\/product\/initiation-horizontale\/\" \/>\n<meta property=\"og:locale\" content=\"en_GB\" \/>\n<meta property=\"og:type\" content=\"article\" \/>\n<meta property=\"og:title\" content=\"Initiation Horizontale - Grotte de Siech\" \/>\n<meta property=\"og:description\" content=\"Cette initiation \u00e0 la sp\u00e9l\u00e9ologie en Ari\u00e8ge permet de d\u00e9couvrir toute la richesse, la beaut\u00e9 et la\u00a0vari\u00e9t\u00e9 du milieu souterrain. Cette sortie est une d\u00e9couverte sp\u00e9l\u00e9o ludique et\u00a0p\u00e9dagogique. Une aventure unique en famille ou entre amis.\" \/>\n<meta property=\"og:url\" content=\"https:\/\/speleo-canyon-ariege.com\/en\/product\/initiation-horizontale\/\" \/>\n<meta property=\"og:site_name\" content=\"speleo-canyon-ariege.com\" \/>\n<meta property=\"article:modified_time\" content=\"2026-04-01T13:05:12+00:00\" \/>\n<meta property=\"og:image\" content=\"https:\/\/speleo-canyon-ariege.com\/wp-content\/uploads\/2025\/07\/grotte-siech-initiation-speleo-famille-ariege-1600x1200-1.webp\" \/>\n\t<meta property=\"og:image:width\" content=\"1600\" \/>\n\t<meta property=\"og:image:height\" content=\"1200\" \/>\n\t<meta property=\"og:image:type\" content=\"image\/webp\" \/>\n<meta name=\"twitter:card\" content=\"summary_large_image\" \/>\n<meta name=\"twitter:label1\" content=\"Estimated reading time\" \/>\n\t<meta name=\"twitter:data1\" content=\"2 minutes\" \/>\n<script type=\"application\/ld+json\" class=\"yoast-schema-graph\">{\"@context\":\"https:\/\/schema.org\",\"@graph\":[{\"@type\":\"WebPage\",\"@id\":\"https:\/\/speleo-canyon-ariege.com\/product\/initiation-horizontale\/\",\"url\":\"https:\/\/speleo-canyon-ariege.com\/product\/initiation-horizontale\/\",\"name\":\"Initiation Horizontale - Grotte de Siech - speleo-canyon-ariege.com\",\"isPartOf\":{\"@id\":\"https:\/\/speleo-canyon-ariege.com\/#website\"},\"primaryImageOfPage\":{\"@id\":\"https:\/\/speleo-canyon-ariege.com\/product\/initiation-horizontale\/#primaryimage\"},\"image\":{\"@id\":\"https:\/\/speleo-canyon-ariege.com\/product\/initiation-horizontale\/#primaryimage\"},\"thumbnailUrl\":\"https:\/\/speleo-canyon-ariege.com\/wp-content\/uploads\/2025\/07\/grotte-siech-initiation-speleo-famille-ariege-1600x1200-1.webp\",\"datePublished\":\"2025-01-13T08:43:44+00:00\",\"dateModified\":\"2026-04-01T13:05:12+00:00\",\"description\":\"Cette initiation \u00e0 la sp\u00e9l\u00e9ologie en Ari\u00e8ge permet de d\u00e9couvrir toute la richesse, la beaut\u00e9 et la\u00a0vari\u00e9t\u00e9 du milieu souterrain. Cette sortie est une d\u00e9couverte sp\u00e9l\u00e9o ludique et\u00a0p\u00e9dagogique. Une aventure unique en famille ou entre amis.\",\"breadcrumb\":{\"@id\":\"https:\/\/speleo-canyon-ariege.com\/product\/initiation-horizontale\/#breadcrumb\"},\"inLanguage\":\"en-GB\",\"potentialAction\":[{\"@type\":\"ReadAction\",\"target\":[\"https:\/\/speleo-canyon-ariege.com\/product\/initiation-horizontale\/\"]}]},{\"@type\":\"ImageObject\",\"inLanguage\":\"en-GB\",\"@id\":\"https:\/\/speleo-canyon-ariege.com\/product\/initiation-horizontale\/#primaryimage\",\"url\":\"https:\/\/speleo-canyon-ariege.com\/wp-content\/uploads\/2025\/07\/grotte-siech-initiation-speleo-famille-ariege-1600x1200-1.webp\",\"contentUrl\":\"https:\/\/speleo-canyon-ariege.com\/wp-content\/uploads\/2025\/07\/grotte-siech-initiation-speleo-famille-ariege-1600x1200-1.webp\",\"width\":1600,\"height\":1200,\"caption\":\"Grotte de Siech, initiation \u00e0 la sp\u00e9l\u00e9ologie en famille en Ari\u00e8ge\"},{\"@type\":\"BreadcrumbList\",\"@id\":\"https:\/\/speleo-canyon-ariege.com\/product\/initiation-horizontale\/#breadcrumb\",\"itemListElement\":[{\"@type\":\"ListItem\",\"position\":1,\"name\":\"Accueil\",\"item\":\"https:\/\/speleo-canyon-ariege.com\/\"},{\"@type\":\"ListItem\",\"position\":2,\"name\":\"Shop\",\"item\":\"https:\/\/speleo-canyon-ariege.com\/shop\/\"},{\"@type\":\"ListItem\",\"position\":3,\"name\":\"Initiation Horizontale - Grotte de Siech\"}]},{\"@type\":\"WebSite\",\"@id\":\"https:\/\/speleo-canyon-ariege.com\/#website\",\"url\":\"https:\/\/speleo-canyon-ariege.com\/\",\"name\":\"speleo-canyon-ariege.com\",\"description\":\"\",\"potentialAction\":[{\"@type\":\"SearchAction\",\"target\":{\"@type\":\"EntryPoint\",\"urlTemplate\":\"https:\/\/speleo-canyon-ariege.com\/?s={search_term_string}\"},\"query-input\":{\"@type\":\"PropertyValueSpecification\",\"valueRequired\":true,\"valueName\":\"search_term_string\"}}],\"inLanguage\":\"en-GB\"}]}<\/script>\n<!-- \/ Yoast SEO Premium plugin. -->","yoast_head_json":{"title":"Initiation Horizontale - Grotte de Siech - speleo-canyon-ariege.com","description":"Cette initiation \u00e0 la sp\u00e9l\u00e9ologie en Ari\u00e8ge permet de d\u00e9couvrir toute la richesse, la beaut\u00e9 et la\u00a0vari\u00e9t\u00e9 du milieu souterrain. Cette sortie est une d\u00e9couverte sp\u00e9l\u00e9o ludique et\u00a0p\u00e9dagogique. Une aventure unique en famille ou entre amis.","robots":{"index":"index","follow":"follow","max-snippet":"max-snippet:-1","max-image-preview":"max-image-preview:large","max-video-preview":"max-video-preview:-1"},"canonical":"https:\/\/speleo-canyon-ariege.com\/en\/product\/initiation-horizontale\/","og_locale":"en_GB","og_type":"article","og_title":"Initiation Horizontale - Grotte de Siech","og_description":"Cette initiation \u00e0 la sp\u00e9l\u00e9ologie en Ari\u00e8ge permet de d\u00e9couvrir toute la richesse, la beaut\u00e9 et la\u00a0vari\u00e9t\u00e9 du milieu souterrain. Cette sortie est une d\u00e9couverte sp\u00e9l\u00e9o ludique et\u00a0p\u00e9dagogique. Une aventure unique en famille ou entre amis.","og_url":"https:\/\/speleo-canyon-ariege.com\/en\/product\/initiation-horizontale\/","og_site_name":"speleo-canyon-ariege.com","article_modified_time":"2026-04-01T13:05:12+00:00","og_image":[{"width":1600,"height":1200,"url":"https:\/\/speleo-canyon-ariege.com\/wp-content\/uploads\/2025\/07\/grotte-siech-initiation-speleo-famille-ariege-1600x1200-1.webp","type":"image\/webp"}],"twitter_card":"summary_large_image","twitter_misc":{"Estimated reading time":"2 minutes"},"schema":{"@context":"https:\/\/schema.org","@graph":[{"@type":"WebPage","@id":"https:\/\/speleo-canyon-ariege.com\/product\/initiation-horizontale\/","url":"https:\/\/speleo-canyon-ariege.com\/product\/initiation-horizontale\/","name":"Initiation Horizontale - Grotte de Siech - speleo-canyon-ariege.com","isPartOf":{"@id":"https:\/\/speleo-canyon-ariege.com\/#website"},"primaryImageOfPage":{"@id":"https:\/\/speleo-canyon-ariege.com\/product\/initiation-horizontale\/#primaryimage"},"image":{"@id":"https:\/\/speleo-canyon-ariege.com\/product\/initiation-horizontale\/#primaryimage"},"thumbnailUrl":"https:\/\/speleo-canyon-ariege.com\/wp-content\/uploads\/2025\/07\/grotte-siech-initiation-speleo-famille-ariege-1600x1200-1.webp","datePublished":"2025-01-13T08:43:44+00:00","dateModified":"2026-04-01T13:05:12+00:00","description":"Cette initiation \u00e0 la sp\u00e9l\u00e9ologie en Ari\u00e8ge permet de d\u00e9couvrir toute la richesse, la beaut\u00e9 et la\u00a0vari\u00e9t\u00e9 du milieu souterrain. Cette sortie est une d\u00e9couverte sp\u00e9l\u00e9o ludique et\u00a0p\u00e9dagogique. Une aventure unique en famille ou entre amis.","breadcrumb":{"@id":"https:\/\/speleo-canyon-ariege.com\/product\/initiation-horizontale\/#breadcrumb"},"inLanguage":"en-GB","potentialAction":[{"@type":"ReadAction","target":["https:\/\/speleo-canyon-ariege.com\/product\/initiation-horizontale\/"]}]},{"@type":"ImageObject","inLanguage":"en-GB","@id":"https:\/\/speleo-canyon-ariege.com\/product\/initiation-horizontale\/#primaryimage","url":"https:\/\/speleo-canyon-ariege.com\/wp-content\/uploads\/2025\/07\/grotte-siech-initiation-speleo-famille-ariege-1600x1200-1.webp","contentUrl":"https:\/\/speleo-canyon-ariege.com\/wp-content\/uploads\/2025\/07\/grotte-siech-initiation-speleo-famille-ariege-1600x1200-1.webp","width":1600,"height":1200,"caption":"Grotte de Siech, initiation \u00e0 la sp\u00e9l\u00e9ologie en famille en Ari\u00e8ge"},{"@type":"BreadcrumbList","@id":"https:\/\/speleo-canyon-ariege.com\/product\/initiation-horizontale\/#breadcrumb","itemListElement":[{"@type":"ListItem","position":1,"name":"Accueil","item":"https:\/\/speleo-canyon-ariege.com\/"},{"@type":"ListItem","position":2,"name":"Shop","item":"https:\/\/speleo-canyon-ariege.com\/shop\/"},{"@type":"ListItem","position":3,"name":"Initiation Horizontale - Grotte de Siech"}]},{"@type":"WebSite","@id":"https:\/\/speleo-canyon-ariege.com\/#website","url":"https:\/\/speleo-canyon-ariege.com\/","name":"speleo-canyon-ariege.com","description":"","potentialAction":[{"@type":"SearchAction","target":{"@type":"EntryPoint","urlTemplate":"https:\/\/speleo-canyon-ariege.com\/?s={search_term_string}"},"query-input":{"@type":"PropertyValueSpecification","valueRequired":true,"valueName":"search_term_string"}}],"inLanguage":"en-GB"}]}},"_links":{"self":[{"href":"https:\/\/speleo-canyon-ariege.com\/en\/wp-json\/wp\/v2\/product\/2370","targetHints":{"allow":["GET"]}}],"collection":[{"href":"https:\/\/speleo-canyon-ariege.com\/en\/wp-json\/wp\/v2\/product"}],"about":[{"href":"https:\/\/speleo-canyon-ariege.com\/en\/wp-json\/wp\/v2\/types\/product"}],"wp:featuredmedia":[{"embeddable":true,"href":"https:\/\/speleo-canyon-ariege.com\/en\/wp-json\/wp\/v2\/media\/3973"}],"wp:attachment":[{"href":"https:\/\/speleo-canyon-ariege.com\/en\/wp-json\/wp\/v2\/media?parent=2370"}],"wp:term":[{"taxonomy":"product_brand","embeddable":true,"href":"https:\/\/speleo-canyon-ariege.com\/en\/wp-json\/wp\/v2\/product_brand?post=2370"},{"taxonomy":"product_cat","embeddable":true,"href":"https:\/\/speleo-canyon-ariege.com\/en\/wp-json\/wp\/v2\/product_cat?post=2370"},{"taxonomy":"product_tag","embeddable":true,"href":"https:\/\/speleo-canyon-ariege.com\/en\/wp-json\/wp\/v2\/product_tag?post=2370"}],"curies":[{"name":"wp","href":"https:\/\/api.w.org\/{rel}","templated":true}]}}