{"id":2369,"date":"2025-01-13T08:43:44","date_gmt":"2025-01-13T08:43:44","guid":{"rendered":"https:\/\/speleo-canyon-ariege.com\/?post_type=product&#038;p=2369"},"modified":"2026-03-30T09:29:58","modified_gmt":"2026-03-30T09:29:58","slug":"canyon-destat","status":"publish","type":"product","link":"https:\/\/speleo-canyon-ariege.com\/en\/product\/canyon-destat\/","title":{"rendered":"Estat Canyon"},"content":{"rendered":"<div class=\"row limit-width row-parent\" data-imgready=\"true\">\n<div class=\"wpb_row row-inner\">\n<div class=\"wpb_column pos-top pos-center align_left column_parent col-lg-3 boomapps_vccolumn single-internal-gutter\">\n<div class=\"uncol style-light\">\n<div class=\"uncoltable\">\n<div class=\"uncell boomapps_vccolumn no-block-padding\">\n<div class=\"uncont\">\n<div class=\"uncode-single-media text-left\">\n<div class=\"single-wrapper\" style=\"max-width: 80%;\">\n<div class=\"tmb tmb-light tmb-media-first tmb-media-last tmb-content-overlay tmb-no-bg\">\n<div class=\"t-inside\">\n<div class=\"t-entry-visual\">\n<div class=\"t-entry-visual-tc\">\n<div class=\"uncode-single-media-wrapper\"><img loading=\"lazy\" decoding=\"async\" src=\"https:\/\/speleo-canyon-ariege.com\/wp-content\/uploads\/2025\/07\/cotation-canyon-estat-inferieur-ariege.webp\" alt=\"\" width=\"154\" height=\"300\" \/><\/div>\n<\/div>\n<\/div>\n<\/div>\n<\/div>\n<\/div>\n<\/div>\n<\/div>\n<\/div>\n<\/div>\n<\/div>\n<\/div>\n<div class=\"wpb_column pos-top pos-center align_left column_parent col-lg-6 boomapps_vccolumn single-internal-gutter\">\n<div class=\"uncol style-light\">\n<div class=\"uncoltable\">\n<div class=\"uncell boomapps_vccolumn no-block-padding\">\n<div class=\"uncont\">\n<div class=\"vc_custom_heading_wrap\">\n<div class=\"heading-text el-text\">\n<h2 class=\"h2\"><span class=\"font-188799\">Estat Canyon<\/span><\/h2>\n<\/div>\n<div class=\"clear\"><\/div>\n<\/div>\n<div class=\"uncode_text_column\">\n<p>This large-scale, very vertical route offers sumptuous views of the Artigue canyon located below and the Pique Rouge de Bassi\u00e8s (2676m) which dominates it, all in a pure high mountain atmosphere. We suggest you descend the lower part of this long canyon. This part is the most interesting with slides, a large number of abseils and a large 50m waterfall. This descent is done in a day in 8 hours! Thanks to precise teaching, the lower Estat canyon is ideal for improving canyoning and for learning rope and team progression techniques. Completely re-equipped by us, it is one of our favorite canyons to train our professional trainees on the integral part and to perfect their rope techniques during our Universal Canyoning Academy training courses.<\/p>\n<p>Experience a unique adventure for yourself!<\/p>\n<\/div>\n<\/div>\n<\/div>\n<\/div>\n<\/div>\n<\/div>\n<div class=\"wpb_column pos-top pos-center align_center column_parent col-lg-3 boomapps_vccolumn single-internal-gutter\">\n<div class=\"uncol style-light\">\n<div class=\"uncoltable\">\n<div class=\"uncell boomapps_vccolumn no-block-padding\">\n<div class=\"uncont\">\n<div class=\"uncode-single-media text-left\">\n<div class=\"single-wrapper\" style=\"max-width: 100%;\">\n<div class=\"tmb tmb-light tmb-media-first tmb-media-last tmb-content-overlay tmb-no-bg\">\n<div class=\"t-inside\">\n<div class=\"t-entry-visual\">\n<div class=\"t-entry-visual-tc\">\n<div class=\"uncode-single-media-wrapper\"><img loading=\"lazy\" decoding=\"async\" src=\"https:\/\/speleo-canyon-ariege.com\/wp-content\/uploads\/2025\/07\/topo-canyon-estat-inferieur-ariege.webp\" alt=\"\" width=\"429\" height=\"600\" \/><\/div>\n<\/div>\n<\/div>\n<\/div>\n<\/div>\n<\/div>\n<\/div>\n<\/div>\n<\/div>\n<\/div>\n<\/div>\n<\/div>\n<p><script id=\"script-134589\" data-row=\"script-134589\" type=\"text\/javascript\" class=\"vc_controls\">UNCODE.initRow(document.getElementById(\"script-134589\"));<\/script><\/p>\n<\/div>\n<\/div>","protected":false},"excerpt":{"rendered":"<p>The Estat Canyon is the largest and most magnificent canyon in the valley. This superb, sporty and technical canyon is located at the foot of the famous Ari\u00e8ge peak: the \"Montcalm\" (3077m), deep in the Vicdessos Valley. It is a large, sporty and luminous canyon, perfectly exposed to the sun, always enhanced by a beautiful flow, which offers an uninterrupted series of varied waterfalls and beautiful slides.<\/p>\n<p><strong>Group price<\/strong> : 6 pers. maxi: 564\u20ac - Tarif indiv d\u00e9gressif selon effectif du groupe (nous consulter)<\/p>\n<p><strong>Included in the price<\/strong> : Reception, supervision, complete equipment with professional shoes and canyoning descender.<\/p>","protected":false},"featured_media":3971,"template":"","meta":{"_acf_changed":false},"product_brand":[],"product_cat":[198],"product_tag":[],"class_list":{"0":"post-2369","1":"product","2":"type-product","3":"status-publish","4":"has-post-thumbnail","6":"product_cat-non-classe","8":"first","9":"instock","10":"purchasable","11":"product-type-simple"},"acf":[],"yoast_head":"<!-- This site is optimized with the Yoast SEO Premium plugin v24.3 (Yoast SEO v24.7) - https:\/\/yoast.com\/wordpress\/plugins\/seo\/ -->\n<title>Canyon d&#039;Estat - speleo-canyon-ariege.com<\/title>\n<meta name=\"description\" content=\"Le canyon d&#039;Estat est le plus gros et le plus grandiose canyon de la vall\u00e9e. Ce\u00a0superbe canyon sportif et technique est situ\u00e9 au pied du c\u00e9l\u00e8bre sommet\u00a0ari\u00e9geois : le \u00abMontcalm\u00bb (3077m), au plus profond de la vall\u00e9e de Vicdessos.\u00a0C\u2019est un grand canyon sportif et lumineux, parfaitement expos\u00e9 au soleil,\u00a0toujours agr\u00e9ment\u00e9 d\u2019un beau d\u00e9bit, qui offre un encha\u00eenement ininterrompu de\u00a0cascades vari\u00e9es et de beaux toboggans.\" \/>\n<meta name=\"robots\" content=\"index, follow, max-snippet:-1, max-image-preview:large, max-video-preview:-1\" \/>\n<link rel=\"canonical\" href=\"https:\/\/speleo-canyon-ariege.com\/en\/product\/canyon-destat\/\" \/>\n<meta property=\"og:locale\" content=\"en_GB\" \/>\n<meta property=\"og:type\" content=\"article\" \/>\n<meta property=\"og:title\" content=\"Canyon d&#039;Estat\" \/>\n<meta property=\"og:description\" content=\"Le canyon d&#039;Estat est le plus gros et le plus grandiose canyon de la vall\u00e9e. Ce\u00a0superbe canyon sportif et technique est situ\u00e9 au pied du c\u00e9l\u00e8bre sommet\u00a0ari\u00e9geois : le \u00abMontcalm\u00bb (3077m), au plus profond de la vall\u00e9e de Vicdessos.\u00a0C\u2019est un grand canyon sportif et lumineux, parfaitement expos\u00e9 au soleil,\u00a0toujours agr\u00e9ment\u00e9 d\u2019un beau d\u00e9bit, qui offre un encha\u00eenement ininterrompu de\u00a0cascades vari\u00e9es et de beaux toboggans.\" \/>\n<meta property=\"og:url\" content=\"https:\/\/speleo-canyon-ariege.com\/en\/product\/canyon-destat\/\" \/>\n<meta property=\"og:site_name\" content=\"speleo-canyon-ariege.com\" \/>\n<meta property=\"article:modified_time\" content=\"2026-03-30T09:29:58+00:00\" \/>\n<meta property=\"og:image\" content=\"https:\/\/speleo-canyon-ariege.com\/wp-content\/uploads\/2025\/07\/canyon-estat-sportif-technique-grandiose-ariege-1600x1067-1.webp\" \/>\n\t<meta property=\"og:image:width\" content=\"1600\" \/>\n\t<meta property=\"og:image:height\" content=\"1067\" \/>\n\t<meta property=\"og:image:type\" content=\"image\/webp\" \/>\n<meta name=\"twitter:card\" content=\"summary_large_image\" \/>\n<meta name=\"twitter:label1\" content=\"Estimated reading time\" \/>\n\t<meta name=\"twitter:data1\" content=\"2 minutes\" \/>\n<script type=\"application\/ld+json\" class=\"yoast-schema-graph\">{\"@context\":\"https:\/\/schema.org\",\"@graph\":[{\"@type\":\"WebPage\",\"@id\":\"https:\/\/speleo-canyon-ariege.com\/product\/canyon-destat\/\",\"url\":\"https:\/\/speleo-canyon-ariege.com\/product\/canyon-destat\/\",\"name\":\"Canyon d'Estat - speleo-canyon-ariege.com\",\"isPartOf\":{\"@id\":\"https:\/\/speleo-canyon-ariege.com\/#website\"},\"primaryImageOfPage\":{\"@id\":\"https:\/\/speleo-canyon-ariege.com\/product\/canyon-destat\/#primaryimage\"},\"image\":{\"@id\":\"https:\/\/speleo-canyon-ariege.com\/product\/canyon-destat\/#primaryimage\"},\"thumbnailUrl\":\"https:\/\/speleo-canyon-ariege.com\/wp-content\/uploads\/2025\/07\/canyon-estat-sportif-technique-grandiose-ariege-1600x1067-1.webp\",\"datePublished\":\"2025-01-13T08:43:44+00:00\",\"dateModified\":\"2026-03-30T09:29:58+00:00\",\"description\":\"Le canyon d'Estat est le plus gros et le plus grandiose canyon de la vall\u00e9e. Ce\u00a0superbe canyon sportif et technique est situ\u00e9 au pied du c\u00e9l\u00e8bre sommet\u00a0ari\u00e9geois : le \u00abMontcalm\u00bb (3077m), au plus profond de la vall\u00e9e de Vicdessos.\u00a0C\u2019est un grand canyon sportif et lumineux, parfaitement expos\u00e9 au soleil,\u00a0toujours agr\u00e9ment\u00e9 d\u2019un beau d\u00e9bit, qui offre un encha\u00eenement ininterrompu de\u00a0cascades vari\u00e9es et de beaux toboggans.\",\"breadcrumb\":{\"@id\":\"https:\/\/speleo-canyon-ariege.com\/product\/canyon-destat\/#breadcrumb\"},\"inLanguage\":\"en-GB\",\"potentialAction\":[{\"@type\":\"ReadAction\",\"target\":[\"https:\/\/speleo-canyon-ariege.com\/product\/canyon-destat\/\"]}]},{\"@type\":\"ImageObject\",\"inLanguage\":\"en-GB\",\"@id\":\"https:\/\/speleo-canyon-ariege.com\/product\/canyon-destat\/#primaryimage\",\"url\":\"https:\/\/speleo-canyon-ariege.com\/wp-content\/uploads\/2025\/07\/canyon-estat-sportif-technique-grandiose-ariege-1600x1067-1.webp\",\"contentUrl\":\"https:\/\/speleo-canyon-ariege.com\/wp-content\/uploads\/2025\/07\/canyon-estat-sportif-technique-grandiose-ariege-1600x1067-1.webp\",\"width\":1600,\"height\":1067,\"caption\":\"Canyon d'Estat, sportif, technique et grandiose en Ari\u00e8ge\"},{\"@type\":\"BreadcrumbList\",\"@id\":\"https:\/\/speleo-canyon-ariege.com\/product\/canyon-destat\/#breadcrumb\",\"itemListElement\":[{\"@type\":\"ListItem\",\"position\":1,\"name\":\"Accueil\",\"item\":\"https:\/\/speleo-canyon-ariege.com\/\"},{\"@type\":\"ListItem\",\"position\":2,\"name\":\"Shop\",\"item\":\"https:\/\/speleo-canyon-ariege.com\/shop\/\"},{\"@type\":\"ListItem\",\"position\":3,\"name\":\"Canyon d'Estat\"}]},{\"@type\":\"WebSite\",\"@id\":\"https:\/\/speleo-canyon-ariege.com\/#website\",\"url\":\"https:\/\/speleo-canyon-ariege.com\/\",\"name\":\"speleo-canyon-ariege.com\",\"description\":\"\",\"potentialAction\":[{\"@type\":\"SearchAction\",\"target\":{\"@type\":\"EntryPoint\",\"urlTemplate\":\"https:\/\/speleo-canyon-ariege.com\/?s={search_term_string}\"},\"query-input\":{\"@type\":\"PropertyValueSpecification\",\"valueRequired\":true,\"valueName\":\"search_term_string\"}}],\"inLanguage\":\"en-GB\"}]}<\/script>\n<!-- \/ Yoast SEO Premium plugin. -->","yoast_head_json":{"title":"Canyon d'Estat - speleo-canyon-ariege.com","description":"Le canyon d'Estat est le plus gros et le plus grandiose canyon de la vall\u00e9e. Ce\u00a0superbe canyon sportif et technique est situ\u00e9 au pied du c\u00e9l\u00e8bre sommet\u00a0ari\u00e9geois : le \u00abMontcalm\u00bb (3077m), au plus profond de la vall\u00e9e de Vicdessos.\u00a0C\u2019est un grand canyon sportif et lumineux, parfaitement expos\u00e9 au soleil,\u00a0toujours agr\u00e9ment\u00e9 d\u2019un beau d\u00e9bit, qui offre un encha\u00eenement ininterrompu de\u00a0cascades vari\u00e9es et de beaux toboggans.","robots":{"index":"index","follow":"follow","max-snippet":"max-snippet:-1","max-image-preview":"max-image-preview:large","max-video-preview":"max-video-preview:-1"},"canonical":"https:\/\/speleo-canyon-ariege.com\/en\/product\/canyon-destat\/","og_locale":"en_GB","og_type":"article","og_title":"Canyon d'Estat","og_description":"Le canyon d'Estat est le plus gros et le plus grandiose canyon de la vall\u00e9e. Ce\u00a0superbe canyon sportif et technique est situ\u00e9 au pied du c\u00e9l\u00e8bre sommet\u00a0ari\u00e9geois : le \u00abMontcalm\u00bb (3077m), au plus profond de la vall\u00e9e de Vicdessos.\u00a0C\u2019est un grand canyon sportif et lumineux, parfaitement expos\u00e9 au soleil,\u00a0toujours agr\u00e9ment\u00e9 d\u2019un beau d\u00e9bit, qui offre un encha\u00eenement ininterrompu de\u00a0cascades vari\u00e9es et de beaux toboggans.","og_url":"https:\/\/speleo-canyon-ariege.com\/en\/product\/canyon-destat\/","og_site_name":"speleo-canyon-ariege.com","article_modified_time":"2026-03-30T09:29:58+00:00","og_image":[{"width":1600,"height":1067,"url":"https:\/\/speleo-canyon-ariege.com\/wp-content\/uploads\/2025\/07\/canyon-estat-sportif-technique-grandiose-ariege-1600x1067-1.webp","type":"image\/webp"}],"twitter_card":"summary_large_image","twitter_misc":{"Estimated reading time":"2 minutes"},"schema":{"@context":"https:\/\/schema.org","@graph":[{"@type":"WebPage","@id":"https:\/\/speleo-canyon-ariege.com\/product\/canyon-destat\/","url":"https:\/\/speleo-canyon-ariege.com\/product\/canyon-destat\/","name":"Canyon d'Estat - speleo-canyon-ariege.com","isPartOf":{"@id":"https:\/\/speleo-canyon-ariege.com\/#website"},"primaryImageOfPage":{"@id":"https:\/\/speleo-canyon-ariege.com\/product\/canyon-destat\/#primaryimage"},"image":{"@id":"https:\/\/speleo-canyon-ariege.com\/product\/canyon-destat\/#primaryimage"},"thumbnailUrl":"https:\/\/speleo-canyon-ariege.com\/wp-content\/uploads\/2025\/07\/canyon-estat-sportif-technique-grandiose-ariege-1600x1067-1.webp","datePublished":"2025-01-13T08:43:44+00:00","dateModified":"2026-03-30T09:29:58+00:00","description":"Le canyon d'Estat est le plus gros et le plus grandiose canyon de la vall\u00e9e. Ce\u00a0superbe canyon sportif et technique est situ\u00e9 au pied du c\u00e9l\u00e8bre sommet\u00a0ari\u00e9geois : le \u00abMontcalm\u00bb (3077m), au plus profond de la vall\u00e9e de Vicdessos.\u00a0C\u2019est un grand canyon sportif et lumineux, parfaitement expos\u00e9 au soleil,\u00a0toujours agr\u00e9ment\u00e9 d\u2019un beau d\u00e9bit, qui offre un encha\u00eenement ininterrompu de\u00a0cascades vari\u00e9es et de beaux toboggans.","breadcrumb":{"@id":"https:\/\/speleo-canyon-ariege.com\/product\/canyon-destat\/#breadcrumb"},"inLanguage":"en-GB","potentialAction":[{"@type":"ReadAction","target":["https:\/\/speleo-canyon-ariege.com\/product\/canyon-destat\/"]}]},{"@type":"ImageObject","inLanguage":"en-GB","@id":"https:\/\/speleo-canyon-ariege.com\/product\/canyon-destat\/#primaryimage","url":"https:\/\/speleo-canyon-ariege.com\/wp-content\/uploads\/2025\/07\/canyon-estat-sportif-technique-grandiose-ariege-1600x1067-1.webp","contentUrl":"https:\/\/speleo-canyon-ariege.com\/wp-content\/uploads\/2025\/07\/canyon-estat-sportif-technique-grandiose-ariege-1600x1067-1.webp","width":1600,"height":1067,"caption":"Canyon d'Estat, sportif, technique et grandiose en Ari\u00e8ge"},{"@type":"BreadcrumbList","@id":"https:\/\/speleo-canyon-ariege.com\/product\/canyon-destat\/#breadcrumb","itemListElement":[{"@type":"ListItem","position":1,"name":"Accueil","item":"https:\/\/speleo-canyon-ariege.com\/"},{"@type":"ListItem","position":2,"name":"Shop","item":"https:\/\/speleo-canyon-ariege.com\/shop\/"},{"@type":"ListItem","position":3,"name":"Canyon d'Estat"}]},{"@type":"WebSite","@id":"https:\/\/speleo-canyon-ariege.com\/#website","url":"https:\/\/speleo-canyon-ariege.com\/","name":"speleo-canyon-ariege.com","description":"","potentialAction":[{"@type":"SearchAction","target":{"@type":"EntryPoint","urlTemplate":"https:\/\/speleo-canyon-ariege.com\/?s={search_term_string}"},"query-input":{"@type":"PropertyValueSpecification","valueRequired":true,"valueName":"search_term_string"}}],"inLanguage":"en-GB"}]}},"_links":{"self":[{"href":"https:\/\/speleo-canyon-ariege.com\/en\/wp-json\/wp\/v2\/product\/2369","targetHints":{"allow":["GET"]}}],"collection":[{"href":"https:\/\/speleo-canyon-ariege.com\/en\/wp-json\/wp\/v2\/product"}],"about":[{"href":"https:\/\/speleo-canyon-ariege.com\/en\/wp-json\/wp\/v2\/types\/product"}],"wp:featuredmedia":[{"embeddable":true,"href":"https:\/\/speleo-canyon-ariege.com\/en\/wp-json\/wp\/v2\/media\/3971"}],"wp:attachment":[{"href":"https:\/\/speleo-canyon-ariege.com\/en\/wp-json\/wp\/v2\/media?parent=2369"}],"wp:term":[{"taxonomy":"product_brand","embeddable":true,"href":"https:\/\/speleo-canyon-ariege.com\/en\/wp-json\/wp\/v2\/product_brand?post=2369"},{"taxonomy":"product_cat","embeddable":true,"href":"https:\/\/speleo-canyon-ariege.com\/en\/wp-json\/wp\/v2\/product_cat?post=2369"},{"taxonomy":"product_tag","embeddable":true,"href":"https:\/\/speleo-canyon-ariege.com\/en\/wp-json\/wp\/v2\/product_tag?post=2369"}],"curies":[{"name":"wp","href":"https:\/\/api.w.org\/{rel}","templated":true}]}}