{"id":2367,"date":"2025-01-13T08:43:44","date_gmt":"2025-01-13T08:43:44","guid":{"rendered":"https:\/\/speleo-canyon-ariege.com\/?post_type=product&#038;p=2367"},"modified":"2025-07-21T09:45:12","modified_gmt":"2025-07-21T09:45:12","slug":"canyon-descales","status":"publish","type":"product","link":"https:\/\/speleo-canyon-ariege.com\/en\/product\/canyon-descales\/","title":{"rendered":"Escales canyon"},"content":{"rendered":"<div class=\"row limit-width row-parent\" data-imgready=\"true\">\n<div class=\"wpb_row row-inner\">\n<div class=\"wpb_column pos-top pos-center align_left column_parent col-lg-3 boomapps_vccolumn single-internal-gutter\">\n<div class=\"uncol style-light\">\n<div class=\"uncoltable\">\n<div class=\"uncell boomapps_vccolumn no-block-padding\">\n<div class=\"uncont\">\n<div class=\"uncode-single-media text-left\">\n<div class=\"single-wrapper\" style=\"max-width: 80%;\">\n<div class=\"tmb tmb-light tmb-media-first tmb-media-last tmb-content-overlay tmb-no-bg\">\n<div class=\"t-inside\">\n<div class=\"t-entry-visual\">\n<div class=\"t-entry-visual-tc\">\n<div class=\"uncode-single-media-wrapper\"><img loading=\"lazy\" decoding=\"async\" src=\"https:\/\/speleo-canyon-ariege.com\/wp-content\/uploads\/2025\/07\/cotation-canyon-escales-ariege.webp\" alt=\"\" width=\"154\" height=\"300\" \/><\/div>\n<\/div>\n<\/div>\n<\/div>\n<\/div>\n<\/div>\n<\/div>\n<\/div>\n<\/div>\n<\/div>\n<\/div>\n<\/div>\n<div class=\"wpb_column pos-top pos-center align_left column_parent col-lg-6 boomapps_vccolumn single-internal-gutter\">\n<div class=\"uncol style-light\">\n<div class=\"uncoltable\">\n<div class=\"uncell boomapps_vccolumn no-block-padding\">\n<div class=\"uncont\">\n<div class=\"vc_custom_heading_wrap\">\n<div class=\"heading-text el-text\">\n<h2 class=\"h2\"><span class=\"font-188799\">Canyon of Escales <\/span><\/h2>\n<\/div>\n<div class=\"clear\"><\/div>\n<\/div>\n<div class=\"uncode_text_column\">\n<p>The Escales canyon is atypical and, due to its technical aspect, very little frequented, which makes its descent a privileged and unique experience. The gorge winds in the shade of a magnificent forest of birch and box trees which gives a surreal atmosphere in good weather when the rays of the sun pierce the foliage. The obstacles are never very high (15m max) but always very aquatic, the slides are numerous, including the extraordinary Super Slide of 22m. You will receive detailed instruction on movement techniques but also teamwork, you will be the actors of your own adventure. A sporty canyon descent for all those who love water and sensations.<\/p>\n<\/div>\n<\/div>\n<\/div>\n<\/div>\n<\/div>\n<\/div>\n<div class=\"wpb_column pos-top pos-center align_center column_parent col-lg-3 boomapps_vccolumn single-internal-gutter\">\n<div class=\"uncol style-light\">\n<div class=\"uncoltable\">\n<div class=\"uncell boomapps_vccolumn no-block-padding\">\n<div class=\"uncont\">\n<div class=\"uncode-single-media text-left\">\n<div class=\"single-wrapper\" style=\"max-width: 100%;\">\n<div class=\"tmb tmb-light tmb-media-first tmb-media-last tmb-content-overlay tmb-no-bg\">\n<div class=\"t-inside\">\n<div class=\"t-entry-visual\">\n<div class=\"t-entry-visual-tc\">\n<div class=\"uncode-single-media-wrapper\"><img loading=\"lazy\" decoding=\"async\" src=\"https:\/\/speleo-canyon-ariege.com\/wp-content\/uploads\/2025\/07\/topo-canyon-escales-ariege.webp\" alt=\"\" width=\"433\" height=\"600\" \/><\/div>\n<\/div>\n<\/div>\n<\/div>\n<\/div>\n<\/div>\n<\/div>\n<\/div>\n<\/div>\n<\/div>\n<\/div>\n<\/div>\n<p><script id=\"script-509623\" data-row=\"script-509623\" type=\"text\/javascript\" class=\"vc_controls\">UNCODE.initRow(document.getElementById(\"script-509623\"));<\/script><\/p>\n<\/div>\n<\/div>","protected":false},"excerpt":{"rendered":"<p>Located in the Siguer Valley, neighboring the Vicdessos Valley, the Escales Canyon is <strong>extremely original and exotic<\/strong>. With its long <strong>uninterrupted succession of water slides,<\/strong>it's the <strong>most aquatic canyon<\/strong> and the most <strong>amusing<\/strong> in the heart of <strong>Ariege jungle<\/strong>. It is a great way to discover and learn the <strong>technical canyon<\/strong> with friends.<\/p>\n<p>This outing is only offered over a large half-day in order to fully enjoy your adventure without pressure.<\/p>\n<p class=\"translation-block\"><strong>Group rate:<\/strong> \u20ac384 (maximum 8 people)<\/p>\n<p><strong>Included in the price:<\/strong> Welcome to our center, briefing, guiding by a state-qualified instructor, complete equipment with professional canyoning shoes, 2-piece 5mm neoprene wetsuit, thermal underwear if necessary, harness, helmet.<\/p>","protected":false},"featured_media":3968,"template":"","meta":{"_acf_changed":false},"product_brand":[],"product_cat":[198],"product_tag":[],"class_list":{"0":"post-2367","1":"product","2":"type-product","3":"status-publish","4":"has-post-thumbnail","6":"product_cat-non-classe","8":"first","9":"instock","10":"purchasable","11":"product-type-simple"},"acf":[],"yoast_head":"<!-- This site is optimized with the Yoast SEO Premium plugin v24.3 (Yoast SEO v24.7) - https:\/\/yoast.com\/wordpress\/plugins\/seo\/ -->\n<title>Canyon d&#039;Escales - speleo-canyon-ariege.com<\/title>\n<meta name=\"description\" content=\"Situ\u00e9 au d\u00e9but de la vall\u00e9e de Vicdessos, le Canyon Escales est extr\u00eamement original et exotique. Avec sa longue succession ininterrompue de glissades d\u2019eau, c\u2019est le canyon le plus aquatique et le plus amusant au c\u0153ur de la jungle de l\u2019Ari\u00e8ge. C&#039;est un excellent moyen de d\u00e9couvrir et d&#039;apprendre le canyoning technique avec des amis.Cette sortie n&#039;est propos\u00e9e que sur une longue demi-journ\u00e9e afin de profiter pleinement et sans pression de votre aventure.\" \/>\n<meta name=\"robots\" content=\"index, follow, max-snippet:-1, max-image-preview:large, max-video-preview:-1\" \/>\n<link rel=\"canonical\" href=\"https:\/\/speleo-canyon-ariege.com\/en\/product\/canyon-descales\/\" \/>\n<meta property=\"og:locale\" content=\"en_GB\" \/>\n<meta property=\"og:type\" content=\"article\" \/>\n<meta property=\"og:title\" content=\"Canyon d&#039;Escales\" \/>\n<meta property=\"og:description\" content=\"Situ\u00e9 au d\u00e9but de la vall\u00e9e de Vicdessos, le Canyon Escales est extr\u00eamement original et exotique. Avec sa longue succession ininterrompue de glissades d\u2019eau, c\u2019est le canyon le plus aquatique et le plus amusant au c\u0153ur de la jungle de l\u2019Ari\u00e8ge. C&#039;est un excellent moyen de d\u00e9couvrir et d&#039;apprendre le canyoning technique avec des amis.Cette sortie n&#039;est propos\u00e9e que sur une longue demi-journ\u00e9e afin de profiter pleinement et sans pression de votre aventure.\" \/>\n<meta property=\"og:url\" content=\"https:\/\/speleo-canyon-ariege.com\/en\/product\/canyon-descales\/\" \/>\n<meta property=\"og:site_name\" content=\"speleo-canyon-ariege.com\" \/>\n<meta property=\"article:modified_time\" content=\"2025-07-21T09:45:12+00:00\" \/>\n<meta property=\"og:image\" content=\"https:\/\/speleo-canyon-ariege.com\/wp-content\/uploads\/2025\/07\/canyon-escales-canyoning-original-aquatique-toboggans-1600-1038.webp\" \/>\n\t<meta property=\"og:image:width\" content=\"1600\" \/>\n\t<meta property=\"og:image:height\" content=\"1038\" \/>\n\t<meta property=\"og:image:type\" content=\"image\/webp\" \/>\n<meta name=\"twitter:card\" content=\"summary_large_image\" \/>\n<meta name=\"twitter:label1\" content=\"Estimated reading time\" \/>\n\t<meta name=\"twitter:data1\" content=\"2 minutes\" \/>\n<script type=\"application\/ld+json\" class=\"yoast-schema-graph\">{\"@context\":\"https:\/\/schema.org\",\"@graph\":[{\"@type\":\"WebPage\",\"@id\":\"https:\/\/speleo-canyon-ariege.com\/product\/canyon-descales\/\",\"url\":\"https:\/\/speleo-canyon-ariege.com\/product\/canyon-descales\/\",\"name\":\"Canyon d'Escales - speleo-canyon-ariege.com\",\"isPartOf\":{\"@id\":\"https:\/\/speleo-canyon-ariege.com\/#website\"},\"primaryImageOfPage\":{\"@id\":\"https:\/\/speleo-canyon-ariege.com\/product\/canyon-descales\/#primaryimage\"},\"image\":{\"@id\":\"https:\/\/speleo-canyon-ariege.com\/product\/canyon-descales\/#primaryimage\"},\"thumbnailUrl\":\"https:\/\/speleo-canyon-ariege.com\/wp-content\/uploads\/2025\/07\/canyon-escales-canyoning-original-aquatique-toboggans-1600-1038.webp\",\"datePublished\":\"2025-01-13T08:43:44+00:00\",\"dateModified\":\"2025-07-21T09:45:12+00:00\",\"description\":\"Situ\u00e9 au d\u00e9but de la vall\u00e9e de Vicdessos, le Canyon Escales est extr\u00eamement original et exotique. Avec sa longue succession ininterrompue de glissades d\u2019eau, c\u2019est le canyon le plus aquatique et le plus amusant au c\u0153ur de la jungle de l\u2019Ari\u00e8ge. C'est un excellent moyen de d\u00e9couvrir et d'apprendre le canyoning technique avec des amis.Cette sortie n'est propos\u00e9e que sur une longue demi-journ\u00e9e afin de profiter pleinement et sans pression de votre aventure.\",\"breadcrumb\":{\"@id\":\"https:\/\/speleo-canyon-ariege.com\/product\/canyon-descales\/#breadcrumb\"},\"inLanguage\":\"en-GB\",\"potentialAction\":[{\"@type\":\"ReadAction\",\"target\":[\"https:\/\/speleo-canyon-ariege.com\/product\/canyon-descales\/\"]}]},{\"@type\":\"ImageObject\",\"inLanguage\":\"en-GB\",\"@id\":\"https:\/\/speleo-canyon-ariege.com\/product\/canyon-descales\/#primaryimage\",\"url\":\"https:\/\/speleo-canyon-ariege.com\/wp-content\/uploads\/2025\/07\/canyon-escales-canyoning-original-aquatique-toboggans-1600-1038.webp\",\"contentUrl\":\"https:\/\/speleo-canyon-ariege.com\/wp-content\/uploads\/2025\/07\/canyon-escales-canyoning-original-aquatique-toboggans-1600-1038.webp\",\"width\":1600,\"height\":1038,\"caption\":\"Canyon d'escales, canyoning original et aquatique avec des toboggans \u00e0 gogo en Ari\u00e8ge\"},{\"@type\":\"BreadcrumbList\",\"@id\":\"https:\/\/speleo-canyon-ariege.com\/product\/canyon-descales\/#breadcrumb\",\"itemListElement\":[{\"@type\":\"ListItem\",\"position\":1,\"name\":\"Accueil\",\"item\":\"https:\/\/speleo-canyon-ariege.com\/\"},{\"@type\":\"ListItem\",\"position\":2,\"name\":\"Shop\",\"item\":\"https:\/\/speleo-canyon-ariege.com\/shop\/\"},{\"@type\":\"ListItem\",\"position\":3,\"name\":\"Canyon d'Escales\"}]},{\"@type\":\"WebSite\",\"@id\":\"https:\/\/speleo-canyon-ariege.com\/#website\",\"url\":\"https:\/\/speleo-canyon-ariege.com\/\",\"name\":\"speleo-canyon-ariege.com\",\"description\":\"\",\"potentialAction\":[{\"@type\":\"SearchAction\",\"target\":{\"@type\":\"EntryPoint\",\"urlTemplate\":\"https:\/\/speleo-canyon-ariege.com\/?s={search_term_string}\"},\"query-input\":{\"@type\":\"PropertyValueSpecification\",\"valueRequired\":true,\"valueName\":\"search_term_string\"}}],\"inLanguage\":\"en-GB\"}]}<\/script>\n<!-- \/ Yoast SEO Premium plugin. -->","yoast_head_json":{"title":"Canyon d'Escales - speleo-canyon-ariege.com","description":"Situ\u00e9 au d\u00e9but de la vall\u00e9e de Vicdessos, le Canyon Escales est extr\u00eamement original et exotique. Avec sa longue succession ininterrompue de glissades d\u2019eau, c\u2019est le canyon le plus aquatique et le plus amusant au c\u0153ur de la jungle de l\u2019Ari\u00e8ge. C'est un excellent moyen de d\u00e9couvrir et d'apprendre le canyoning technique avec des amis.Cette sortie n'est propos\u00e9e que sur une longue demi-journ\u00e9e afin de profiter pleinement et sans pression de votre aventure.","robots":{"index":"index","follow":"follow","max-snippet":"max-snippet:-1","max-image-preview":"max-image-preview:large","max-video-preview":"max-video-preview:-1"},"canonical":"https:\/\/speleo-canyon-ariege.com\/en\/product\/canyon-descales\/","og_locale":"en_GB","og_type":"article","og_title":"Canyon d'Escales","og_description":"Situ\u00e9 au d\u00e9but de la vall\u00e9e de Vicdessos, le Canyon Escales est extr\u00eamement original et exotique. Avec sa longue succession ininterrompue de glissades d\u2019eau, c\u2019est le canyon le plus aquatique et le plus amusant au c\u0153ur de la jungle de l\u2019Ari\u00e8ge. C'est un excellent moyen de d\u00e9couvrir et d'apprendre le canyoning technique avec des amis.Cette sortie n'est propos\u00e9e que sur une longue demi-journ\u00e9e afin de profiter pleinement et sans pression de votre aventure.","og_url":"https:\/\/speleo-canyon-ariege.com\/en\/product\/canyon-descales\/","og_site_name":"speleo-canyon-ariege.com","article_modified_time":"2025-07-21T09:45:12+00:00","og_image":[{"width":1600,"height":1038,"url":"https:\/\/speleo-canyon-ariege.com\/wp-content\/uploads\/2025\/07\/canyon-escales-canyoning-original-aquatique-toboggans-1600-1038.webp","type":"image\/webp"}],"twitter_card":"summary_large_image","twitter_misc":{"Estimated reading time":"2 minutes"},"schema":{"@context":"https:\/\/schema.org","@graph":[{"@type":"WebPage","@id":"https:\/\/speleo-canyon-ariege.com\/product\/canyon-descales\/","url":"https:\/\/speleo-canyon-ariege.com\/product\/canyon-descales\/","name":"Canyon d'Escales - speleo-canyon-ariege.com","isPartOf":{"@id":"https:\/\/speleo-canyon-ariege.com\/#website"},"primaryImageOfPage":{"@id":"https:\/\/speleo-canyon-ariege.com\/product\/canyon-descales\/#primaryimage"},"image":{"@id":"https:\/\/speleo-canyon-ariege.com\/product\/canyon-descales\/#primaryimage"},"thumbnailUrl":"https:\/\/speleo-canyon-ariege.com\/wp-content\/uploads\/2025\/07\/canyon-escales-canyoning-original-aquatique-toboggans-1600-1038.webp","datePublished":"2025-01-13T08:43:44+00:00","dateModified":"2025-07-21T09:45:12+00:00","description":"Situ\u00e9 au d\u00e9but de la vall\u00e9e de Vicdessos, le Canyon Escales est extr\u00eamement original et exotique. Avec sa longue succession ininterrompue de glissades d\u2019eau, c\u2019est le canyon le plus aquatique et le plus amusant au c\u0153ur de la jungle de l\u2019Ari\u00e8ge. C'est un excellent moyen de d\u00e9couvrir et d'apprendre le canyoning technique avec des amis.Cette sortie n'est propos\u00e9e que sur une longue demi-journ\u00e9e afin de profiter pleinement et sans pression de votre aventure.","breadcrumb":{"@id":"https:\/\/speleo-canyon-ariege.com\/product\/canyon-descales\/#breadcrumb"},"inLanguage":"en-GB","potentialAction":[{"@type":"ReadAction","target":["https:\/\/speleo-canyon-ariege.com\/product\/canyon-descales\/"]}]},{"@type":"ImageObject","inLanguage":"en-GB","@id":"https:\/\/speleo-canyon-ariege.com\/product\/canyon-descales\/#primaryimage","url":"https:\/\/speleo-canyon-ariege.com\/wp-content\/uploads\/2025\/07\/canyon-escales-canyoning-original-aquatique-toboggans-1600-1038.webp","contentUrl":"https:\/\/speleo-canyon-ariege.com\/wp-content\/uploads\/2025\/07\/canyon-escales-canyoning-original-aquatique-toboggans-1600-1038.webp","width":1600,"height":1038,"caption":"Canyon d'escales, canyoning original et aquatique avec des toboggans \u00e0 gogo en Ari\u00e8ge"},{"@type":"BreadcrumbList","@id":"https:\/\/speleo-canyon-ariege.com\/product\/canyon-descales\/#breadcrumb","itemListElement":[{"@type":"ListItem","position":1,"name":"Accueil","item":"https:\/\/speleo-canyon-ariege.com\/"},{"@type":"ListItem","position":2,"name":"Shop","item":"https:\/\/speleo-canyon-ariege.com\/shop\/"},{"@type":"ListItem","position":3,"name":"Canyon d'Escales"}]},{"@type":"WebSite","@id":"https:\/\/speleo-canyon-ariege.com\/#website","url":"https:\/\/speleo-canyon-ariege.com\/","name":"speleo-canyon-ariege.com","description":"","potentialAction":[{"@type":"SearchAction","target":{"@type":"EntryPoint","urlTemplate":"https:\/\/speleo-canyon-ariege.com\/?s={search_term_string}"},"query-input":{"@type":"PropertyValueSpecification","valueRequired":true,"valueName":"search_term_string"}}],"inLanguage":"en-GB"}]}},"_links":{"self":[{"href":"https:\/\/speleo-canyon-ariege.com\/en\/wp-json\/wp\/v2\/product\/2367","targetHints":{"allow":["GET"]}}],"collection":[{"href":"https:\/\/speleo-canyon-ariege.com\/en\/wp-json\/wp\/v2\/product"}],"about":[{"href":"https:\/\/speleo-canyon-ariege.com\/en\/wp-json\/wp\/v2\/types\/product"}],"wp:featuredmedia":[{"embeddable":true,"href":"https:\/\/speleo-canyon-ariege.com\/en\/wp-json\/wp\/v2\/media\/3968"}],"wp:attachment":[{"href":"https:\/\/speleo-canyon-ariege.com\/en\/wp-json\/wp\/v2\/media?parent=2367"}],"wp:term":[{"taxonomy":"product_brand","embeddable":true,"href":"https:\/\/speleo-canyon-ariege.com\/en\/wp-json\/wp\/v2\/product_brand?post=2367"},{"taxonomy":"product_cat","embeddable":true,"href":"https:\/\/speleo-canyon-ariege.com\/en\/wp-json\/wp\/v2\/product_cat?post=2367"},{"taxonomy":"product_tag","embeddable":true,"href":"https:\/\/speleo-canyon-ariege.com\/en\/wp-json\/wp\/v2\/product_tag?post=2367"}],"curies":[{"name":"wp","href":"https:\/\/api.w.org\/{rel}","templated":true}]}}