{"id":2365,"date":"2025-01-13T08:43:44","date_gmt":"2025-01-13T08:43:44","guid":{"rendered":"https:\/\/speleo-canyon-ariege.com\/?post_type=product&#038;p=2365"},"modified":"2026-03-24T11:59:14","modified_gmt":"2026-03-24T11:59:14","slug":"canyon-de-marc","status":"publish","type":"product","link":"https:\/\/speleo-canyon-ariege.com\/en\/product\/canyon-de-marc\/","title":{"rendered":"Marc Canyon"},"content":{"rendered":"<div class=\"row limit-width row-parent\" data-imgready=\"true\">\n<div class=\"wpb_row row-inner\">\n<div class=\"wpb_column pos-top pos-center align_left column_parent col-lg-3 boomapps_vccolumn single-internal-gutter\">\n<div class=\"uncol style-light\">\n<div class=\"uncoltable\">\n<div class=\"uncell boomapps_vccolumn no-block-padding\">\n<div class=\"uncont\">\n<div class=\"uncode-single-media text-left\">\n<div class=\"single-wrapper\" style=\"max-width: 80%;\">\n<div class=\"tmb tmb-light tmb-media-first tmb-media-last tmb-content-overlay tmb-no-bg\">\n<div class=\"t-inside\">\n<div class=\"t-entry-visual\">\n<div class=\"t-entry-visual-tc\">\n<div class=\"uncode-single-media-wrapper\"><img loading=\"lazy\" decoding=\"async\" class=\"alignnone size-medium wp-image-3495\" src=\"https:\/\/speleo-canyon-ariege.com\/wp-content\/uploads\/2025\/01\/Marc3-300x199.jpg\" alt=\"\" width=\"300\" height=\"199\" srcset=\"https:\/\/speleo-canyon-ariege.com\/wp-content\/uploads\/2025\/01\/Marc3-300x199.jpg 300w, https:\/\/speleo-canyon-ariege.com\/wp-content\/uploads\/2025\/01\/Marc3-1024x680.jpg 1024w, https:\/\/speleo-canyon-ariege.com\/wp-content\/uploads\/2025\/01\/Marc3-768x510.jpg 768w, https:\/\/speleo-canyon-ariege.com\/wp-content\/uploads\/2025\/01\/Marc3-1536x1020.jpg 1536w, https:\/\/speleo-canyon-ariege.com\/wp-content\/uploads\/2025\/01\/Marc3-18x12.jpg 18w, https:\/\/speleo-canyon-ariege.com\/wp-content\/uploads\/2025\/01\/Marc3-600x399.jpg 600w, https:\/\/speleo-canyon-ariege.com\/wp-content\/uploads\/2025\/01\/Marc3.jpg 1969w\" sizes=\"auto, (max-width: 300px) 100vw, 300px\" \/><\/div>\n<\/div>\n<\/div>\n<\/div>\n<\/div>\n<\/div>\n<\/div>\n<\/div>\n<\/div>\n<\/div>\n<\/div>\n<\/div>\n<div class=\"wpb_column pos-top pos-center align_left column_parent col-lg-6 boomapps_vccolumn single-internal-gutter\">\n<div class=\"uncol style-light\">\n<div class=\"uncoltable\">\n<div class=\"uncell boomapps_vccolumn no-block-padding\">\n<div class=\"uncont\">\n<div class=\"vc_custom_heading_wrap\">\n<div class=\"heading-text el-text\">\n<h2 class=\"h2\"><span class=\"font-188799\">Marc Canyon<\/span><\/h2>\n<\/div>\n<div class=\"clear\"><\/div>\n<\/div>\n<div class=\"uncode_text_column\">\n<p data-start=\"22\" data-end=\"285\">Carved from schist and wrapped in a <strong data-start=\"65\" data-end=\"90\">lush vegetation<\/strong>, this canyon offer a <strong data-start=\"111\" data-end=\"144\">fun and dynamic course<\/strong> in Ariege. His <strong data-start=\"160\" data-end=\"190\">spectacular steepness<\/strong>, combined with a regulated water flow, guarantees a pleasant descent <strong data-start=\"256\" data-end=\"282\">even with a cloudy weather.<\/strong>.<\/p>\n<p data-start=\"287\" data-end=\"571\">The route alternates <strong data-start=\"307\" data-end=\"344\">easy but technical obstacles<\/strong>, possible to descent on a <strong data-start=\"355\" data-end=\"377\">25 meters zipline<\/strong>, followed by <strong data-start=\"389\" data-end=\"409\">optional jumps<\/strong> (5 to 8 m) for thrill seekers. Ideal for learning all the canyoning progression techniques, it promises an <strong data-start=\"548\" data-end=\"568\">fun and immersive adventure<\/strong>.<\/p>\n<p data-start=\"573\" data-end=\"668\" data-is-last-node=\"\" data-is-only-node=\"\">A <strong data-start=\"576\" data-end=\"613\">accessible and sensational canyon<\/strong>, perfect for a <strong data-start=\"632\" data-end=\"666\">white water playful initiation<\/strong> !<\/p>\n<\/div>\n<\/div>\n<\/div>\n<\/div>\n<\/div>\n<\/div>\n<div class=\"wpb_column pos-top pos-center align_center column_parent col-lg-3 boomapps_vccolumn single-internal-gutter\">\n<div class=\"uncol style-light\">\n<div class=\"uncoltable\">\n<div class=\"uncell boomapps_vccolumn no-block-padding\">\n<div class=\"uncont\">\n<div class=\"uncode-single-media text-left\">\n<div class=\"single-wrapper\" style=\"max-width: 100%;\">\n<div class=\"tmb tmb-light tmb-media-first tmb-media-last tmb-content-overlay tmb-no-bg\">\n<div class=\"t-inside\">\n<div class=\"t-entry-visual\">\n<div class=\"t-entry-visual-tc\">\n<div class=\"uncode-single-media-wrapper\"><img loading=\"lazy\" decoding=\"async\" src=\"https:\/\/speleo-canyon-ariege.com\/wp-content\/uploads\/2025\/07\/topo-canyon-marc-ariege.webp\" alt=\"\" width=\"436\" height=\"600\" \/><\/div>\n<\/div>\n<\/div>\n<\/div>\n<\/div>\n<\/div>\n<\/div>\n<\/div>\n<\/div>\n<\/div>\n<\/div>\n<\/div>\n<\/div>\n<\/div>","protected":false},"excerpt":{"rendered":"<p style=\"text-align: justify;\">Located in the Vicdessos valley, above Auzat, the <strong data-start=\"233\" data-end=\"251\">Marc Canyon<\/strong> is the perfect place for a <strong data-start=\"283\" data-end=\"307\">canyoning initiation<\/strong>. Easy and accessible, it offers a <strong data-start=\"344\" data-end=\"366\">playful discovery<\/strong> in family or with friends, or even for a <strong data-start=\"409\" data-end=\"459\">hen \/ bachelor party<\/strong> with a bit of <strong data-start=\"475\" data-end=\"498\">fun and sensations.<\/strong>. Sauts, tyrolienne et obstacles vari\u00e9s vous attendent pour une exp\u00e9rience m\u00e9morable ! Praticable d\u00e8s le mois de mai car il est r\u00e9gul\u00e9 par un barrage!<\/p>\n<p><strong>Group price<\/strong> : 385 \u20ac (8 pers. max)<\/p>\n<p style=\"text-align: justify;\"><strong>Included in the price<\/strong> : Welcome to our center, supervision by a qualified instructor, complete equipment (neoprene wetsuit, professional canyoning shoes, full harness and helmet).<\/p>","protected":false},"featured_media":3966,"template":"","meta":{"_acf_changed":false},"product_brand":[],"product_cat":[190,194,195],"product_tag":[],"class_list":{"0":"post-2365","1":"product","2":"type-product","3":"status-publish","4":"has-post-thumbnail","6":"product_cat-canyon-initiation","7":"product_cat-evg","8":"product_cat-evjf","10":"first","11":"instock","12":"purchasable","13":"product-type-simple"},"acf":[],"yoast_head":"<!-- This site is optimized with the Yoast SEO Premium plugin v24.3 (Yoast SEO v24.7) - https:\/\/yoast.com\/wordpress\/plugins\/seo\/ -->\n<title>Canyon de Marc - speleo-canyon-ariege.com<\/title>\n<meta name=\"description\" content=\"Rappels, sauts (optionnel), obstacles ludiques dans une gorge naturelle sauvage\u2026 Le Canyon de Marc en Ari\u00e8ge, c\u2019est l\u2019initiation canyoning version fun et sensations!\" \/>\n<meta name=\"robots\" content=\"index, follow, max-snippet:-1, max-image-preview:large, max-video-preview:-1\" \/>\n<link rel=\"canonical\" href=\"https:\/\/speleo-canyon-ariege.com\/en\/product\/canyon-de-marc\/\" \/>\n<meta property=\"og:locale\" content=\"en_GB\" \/>\n<meta property=\"og:type\" content=\"article\" \/>\n<meta property=\"og:title\" content=\"Canyon de Marc\" \/>\n<meta property=\"og:description\" content=\"Ce canyon, du nom du petit hameau, est une belle gorge encaiss\u00e9e dans un sous-bois. Sauts, toboggan, rappel, nage, ce canyon est la sortie de r\u00e9f\u00e9rence ari\u00e9geoise !Un quart d\u2019heure de marche, deux heures de descente et retour direct \u00e0 la voiture.\u00a0Le canyon de Marc est un condens\u00e9 de techniques pour un maximum de plaisir !Accessible \u00e0 toutes personnes \u00e9tant en bonne condition physique et qui souhaite d\u00e9couvrir de nouvelles sensations !!!\" \/>\n<meta property=\"og:url\" content=\"https:\/\/speleo-canyon-ariege.com\/en\/product\/canyon-de-marc\/\" \/>\n<meta property=\"og:site_name\" content=\"speleo-canyon-ariege.com\" \/>\n<meta property=\"article:modified_time\" content=\"2026-03-24T11:59:14+00:00\" \/>\n<meta name=\"twitter:card\" content=\"summary_large_image\" \/>\n<meta name=\"twitter:title\" content=\"Canyon de Marc\" \/>\n<meta name=\"twitter:description\" content=\"Ce canyon, du nom du petit hameau, est une belle gorge encaiss\u00e9e dans un sous-bois. Sauts, toboggan, rappel, nage, ce canyon est la sortie de r\u00e9f\u00e9rence ari\u00e9geoise !Un quart d\u2019heure de marche, deux heures de descente et retour direct \u00e0 la voiture.\u00a0Le canyon de Marc est un condens\u00e9 de techniques pour un maximum de plaisir !Accessible \u00e0 toutes personnes \u00e9tant en bonne condition physique et qui souhaite d\u00e9couvrir de nouvelles sensations !!!\" \/>\n<meta name=\"twitter:label1\" content=\"Estimated reading time\" \/>\n\t<meta name=\"twitter:data1\" content=\"2 minutes\" \/>\n<script type=\"application\/ld+json\" class=\"yoast-schema-graph\">{\"@context\":\"https:\/\/schema.org\",\"@graph\":[{\"@type\":\"WebPage\",\"@id\":\"https:\/\/speleo-canyon-ariege.com\/product\/canyon-de-marc\/\",\"url\":\"https:\/\/speleo-canyon-ariege.com\/product\/canyon-de-marc\/\",\"name\":\"Canyon de Marc - speleo-canyon-ariege.com\",\"isPartOf\":{\"@id\":\"https:\/\/speleo-canyon-ariege.com\/#website\"},\"primaryImageOfPage\":{\"@id\":\"https:\/\/speleo-canyon-ariege.com\/product\/canyon-de-marc\/#primaryimage\"},\"image\":{\"@id\":\"https:\/\/speleo-canyon-ariege.com\/product\/canyon-de-marc\/#primaryimage\"},\"thumbnailUrl\":\"https:\/\/speleo-canyon-ariege.com\/wp-content\/uploads\/2025\/07\/canyon-marc-initiation-canyoning-decouverte-ludique-ariege-1600x1200-1.webp\",\"datePublished\":\"2025-01-13T08:43:44+00:00\",\"dateModified\":\"2026-03-24T11:59:14+00:00\",\"description\":\"Rappels, sauts (optionnel), obstacles ludiques dans une gorge naturelle sauvage\u2026 Le Canyon de Marc en Ari\u00e8ge, c\u2019est l\u2019initiation canyoning version fun et sensations!\",\"breadcrumb\":{\"@id\":\"https:\/\/speleo-canyon-ariege.com\/product\/canyon-de-marc\/#breadcrumb\"},\"inLanguage\":\"en-GB\",\"potentialAction\":[{\"@type\":\"ReadAction\",\"target\":[\"https:\/\/speleo-canyon-ariege.com\/product\/canyon-de-marc\/\"]}]},{\"@type\":\"ImageObject\",\"inLanguage\":\"en-GB\",\"@id\":\"https:\/\/speleo-canyon-ariege.com\/product\/canyon-de-marc\/#primaryimage\",\"url\":\"https:\/\/speleo-canyon-ariege.com\/wp-content\/uploads\/2025\/07\/canyon-marc-initiation-canyoning-decouverte-ludique-ariege-1600x1200-1.webp\",\"contentUrl\":\"https:\/\/speleo-canyon-ariege.com\/wp-content\/uploads\/2025\/07\/canyon-marc-initiation-canyoning-decouverte-ludique-ariege-1600x1200-1.webp\",\"width\":1600,\"height\":1200,\"caption\":\"Canyon de Marc, initiation au canyoning et d\u00e9couverte ludique aventureuse en Ari\u00e8ge\"},{\"@type\":\"BreadcrumbList\",\"@id\":\"https:\/\/speleo-canyon-ariege.com\/product\/canyon-de-marc\/#breadcrumb\",\"itemListElement\":[{\"@type\":\"ListItem\",\"position\":1,\"name\":\"Accueil\",\"item\":\"https:\/\/speleo-canyon-ariege.com\/\"},{\"@type\":\"ListItem\",\"position\":2,\"name\":\"Shop\",\"item\":\"https:\/\/speleo-canyon-ariege.com\/shop\/\"},{\"@type\":\"ListItem\",\"position\":3,\"name\":\"Canyon de Marc\"}]},{\"@type\":\"WebSite\",\"@id\":\"https:\/\/speleo-canyon-ariege.com\/#website\",\"url\":\"https:\/\/speleo-canyon-ariege.com\/\",\"name\":\"speleo-canyon-ariege.com\",\"description\":\"\",\"potentialAction\":[{\"@type\":\"SearchAction\",\"target\":{\"@type\":\"EntryPoint\",\"urlTemplate\":\"https:\/\/speleo-canyon-ariege.com\/?s={search_term_string}\"},\"query-input\":{\"@type\":\"PropertyValueSpecification\",\"valueRequired\":true,\"valueName\":\"search_term_string\"}}],\"inLanguage\":\"en-GB\"}]}<\/script>\n<!-- \/ Yoast SEO Premium plugin. -->","yoast_head_json":{"title":"Canyon de Marc - speleo-canyon-ariege.com","description":"Rappels, sauts (optionnel), obstacles ludiques dans une gorge naturelle sauvage\u2026 Le Canyon de Marc en Ari\u00e8ge, c\u2019est l\u2019initiation canyoning version fun et sensations!","robots":{"index":"index","follow":"follow","max-snippet":"max-snippet:-1","max-image-preview":"max-image-preview:large","max-video-preview":"max-video-preview:-1"},"canonical":"https:\/\/speleo-canyon-ariege.com\/en\/product\/canyon-de-marc\/","og_locale":"en_GB","og_type":"article","og_title":"Canyon de Marc","og_description":"Ce canyon, du nom du petit hameau, est une belle gorge encaiss\u00e9e dans un sous-bois. Sauts, toboggan, rappel, nage, ce canyon est la sortie de r\u00e9f\u00e9rence ari\u00e9geoise !Un quart d\u2019heure de marche, deux heures de descente et retour direct \u00e0 la voiture.\u00a0Le canyon de Marc est un condens\u00e9 de techniques pour un maximum de plaisir !Accessible \u00e0 toutes personnes \u00e9tant en bonne condition physique et qui souhaite d\u00e9couvrir de nouvelles sensations !!!","og_url":"https:\/\/speleo-canyon-ariege.com\/en\/product\/canyon-de-marc\/","og_site_name":"speleo-canyon-ariege.com","article_modified_time":"2026-03-24T11:59:14+00:00","twitter_card":"summary_large_image","twitter_title":"Canyon de Marc","twitter_description":"Ce canyon, du nom du petit hameau, est une belle gorge encaiss\u00e9e dans un sous-bois. Sauts, toboggan, rappel, nage, ce canyon est la sortie de r\u00e9f\u00e9rence ari\u00e9geoise !Un quart d\u2019heure de marche, deux heures de descente et retour direct \u00e0 la voiture.\u00a0Le canyon de Marc est un condens\u00e9 de techniques pour un maximum de plaisir !Accessible \u00e0 toutes personnes \u00e9tant en bonne condition physique et qui souhaite d\u00e9couvrir de nouvelles sensations !!!","twitter_misc":{"Estimated reading time":"2 minutes"},"schema":{"@context":"https:\/\/schema.org","@graph":[{"@type":"WebPage","@id":"https:\/\/speleo-canyon-ariege.com\/product\/canyon-de-marc\/","url":"https:\/\/speleo-canyon-ariege.com\/product\/canyon-de-marc\/","name":"Canyon de Marc - speleo-canyon-ariege.com","isPartOf":{"@id":"https:\/\/speleo-canyon-ariege.com\/#website"},"primaryImageOfPage":{"@id":"https:\/\/speleo-canyon-ariege.com\/product\/canyon-de-marc\/#primaryimage"},"image":{"@id":"https:\/\/speleo-canyon-ariege.com\/product\/canyon-de-marc\/#primaryimage"},"thumbnailUrl":"https:\/\/speleo-canyon-ariege.com\/wp-content\/uploads\/2025\/07\/canyon-marc-initiation-canyoning-decouverte-ludique-ariege-1600x1200-1.webp","datePublished":"2025-01-13T08:43:44+00:00","dateModified":"2026-03-24T11:59:14+00:00","description":"Rappels, sauts (optionnel), obstacles ludiques dans une gorge naturelle sauvage\u2026 Le Canyon de Marc en Ari\u00e8ge, c\u2019est l\u2019initiation canyoning version fun et sensations!","breadcrumb":{"@id":"https:\/\/speleo-canyon-ariege.com\/product\/canyon-de-marc\/#breadcrumb"},"inLanguage":"en-GB","potentialAction":[{"@type":"ReadAction","target":["https:\/\/speleo-canyon-ariege.com\/product\/canyon-de-marc\/"]}]},{"@type":"ImageObject","inLanguage":"en-GB","@id":"https:\/\/speleo-canyon-ariege.com\/product\/canyon-de-marc\/#primaryimage","url":"https:\/\/speleo-canyon-ariege.com\/wp-content\/uploads\/2025\/07\/canyon-marc-initiation-canyoning-decouverte-ludique-ariege-1600x1200-1.webp","contentUrl":"https:\/\/speleo-canyon-ariege.com\/wp-content\/uploads\/2025\/07\/canyon-marc-initiation-canyoning-decouverte-ludique-ariege-1600x1200-1.webp","width":1600,"height":1200,"caption":"Canyon de Marc, initiation au canyoning et d\u00e9couverte ludique aventureuse en Ari\u00e8ge"},{"@type":"BreadcrumbList","@id":"https:\/\/speleo-canyon-ariege.com\/product\/canyon-de-marc\/#breadcrumb","itemListElement":[{"@type":"ListItem","position":1,"name":"Accueil","item":"https:\/\/speleo-canyon-ariege.com\/"},{"@type":"ListItem","position":2,"name":"Shop","item":"https:\/\/speleo-canyon-ariege.com\/shop\/"},{"@type":"ListItem","position":3,"name":"Canyon de Marc"}]},{"@type":"WebSite","@id":"https:\/\/speleo-canyon-ariege.com\/#website","url":"https:\/\/speleo-canyon-ariege.com\/","name":"speleo-canyon-ariege.com","description":"","potentialAction":[{"@type":"SearchAction","target":{"@type":"EntryPoint","urlTemplate":"https:\/\/speleo-canyon-ariege.com\/?s={search_term_string}"},"query-input":{"@type":"PropertyValueSpecification","valueRequired":true,"valueName":"search_term_string"}}],"inLanguage":"en-GB"}]}},"_links":{"self":[{"href":"https:\/\/speleo-canyon-ariege.com\/en\/wp-json\/wp\/v2\/product\/2365","targetHints":{"allow":["GET"]}}],"collection":[{"href":"https:\/\/speleo-canyon-ariege.com\/en\/wp-json\/wp\/v2\/product"}],"about":[{"href":"https:\/\/speleo-canyon-ariege.com\/en\/wp-json\/wp\/v2\/types\/product"}],"wp:featuredmedia":[{"embeddable":true,"href":"https:\/\/speleo-canyon-ariege.com\/en\/wp-json\/wp\/v2\/media\/3966"}],"wp:attachment":[{"href":"https:\/\/speleo-canyon-ariege.com\/en\/wp-json\/wp\/v2\/media?parent=2365"}],"wp:term":[{"taxonomy":"product_brand","embeddable":true,"href":"https:\/\/speleo-canyon-ariege.com\/en\/wp-json\/wp\/v2\/product_brand?post=2365"},{"taxonomy":"product_cat","embeddable":true,"href":"https:\/\/speleo-canyon-ariege.com\/en\/wp-json\/wp\/v2\/product_cat?post=2365"},{"taxonomy":"product_tag","embeddable":true,"href":"https:\/\/speleo-canyon-ariege.com\/en\/wp-json\/wp\/v2\/product_tag?post=2365"}],"curies":[{"name":"wp","href":"https:\/\/api.w.org\/{rel}","templated":true}]}}