{"id":2364,"date":"2025-01-13T08:43:44","date_gmt":"2025-01-13T08:43:44","guid":{"rendered":"https:\/\/speleo-canyon-ariege.com\/?post_type=product&#038;p=2364"},"modified":"2026-03-24T12:11:38","modified_gmt":"2026-03-24T12:11:38","slug":"canyon-de-largensou","status":"publish","type":"product","link":"https:\/\/speleo-canyon-ariege.com\/en\/product\/canyon-de-largensou\/","title":{"rendered":"Argensou Canyon"},"content":{"rendered":"<div class=\"vc_row row-container boomapps_vcrow\" data-parent=\"true\" data-section=\"1\">\n<div class=\"row limit-width row-parent\" data-imgready=\"true\">\n<div class=\"wpb_row row-inner\">\n<div class=\"wpb_column pos-top pos-center align_left column_parent col-lg-3 boomapps_vccolumn single-internal-gutter\">\n<div class=\"uncol style-light\">\n<div class=\"uncoltable\">\n<div class=\"uncell boomapps_vccolumn no-block-padding\">\n<div class=\"uncont\">\n<div class=\"uncode-single-media text-left\">\n<div class=\"single-wrapper\" style=\"max-width: 80%;\">\n<div class=\"tmb tmb-light tmb-media-first tmb-media-last tmb-content-overlay tmb-no-bg\">\n<div class=\"t-inside\">\n<div class=\"t-entry-visual\">\n<div class=\"t-entry-visual-tc\">\n<div class=\"uncode-single-media-wrapper\"><img loading=\"lazy\" decoding=\"async\" class=\"alignnone size-medium wp-image-2975\" src=\"https:\/\/speleo-canyon-ariege.com\/wp-content\/uploads\/2017\/02\/1.-Canyon-de-lArgensou-300x225.jpg\" alt=\"\" width=\"300\" height=\"225\" srcset=\"https:\/\/speleo-canyon-ariege.com\/wp-content\/uploads\/2017\/02\/1.-Canyon-de-lArgensou-300x225.jpg 300w, https:\/\/speleo-canyon-ariege.com\/wp-content\/uploads\/2017\/02\/1.-Canyon-de-lArgensou-600x450.jpg 600w, https:\/\/speleo-canyon-ariege.com\/wp-content\/uploads\/2017\/02\/1.-Canyon-de-lArgensou-768x576.jpg 768w, https:\/\/speleo-canyon-ariege.com\/wp-content\/uploads\/2017\/02\/1.-Canyon-de-lArgensou.jpg 1024w\" sizes=\"auto, (max-width: 300px) 100vw, 300px\" \/><\/div>\n<\/div>\n<\/div>\n<\/div>\n<\/div>\n<\/div>\n<\/div>\n<\/div>\n<\/div>\n<\/div>\n<\/div>\n<\/div>\n<div class=\"wpb_column pos-top pos-center align_left column_parent col-lg-6 boomapps_vccolumn single-internal-gutter\">\n<div class=\"uncol style-light\">\n<div class=\"uncoltable\">\n<div class=\"uncell boomapps_vccolumn no-block-padding\">\n<div class=\"uncont\">\n<div class=\"vc_custom_heading_wrap\">\n<div class=\"heading-text el-text\">\n<h2 class=\"h2\"><span class=\"font-188799\">Argensou canyon<\/span><\/h2>\n<\/div>\n<div class=\"clear\"><\/div>\n<\/div>\n<div class=\"uncode_text_column\">\n<p data-start=\"28\" data-end=\"304\">Perfect for <strong data-start=\"45\" data-end=\"70\">gentle initiation<\/strong>, this bright and open canyon immerses you in an atmosphere <strong data-start=\"131\" data-end=\"153\">wild and colored<\/strong>. The contrast between <strong data-start=\"177\" data-end=\"211\">bright green vegetation<\/strong>, the <strong data-start=\"217\" data-end=\"246\">red hues of shale<\/strong>, and<strong data-start=\"253\" data-end=\"268\">clear water<\/strong> cr\u00e9ent un d\u00e9cor naturel saisissant.<\/p>\n<p data-start=\"306\" data-end=\"571\">The route alternates <strong data-start=\"326\" data-end=\"354\">easy waterfalls (5 to 10 meters)<\/strong> ideal to <strong>learn abseiling,<\/strong> <strong>and sliding,<\/strong>The descent is punctuated of playfull passages and finish in a <strong data-start=\"478\" data-end=\"495\">final pool :<\/strong>where the most daring can <strong>jump!<\/strong>.<\/p>\n<p data-start=\"573\" data-end=\"667\" data-is-last-node=\"\" data-is-only-node=\"\">A <strong data-start=\"577\" data-end=\"609\">accessible and fun experience<\/strong>, perfect to discover canyoning with complete peace of mind!<\/p>\n<\/div>\n<\/div>\n<\/div>\n<\/div>\n<\/div>\n<\/div>\n<div class=\"wpb_column pos-top pos-center align_center column_parent col-lg-3 boomapps_vccolumn single-internal-gutter\">\n<div class=\"uncol style-light\">\n<div class=\"uncoltable\">\n<div class=\"uncell boomapps_vccolumn no-block-padding\">\n<div class=\"uncont\">\n<div class=\"uncode-single-media text-left\">\n<div class=\"single-wrapper\" style=\"max-width: 100%;\">\n<div class=\"tmb tmb-light tmb-media-first tmb-media-last tmb-content-overlay tmb-no-bg\">\n<div class=\"t-inside\">\n<div class=\"t-entry-visual\">\n<div class=\"t-entry-visual-tc\">\n<div class=\"uncode-single-media-wrapper\"><img loading=\"lazy\" decoding=\"async\" src=\"https:\/\/speleo-canyon-ariege.com\/wp-content\/uploads\/2025\/07\/topo-canyon-argensou-inferieur-ariege.webp\" alt=\"\" width=\"495\" height=\"600\" \/><\/div>\n<\/div>\n<\/div>\n<\/div>\n<\/div>\n<\/div>\n<\/div>\n<\/div>\n<\/div>\n<\/div>\n<\/div>\n<\/div>\n<p><script id=\"script-638416\" data-row=\"script-638416\" type=\"text\/javascript\" class=\"vc_controls\">UNCODE.initRow(document.getElementById(\"script-638416\"));<\/script><\/p>\n<\/div>\n<\/div>\n<\/div>","protected":false},"excerpt":{"rendered":"<p>Located in the <strong data-start=\"81\" data-end=\"104\">Vicdessos valley<\/strong>, closed to Auzat, <strong data-start=\"123\" data-end=\"147\">Argensou canyon<\/strong> is ideal for a <strong data-start=\"167\" data-end=\"227\">first experience to canyoning with introduction to abseiling<\/strong>.<br \/>\nAu <strong>printemps il peut \u00eatre un peu plus sportif<\/strong> et convient bien pour une d\u00e9couverte du rappel aquatique! Puis <strong>\u00e0 l'approche de l'\u00e9t\u00e9 il est accessible d\u00e8s 8 ans!<\/strong><br \/>\nIl offre un parcours ludique avec <strong data-start=\"285\" data-end=\"324\">easy waterfalls (5 to 10 meters)<\/strong>, perfect to learn <strong data-start=\"354\" data-end=\"394\">abseiling in security.<\/strong>With some <strong data-start=\"402\" data-end=\"444\">natural slides and optional jumps at the end of the course,<\/strong>this adventure guarantees you <strong>a discovery and sensations with family or friends<\/strong>.<\/p>\n<p class=\"translation-block\"><strong>Group Rate<\/strong>: \u20ac376 (8 people max.)<\/p>\n<p><strong>Included in the price<\/strong> : Reception, professional guiding, complete equipment with descender and canyoning shoes<\/p>","protected":false},"featured_media":3964,"template":"","meta":{"_acf_changed":false},"product_brand":[],"product_cat":[213,190,198],"product_tag":[],"class_list":{"0":"post-2364","1":"product","2":"type-product","3":"status-publish","4":"has-post-thumbnail","6":"product_cat-canyon-famille","7":"product_cat-canyon-initiation","8":"product_cat-non-classe","10":"first","11":"instock","12":"purchasable","13":"product-type-simple"},"acf":[],"yoast_head":"<!-- This site is optimized with the Yoast SEO Premium plugin v24.3 (Yoast SEO v24.7) - https:\/\/yoast.com\/wordpress\/plugins\/seo\/ -->\n<title>Canyon de l&#039;Argensou - speleo-canyon-ariege.com<\/title>\n<meta name=\"description\" content=\"D\u00e9couvrez le Canyon de l&#039;Argensou, un parcours id\u00e9al pour d\u00e9buter le canyoning en Ari\u00e8ge ! Cascades faciles, toboggans naturels et sauts optionnels dans un d\u00e9cor sauvage et lumineux. Une aventure \u00e0 vivre en famille ou entre amis. #Canyoning\" \/>\n<meta name=\"robots\" content=\"index, follow, max-snippet:-1, max-image-preview:large, max-video-preview:-1\" \/>\n<link rel=\"canonical\" href=\"https:\/\/speleo-canyon-ariege.com\/en\/product\/canyon-de-largensou\/\" \/>\n<meta property=\"og:locale\" content=\"en_GB\" \/>\n<meta property=\"og:type\" content=\"article\" \/>\n<meta property=\"og:title\" content=\"Canyon de l&#039;Argensou\" \/>\n<meta property=\"og:description\" content=\"D\u00e9couvrez le Canyon de l&#039;Argensou, un parcours id\u00e9al pour d\u00e9buter le canyoning en Ari\u00e8ge ! Cascades faciles, toboggans naturels et sauts optionnels dans un d\u00e9cor sauvage et lumineux. Une aventure \u00e0 vivre en famille ou entre amis. #Canyoning\" \/>\n<meta property=\"og:url\" content=\"https:\/\/speleo-canyon-ariege.com\/en\/product\/canyon-de-largensou\/\" \/>\n<meta property=\"og:site_name\" content=\"speleo-canyon-ariege.com\" \/>\n<meta property=\"article:modified_time\" content=\"2026-03-24T12:11:38+00:00\" \/>\n<meta property=\"og:image\" content=\"https:\/\/speleo-canyon-ariege.com\/wp-content\/uploads\/2025\/07\/canyoning-vertical-decouverte-ariege-argensou-1600x1067-1.webp\" \/>\n\t<meta property=\"og:image:width\" content=\"1600\" \/>\n\t<meta property=\"og:image:height\" content=\"1067\" \/>\n\t<meta property=\"og:image:type\" content=\"image\/webp\" \/>\n<meta name=\"twitter:card\" content=\"summary_large_image\" \/>\n<meta name=\"twitter:label1\" content=\"Estimated reading time\" \/>\n\t<meta name=\"twitter:data1\" content=\"2 minutes\" \/>\n<script type=\"application\/ld+json\" class=\"yoast-schema-graph\">{\"@context\":\"https:\/\/schema.org\",\"@graph\":[{\"@type\":\"WebPage\",\"@id\":\"https:\/\/speleo-canyon-ariege.com\/product\/canyon-de-largensou\/\",\"url\":\"https:\/\/speleo-canyon-ariege.com\/product\/canyon-de-largensou\/\",\"name\":\"Canyon de l'Argensou - speleo-canyon-ariege.com\",\"isPartOf\":{\"@id\":\"https:\/\/speleo-canyon-ariege.com\/#website\"},\"primaryImageOfPage\":{\"@id\":\"https:\/\/speleo-canyon-ariege.com\/product\/canyon-de-largensou\/#primaryimage\"},\"image\":{\"@id\":\"https:\/\/speleo-canyon-ariege.com\/product\/canyon-de-largensou\/#primaryimage\"},\"thumbnailUrl\":\"https:\/\/speleo-canyon-ariege.com\/wp-content\/uploads\/2025\/07\/canyoning-vertical-decouverte-ariege-argensou-1600x1067-1.webp\",\"datePublished\":\"2025-01-13T08:43:44+00:00\",\"dateModified\":\"2026-03-24T12:11:38+00:00\",\"description\":\"D\u00e9couvrez le Canyon de l'Argensou, un parcours id\u00e9al pour d\u00e9buter le canyoning en Ari\u00e8ge ! Cascades faciles, toboggans naturels et sauts optionnels dans un d\u00e9cor sauvage et lumineux. Une aventure \u00e0 vivre en famille ou entre amis. #Canyoning\",\"breadcrumb\":{\"@id\":\"https:\/\/speleo-canyon-ariege.com\/product\/canyon-de-largensou\/#breadcrumb\"},\"inLanguage\":\"en-GB\",\"potentialAction\":[{\"@type\":\"ReadAction\",\"target\":[\"https:\/\/speleo-canyon-ariege.com\/product\/canyon-de-largensou\/\"]}]},{\"@type\":\"ImageObject\",\"inLanguage\":\"en-GB\",\"@id\":\"https:\/\/speleo-canyon-ariege.com\/product\/canyon-de-largensou\/#primaryimage\",\"url\":\"https:\/\/speleo-canyon-ariege.com\/wp-content\/uploads\/2025\/07\/canyoning-vertical-decouverte-ariege-argensou-1600x1067-1.webp\",\"contentUrl\":\"https:\/\/speleo-canyon-ariege.com\/wp-content\/uploads\/2025\/07\/canyoning-vertical-decouverte-ariege-argensou-1600x1067-1.webp\",\"width\":1600,\"height\":1067,\"caption\":\"Canyoning vertical d\u00e9couverte en Ari\u00e8ge pour petits et grands au canyon de l'Argensou\"},{\"@type\":\"BreadcrumbList\",\"@id\":\"https:\/\/speleo-canyon-ariege.com\/product\/canyon-de-largensou\/#breadcrumb\",\"itemListElement\":[{\"@type\":\"ListItem\",\"position\":1,\"name\":\"Accueil\",\"item\":\"https:\/\/speleo-canyon-ariege.com\/\"},{\"@type\":\"ListItem\",\"position\":2,\"name\":\"Shop\",\"item\":\"https:\/\/speleo-canyon-ariege.com\/shop\/\"},{\"@type\":\"ListItem\",\"position\":3,\"name\":\"Canyon de l'Argensou\"}]},{\"@type\":\"WebSite\",\"@id\":\"https:\/\/speleo-canyon-ariege.com\/#website\",\"url\":\"https:\/\/speleo-canyon-ariege.com\/\",\"name\":\"speleo-canyon-ariege.com\",\"description\":\"\",\"potentialAction\":[{\"@type\":\"SearchAction\",\"target\":{\"@type\":\"EntryPoint\",\"urlTemplate\":\"https:\/\/speleo-canyon-ariege.com\/?s={search_term_string}\"},\"query-input\":{\"@type\":\"PropertyValueSpecification\",\"valueRequired\":true,\"valueName\":\"search_term_string\"}}],\"inLanguage\":\"en-GB\"}]}<\/script>\n<!-- \/ Yoast SEO Premium plugin. -->","yoast_head_json":{"title":"Canyon de l'Argensou - speleo-canyon-ariege.com","description":"D\u00e9couvrez le Canyon de l'Argensou, un parcours id\u00e9al pour d\u00e9buter le canyoning en Ari\u00e8ge ! Cascades faciles, toboggans naturels et sauts optionnels dans un d\u00e9cor sauvage et lumineux. Une aventure \u00e0 vivre en famille ou entre amis. #Canyoning","robots":{"index":"index","follow":"follow","max-snippet":"max-snippet:-1","max-image-preview":"max-image-preview:large","max-video-preview":"max-video-preview:-1"},"canonical":"https:\/\/speleo-canyon-ariege.com\/en\/product\/canyon-de-largensou\/","og_locale":"en_GB","og_type":"article","og_title":"Canyon de l'Argensou","og_description":"D\u00e9couvrez le Canyon de l'Argensou, un parcours id\u00e9al pour d\u00e9buter le canyoning en Ari\u00e8ge ! Cascades faciles, toboggans naturels et sauts optionnels dans un d\u00e9cor sauvage et lumineux. Une aventure \u00e0 vivre en famille ou entre amis. #Canyoning","og_url":"https:\/\/speleo-canyon-ariege.com\/en\/product\/canyon-de-largensou\/","og_site_name":"speleo-canyon-ariege.com","article_modified_time":"2026-03-24T12:11:38+00:00","og_image":[{"width":1600,"height":1067,"url":"https:\/\/speleo-canyon-ariege.com\/wp-content\/uploads\/2025\/07\/canyoning-vertical-decouverte-ariege-argensou-1600x1067-1.webp","type":"image\/webp"}],"twitter_card":"summary_large_image","twitter_misc":{"Estimated reading time":"2 minutes"},"schema":{"@context":"https:\/\/schema.org","@graph":[{"@type":"WebPage","@id":"https:\/\/speleo-canyon-ariege.com\/product\/canyon-de-largensou\/","url":"https:\/\/speleo-canyon-ariege.com\/product\/canyon-de-largensou\/","name":"Canyon de l'Argensou - speleo-canyon-ariege.com","isPartOf":{"@id":"https:\/\/speleo-canyon-ariege.com\/#website"},"primaryImageOfPage":{"@id":"https:\/\/speleo-canyon-ariege.com\/product\/canyon-de-largensou\/#primaryimage"},"image":{"@id":"https:\/\/speleo-canyon-ariege.com\/product\/canyon-de-largensou\/#primaryimage"},"thumbnailUrl":"https:\/\/speleo-canyon-ariege.com\/wp-content\/uploads\/2025\/07\/canyoning-vertical-decouverte-ariege-argensou-1600x1067-1.webp","datePublished":"2025-01-13T08:43:44+00:00","dateModified":"2026-03-24T12:11:38+00:00","description":"D\u00e9couvrez le Canyon de l'Argensou, un parcours id\u00e9al pour d\u00e9buter le canyoning en Ari\u00e8ge ! Cascades faciles, toboggans naturels et sauts optionnels dans un d\u00e9cor sauvage et lumineux. Une aventure \u00e0 vivre en famille ou entre amis. #Canyoning","breadcrumb":{"@id":"https:\/\/speleo-canyon-ariege.com\/product\/canyon-de-largensou\/#breadcrumb"},"inLanguage":"en-GB","potentialAction":[{"@type":"ReadAction","target":["https:\/\/speleo-canyon-ariege.com\/product\/canyon-de-largensou\/"]}]},{"@type":"ImageObject","inLanguage":"en-GB","@id":"https:\/\/speleo-canyon-ariege.com\/product\/canyon-de-largensou\/#primaryimage","url":"https:\/\/speleo-canyon-ariege.com\/wp-content\/uploads\/2025\/07\/canyoning-vertical-decouverte-ariege-argensou-1600x1067-1.webp","contentUrl":"https:\/\/speleo-canyon-ariege.com\/wp-content\/uploads\/2025\/07\/canyoning-vertical-decouverte-ariege-argensou-1600x1067-1.webp","width":1600,"height":1067,"caption":"Canyoning vertical d\u00e9couverte en Ari\u00e8ge pour petits et grands au canyon de l'Argensou"},{"@type":"BreadcrumbList","@id":"https:\/\/speleo-canyon-ariege.com\/product\/canyon-de-largensou\/#breadcrumb","itemListElement":[{"@type":"ListItem","position":1,"name":"Accueil","item":"https:\/\/speleo-canyon-ariege.com\/"},{"@type":"ListItem","position":2,"name":"Shop","item":"https:\/\/speleo-canyon-ariege.com\/shop\/"},{"@type":"ListItem","position":3,"name":"Canyon de l'Argensou"}]},{"@type":"WebSite","@id":"https:\/\/speleo-canyon-ariege.com\/#website","url":"https:\/\/speleo-canyon-ariege.com\/","name":"speleo-canyon-ariege.com","description":"","potentialAction":[{"@type":"SearchAction","target":{"@type":"EntryPoint","urlTemplate":"https:\/\/speleo-canyon-ariege.com\/?s={search_term_string}"},"query-input":{"@type":"PropertyValueSpecification","valueRequired":true,"valueName":"search_term_string"}}],"inLanguage":"en-GB"}]}},"_links":{"self":[{"href":"https:\/\/speleo-canyon-ariege.com\/en\/wp-json\/wp\/v2\/product\/2364","targetHints":{"allow":["GET"]}}],"collection":[{"href":"https:\/\/speleo-canyon-ariege.com\/en\/wp-json\/wp\/v2\/product"}],"about":[{"href":"https:\/\/speleo-canyon-ariege.com\/en\/wp-json\/wp\/v2\/types\/product"}],"wp:featuredmedia":[{"embeddable":true,"href":"https:\/\/speleo-canyon-ariege.com\/en\/wp-json\/wp\/v2\/media\/3964"}],"wp:attachment":[{"href":"https:\/\/speleo-canyon-ariege.com\/en\/wp-json\/wp\/v2\/media?parent=2364"}],"wp:term":[{"taxonomy":"product_brand","embeddable":true,"href":"https:\/\/speleo-canyon-ariege.com\/en\/wp-json\/wp\/v2\/product_brand?post=2364"},{"taxonomy":"product_cat","embeddable":true,"href":"https:\/\/speleo-canyon-ariege.com\/en\/wp-json\/wp\/v2\/product_cat?post=2364"},{"taxonomy":"product_tag","embeddable":true,"href":"https:\/\/speleo-canyon-ariege.com\/en\/wp-json\/wp\/v2\/product_tag?post=2364"}],"curies":[{"name":"wp","href":"https:\/\/api.w.org\/{rel}","templated":true}]}}