{"id":810,"date":"2017-06-04T18:31:29","date_gmt":"2017-06-04T17:31:29","guid":{"rendered":"http:\/\/speleo-canyon-ariege.com\/?page_id=810"},"modified":"2025-01-20T05:00:49","modified_gmt":"2025-01-20T05:00:49","slug":"label-universal-canyoning-academy","status":"publish","type":"page","link":"https:\/\/speleo-canyon-ariege.com\/en\/label-universal-canyoning-academy\/","title":{"rendered":"UCA Label"},"content":{"rendered":"<p>[vc_row][vc_column width=\"1\/1\"][vc_empty_space empty_h=\"0\"][\/vc_column][\/vc_row][vc_row][vc_column column_width_percent=\"100\" align_horizontal=\"align_center\" gutter_size=\"3\" overlay_alpha=\"50\" shift_x=\"0\" shift_y=\"0\" z_index=\"0\" medium_width=\"0\" width=\"1\/1\"][vc_custom_heading heading_semantic=\"h1\" text_font=\"font-188799\" text_size=\"fontsize-183068\" text_weight=\"300\" text_color=\"color-jevc\" separator=\"yes\" separator_color=\"yes\"]<\/p>\n<h1 class=\"p1\"><span class=\"s1 font-188799\">Label U.C.A<\/span><\/h1>\n<p>[\/vc_custom_heading][vc_column_text]<\/p>\n<p style=\"text-align: center;\">(Universal Canyoning Academy)<\/p>\n<p>[\/vc_column_text][\/vc_column][\/vc_row][vc_row][vc_column width=\"1\/6\"][\/vc_column][vc_column width=\"2\/3\"][vc_column_text]<\/p>\n<p class=\"p1\"><span class=\"s1\"><b>Universal Canyoning Academy est un label priv\u00e9 de formation et de pratique du canyoning d\u00e9velopp\u00e9 par des formateurs europ\u00e9ens exp\u00e9riment\u00e9s.<\/b><\/span><\/p>\n<p class=\"p2\"><span class=\"s1\"><i>(Plus de 30 ans, de pratique, d'exploration et de formation \u00e0 travers le monde).<\/i><\/span><\/p>\n<p class=\"p3\"><span class=\"s1\"><b>U.C.A<\/b> \u0153uvre pour le d\u00e9veloppement du canyoning en faveur non seulement des pratiquants occasionnels mais aussi des canyoneurs expert ou professionnels pratiquant et d\u00e9veloppant cette activit\u00e9 \u00e0 travers le monde.<\/span><\/p>\n<p class=\"p2\"><span class=\"s1\"><b>Pourquoi vous former avec Universal Canyoning Academy ?<\/b><\/span><\/p>\n<p class=\"p2\"><span class=\"s1\">Pratiquer avec Universal Canyoning Academy, c\u2019est l\u2019assurance de profiter de vos descentes de canyons de mani\u00e8re ludique et en toute s\u00e9curit\u00e9, que ce soit avec votre guide, vos amis o\u00f9 vos clients.<\/span><\/p>\n<p class=\"p2\"><span class=\"s1\">Au travers des formations propos\u00e9es par nos centres affili\u00e9s, vous aurez la garantie :<\/span><\/p>\n<p class=\"p4\"><span class=\"s1\">&gt; D'un accueil et h\u00e9bergement de qualit\u00e9,<br \/>\n&gt; D'un enseignement par des formateurs U.C.A hautement qualifi\u00e9s et exp\u00e9riment\u00e9s,<br \/>\n&gt; De recevoir un enseignement technique, p\u00e9dagogique et psychologique, individualis\u00e9, sous forme de modules dissoci\u00e9s, vous permettant de suivre seulement les contenus dont vous avez besoin,<br \/>\n&gt; D'obtenir un contenu de formation international constamment am\u00e9lior\u00e9,<br \/>\n&gt; De pratiquer dans des canyons dont l'\u00e9quipement est v\u00e9rifi\u00e9s et irr\u00e9prochables, mais surtout, adapt\u00e9 \u00e0 la formation canyon,<br \/>\n&gt; De recevoir en pr\u00eat l'int\u00e9gralit\u00e9 du mat\u00e9riel individuel de canyon, complet (descente et remont\u00e9e) et aux normes.<br \/>\n<\/span><\/p>\n<p class=\"p3\"><span class=\"s1\"><b><i>Faites le grand saut : \u00ab Ouvrez-vous de nouveaux horizons, rejoignez la Communaut\u00e9 internationale de canyon ! \u00bb<\/i><\/b><\/span><\/p>\n<p class=\"p2\"><span class=\"s1\"><b>Le Cursus de Formation :<\/b><\/span><\/p>\n<p class=\"p2\"><span class=\"s1\">U.C.A est un Label europ\u00e9en qui est adapt\u00e9e \u00e0 une pratique partout dans le monde. <\/span><\/p>\n<p class=\"p2\"><span class=\"s1\">Plus qu\u2019une simple formation, U.C.A vous propose un cursus all\u00e9g\u00e9 et \u00e0 la carte d\u00e9butant par la formation \u201cCANYONEUR INITIATION\u201d, vous assurant ainsi une pratique ludique et s\u00e9curitaire avec votre guide. <\/span><\/p>\n<p class=\"p2\"><span class=\"s1\">Puis la formation \"CANYONEUR AUTONOME\", vous offrant la possibilit\u00e9 d'une pratique internationale en tant que leader avec vos amis. <\/span><\/p>\n<p class=\"p2\"><span class=\"s1\">Jusqu\u2019\u00e0 la formation \"CANYONEUR EXPERT\", laquelle vous pr\u00e9parera ou vous dirigera vers un avenir professionnel \u00e0 l\u2019international. En ne s\u00e9lectionnant que certains modules, cette m\u00eame formation vous permettra de recycler ou de compl\u00e9ter vos comp\u00e9tences anciennement acquises.<\/span><\/p>\n<p class=\"p2\"><span class=\"s1\">-------------------<\/span><\/p>\n<p class=\"p4\"><span class=\"s1\"><i>(Sur le territoire fran\u00e7ais, il existe une r\u00e9glementation sp\u00e9cifique : L\u2019article L212-1 du code du sport pr\u00e9cise que l\u2019encadrement du canyon contre r\u00e9mun\u00e9ration n\u00e9cessite la d\u00e9tention d\u2019un dipl\u00f4me professionnel (DEJEPS Canyonisme, BEES option Sp\u00e9l\u00e9o, BEES option escalade, dipl\u00f4me de guide de haute montagne et d\u2019aspirant guide, titulaire de l\u2019AQA). De ce fait, si vous souhaitez exercer en tant que professionnel canyon en France, il peut \u00eatre int\u00e9ressant d\u2019envisager une formation DEJEPS perf Canyonisme au CREPS Rh\u00f4ne-Alpes ou de Montpellier).<\/i><\/span><\/p>\n<p>[\/vc_column_text][\/vc_column][vc_column width=\"1\/6\"][\/vc_column][\/vc_row][vc_row][vc_column width=\"1\/1\"][vc_empty_space empty_h=\"0\"][\/vc_column][\/vc_row]<\/p>","protected":false},"excerpt":{"rendered":"<p>[vc_row][vc_column width=\"1\/1\"][vc_empty_space empty_h=\"0\"][\/vc_column][\/vc_row][vc_row][vc_column column_width_percent=\"100\" align_horizontal=\"align_center\" gutter_size=\"3\" overlay_alpha=\"50\" shift_x=\"0\" shift_y=\"0\" z_index=\"0\" medium_width=\"0\" width=\"1\/1\"][vc_custom_heading heading_semantic=\"h1\" text_font=\"font-188799\" text_size=\"fontsize-183068\" text_weight=\"300\" text_color=\"color-jevc\" separator=\"yes\" separator_color=\"yes\"] Label U.C.A [\/vc_custom_heading][vc_column_text] (Universal Canyoning Academy) [\/vc_column_text][\/vc_column][\/vc_row][vc_row][vc_column width=\"1\/6\"][\/vc_column][vc_column width=\"2\/3\"][vc_column_text] Universal Canyoning Academy est un label priv\u00e9 de formation et de pratique du canyoning d\u00e9velopp\u00e9 par des formateurs europ\u00e9ens exp\u00e9riment\u00e9s. (Plus de 30 ans, de pratique, d'exploration [&hellip;]<\/p>","protected":false},"author":2,"featured_media":1463,"parent":0,"menu_order":0,"comment_status":"closed","ping_status":"closed","template":"","meta":{"_acf_changed":false,"footnotes":""},"class_list":["post-810","page","type-page","status-publish","has-post-thumbnail","hentry"],"acf":[],"yoast_head":"<!-- This site is optimized with the Yoast SEO Premium plugin v24.3 (Yoast SEO v24.7) - https:\/\/yoast.com\/wordpress\/plugins\/seo\/ -->\n<title>Label UCA - speleo-canyon-ariege.com<\/title>\n<meta name=\"description\" content=\"Organisation Internationale de Canyon pour professionnels.\" \/>\n<meta name=\"robots\" content=\"index, follow, max-snippet:-1, max-image-preview:large, max-video-preview:-1\" \/>\n<link rel=\"canonical\" href=\"https:\/\/speleo-canyon-ariege.com\/en\/label-universal-canyoning-academy\/\" \/>\n<meta property=\"og:locale\" content=\"en_GB\" \/>\n<meta property=\"og:type\" content=\"article\" \/>\n<meta property=\"og:title\" content=\"Label UCA\" \/>\n<meta property=\"og:description\" content=\"Organisation Internationale de Canyon pour professionnels.\" \/>\n<meta property=\"og:url\" content=\"https:\/\/speleo-canyon-ariege.com\/en\/label-universal-canyoning-academy\/\" \/>\n<meta property=\"og:site_name\" content=\"speleo-canyon-ariege.com\" \/>\n<meta property=\"article:modified_time\" content=\"2025-01-20T05:00:49+00:00\" \/>\n<meta name=\"twitter:card\" content=\"summary_large_image\" \/>\n<meta name=\"twitter:label1\" content=\"Estimated reading time\" \/>\n\t<meta name=\"twitter:data1\" content=\"3 minutes\" \/>\n<script type=\"application\/ld+json\" class=\"yoast-schema-graph\">{\"@context\":\"https:\/\/schema.org\",\"@graph\":[{\"@type\":\"WebPage\",\"@id\":\"https:\/\/speleo-canyon-ariege.com\/label-universal-canyoning-academy\/\",\"url\":\"https:\/\/speleo-canyon-ariege.com\/label-universal-canyoning-academy\/\",\"name\":\"Label UCA - speleo-canyon-ariege.com\",\"isPartOf\":{\"@id\":\"https:\/\/speleo-canyon-ariege.com\/#website\"},\"primaryImageOfPage\":{\"@id\":\"https:\/\/speleo-canyon-ariege.com\/label-universal-canyoning-academy\/#primaryimage\"},\"image\":{\"@id\":\"https:\/\/speleo-canyon-ariege.com\/label-universal-canyoning-academy\/#primaryimage\"},\"thumbnailUrl\":\"\",\"datePublished\":\"2017-06-04T17:31:29+00:00\",\"dateModified\":\"2025-01-20T05:00:49+00:00\",\"description\":\"Organisation Internationale de Canyon pour professionnels.\",\"breadcrumb\":{\"@id\":\"https:\/\/speleo-canyon-ariege.com\/label-universal-canyoning-academy\/#breadcrumb\"},\"inLanguage\":\"en-GB\",\"potentialAction\":[{\"@type\":\"ReadAction\",\"target\":[\"https:\/\/speleo-canyon-ariege.com\/label-universal-canyoning-academy\/\"]}]},{\"@type\":\"ImageObject\",\"inLanguage\":\"en-GB\",\"@id\":\"https:\/\/speleo-canyon-ariege.com\/label-universal-canyoning-academy\/#primaryimage\",\"url\":\"\",\"contentUrl\":\"\"},{\"@type\":\"BreadcrumbList\",\"@id\":\"https:\/\/speleo-canyon-ariege.com\/label-universal-canyoning-academy\/#breadcrumb\",\"itemListElement\":[{\"@type\":\"ListItem\",\"position\":1,\"name\":\"Accueil\",\"item\":\"https:\/\/speleo-canyon-ariege.com\/\"},{\"@type\":\"ListItem\",\"position\":2,\"name\":\"Label UCA\"}]},{\"@type\":\"WebSite\",\"@id\":\"https:\/\/speleo-canyon-ariege.com\/#website\",\"url\":\"https:\/\/speleo-canyon-ariege.com\/\",\"name\":\"speleo-canyon-ariege.com\",\"description\":\"\",\"potentialAction\":[{\"@type\":\"SearchAction\",\"target\":{\"@type\":\"EntryPoint\",\"urlTemplate\":\"https:\/\/speleo-canyon-ariege.com\/?s={search_term_string}\"},\"query-input\":{\"@type\":\"PropertyValueSpecification\",\"valueRequired\":true,\"valueName\":\"search_term_string\"}}],\"inLanguage\":\"en-GB\"}]}<\/script>\n<!-- \/ Yoast SEO Premium plugin. -->","yoast_head_json":{"title":"Label UCA - speleo-canyon-ariege.com","description":"Organisation Internationale de Canyon pour professionnels.","robots":{"index":"index","follow":"follow","max-snippet":"max-snippet:-1","max-image-preview":"max-image-preview:large","max-video-preview":"max-video-preview:-1"},"canonical":"https:\/\/speleo-canyon-ariege.com\/en\/label-universal-canyoning-academy\/","og_locale":"en_GB","og_type":"article","og_title":"Label UCA","og_description":"Organisation Internationale de Canyon pour professionnels.","og_url":"https:\/\/speleo-canyon-ariege.com\/en\/label-universal-canyoning-academy\/","og_site_name":"speleo-canyon-ariege.com","article_modified_time":"2025-01-20T05:00:49+00:00","twitter_card":"summary_large_image","twitter_misc":{"Estimated reading time":"3 minutes"},"schema":{"@context":"https:\/\/schema.org","@graph":[{"@type":"WebPage","@id":"https:\/\/speleo-canyon-ariege.com\/label-universal-canyoning-academy\/","url":"https:\/\/speleo-canyon-ariege.com\/label-universal-canyoning-academy\/","name":"Label UCA - speleo-canyon-ariege.com","isPartOf":{"@id":"https:\/\/speleo-canyon-ariege.com\/#website"},"primaryImageOfPage":{"@id":"https:\/\/speleo-canyon-ariege.com\/label-universal-canyoning-academy\/#primaryimage"},"image":{"@id":"https:\/\/speleo-canyon-ariege.com\/label-universal-canyoning-academy\/#primaryimage"},"thumbnailUrl":"","datePublished":"2017-06-04T17:31:29+00:00","dateModified":"2025-01-20T05:00:49+00:00","description":"Organisation Internationale de Canyon pour professionnels.","breadcrumb":{"@id":"https:\/\/speleo-canyon-ariege.com\/label-universal-canyoning-academy\/#breadcrumb"},"inLanguage":"en-GB","potentialAction":[{"@type":"ReadAction","target":["https:\/\/speleo-canyon-ariege.com\/label-universal-canyoning-academy\/"]}]},{"@type":"ImageObject","inLanguage":"en-GB","@id":"https:\/\/speleo-canyon-ariege.com\/label-universal-canyoning-academy\/#primaryimage","url":"","contentUrl":""},{"@type":"BreadcrumbList","@id":"https:\/\/speleo-canyon-ariege.com\/label-universal-canyoning-academy\/#breadcrumb","itemListElement":[{"@type":"ListItem","position":1,"name":"Accueil","item":"https:\/\/speleo-canyon-ariege.com\/"},{"@type":"ListItem","position":2,"name":"Label UCA"}]},{"@type":"WebSite","@id":"https:\/\/speleo-canyon-ariege.com\/#website","url":"https:\/\/speleo-canyon-ariege.com\/","name":"speleo-canyon-ariege.com","description":"","potentialAction":[{"@type":"SearchAction","target":{"@type":"EntryPoint","urlTemplate":"https:\/\/speleo-canyon-ariege.com\/?s={search_term_string}"},"query-input":{"@type":"PropertyValueSpecification","valueRequired":true,"valueName":"search_term_string"}}],"inLanguage":"en-GB"}]}},"_links":{"self":[{"href":"https:\/\/speleo-canyon-ariege.com\/en\/wp-json\/wp\/v2\/pages\/810","targetHints":{"allow":["GET"]}}],"collection":[{"href":"https:\/\/speleo-canyon-ariege.com\/en\/wp-json\/wp\/v2\/pages"}],"about":[{"href":"https:\/\/speleo-canyon-ariege.com\/en\/wp-json\/wp\/v2\/types\/page"}],"author":[{"embeddable":true,"href":"https:\/\/speleo-canyon-ariege.com\/en\/wp-json\/wp\/v2\/users\/2"}],"replies":[{"embeddable":true,"href":"https:\/\/speleo-canyon-ariege.com\/en\/wp-json\/wp\/v2\/comments?post=810"}],"version-history":[{"count":1,"href":"https:\/\/speleo-canyon-ariege.com\/en\/wp-json\/wp\/v2\/pages\/810\/revisions"}],"predecessor-version":[{"id":2656,"href":"https:\/\/speleo-canyon-ariege.com\/en\/wp-json\/wp\/v2\/pages\/810\/revisions\/2656"}],"wp:featuredmedia":[{"embeddable":true,"href":"https:\/\/speleo-canyon-ariege.com\/en\/wp-json\/"}],"wp:attachment":[{"href":"https:\/\/speleo-canyon-ariege.com\/en\/wp-json\/wp\/v2\/media?parent=810"}],"curies":[{"name":"wp","href":"https:\/\/api.w.org\/{rel}","templated":true}]}}