{"id":8,"date":"2017-02-03T14:19:48","date_gmt":"2017-02-03T13:19:48","guid":{"rendered":"http:\/\/speleo-canyon-ariege.com\/?page_id=8"},"modified":"2026-04-01T07:39:50","modified_gmt":"2026-04-01T07:39:50","slug":"canyoning-et-speleologie-en-ariege-speleo-canyon-ariege-aventure-pour-tous","status":"publish","type":"page","link":"https:\/\/speleo-canyon-ariege.com\/en\/","title":{"rendered":"Canyoning et Sp\u00e9l\u00e9ologie en Ari\u00e8ge : L'Aventure Nature Accessible \u00e0 Tous"},"content":{"rendered":"","protected":false},"excerpt":{"rendered":"","protected":false},"author":2,"featured_media":3959,"parent":0,"menu_order":0,"comment_status":"closed","ping_status":"closed","template":"","meta":{"_acf_changed":false,"footnotes":""},"class_list":["post-8","page","type-page","status-publish","has-post-thumbnail","hentry"],"acf":[],"yoast_head":"<!-- This site is optimized with the Yoast SEO Premium plugin v24.3 (Yoast SEO v24.7) - https:\/\/yoast.com\/wordpress\/plugins\/seo\/ -->\n<title>Canyoning &amp; sp\u00e9l\u00e9ologie en Ari\u00e8ge - Pour familles et sportifs<\/title>\n<meta name=\"description\" content=\"Canyoning et sp\u00e9l\u00e9ologie en Ari\u00e8ge : sorties encadr\u00e9es pour familles, enfants, sportifs. Moniteurs dipl\u00f4m\u00e9s, nature pr\u00e9serv\u00e9e, \u00e9motions garanties !\" \/>\n<meta name=\"robots\" content=\"index, follow, max-snippet:-1, max-image-preview:large, max-video-preview:-1\" \/>\n<link rel=\"canonical\" href=\"https:\/\/speleo-canyon-ariege.com\/en\/\" \/>\n<meta property=\"og:locale\" content=\"en_GB\" \/>\n<meta property=\"og:type\" content=\"article\" \/>\n<meta property=\"og:title\" content=\"Canyoning et Sp\u00e9l\u00e9ologie en Ari\u00e8ge : L&#039;Aventure Nature Accessible \u00e0 Tous Fun, challenge, fra\u00eecheur, un combo gagnant! \ud83d\udca6\" \/>\n<meta property=\"og:description\" content=\"Canyoning et sp\u00e9l\u00e9ologie en Ari\u00e8ge : sorties encadr\u00e9es pour familles, enfants, sportifs. Moniteurs dipl\u00f4m\u00e9s, nature pr\u00e9serv\u00e9e, \u00e9motions garanties !\" \/>\n<meta property=\"og:url\" content=\"https:\/\/speleo-canyon-ariege.com\/en\/\" \/>\n<meta property=\"og:site_name\" content=\"speleo-canyon-ariege.com\" \/>\n<meta property=\"article:modified_time\" content=\"2026-04-01T07:39:50+00:00\" \/>\n<meta property=\"og:image\" content=\"https:\/\/speleo-canyon-ariege.com\/wp-content\/uploads\/2025\/04\/IMGP2385-1024x683.jpg\" \/>\n\t<meta property=\"og:image:width\" content=\"1024\" \/>\n\t<meta property=\"og:image:height\" content=\"683\" \/>\n\t<meta property=\"og:image:type\" content=\"image\/jpeg\" \/>\n<meta name=\"twitter:card\" content=\"summary_large_image\" \/>\n<meta name=\"twitter:title\" content=\"Canyoning et Sp\u00e9l\u00e9ologie en Ari\u00e8ge : L&#039;Aventure Nature Accessible \u00e0 Tous\" \/>\n<meta name=\"twitter:label1\" content=\"Estimated reading time\" \/>\n\t<meta name=\"twitter:data1\" content=\"1 minute\" \/>\n<script type=\"application\/ld+json\" class=\"yoast-schema-graph\">{\"@context\":\"https:\/\/schema.org\",\"@graph\":[{\"@type\":[\"WebPage\",\"CollectionPage\"],\"@id\":\"https:\/\/speleo-canyon-ariege.com\/\",\"url\":\"https:\/\/speleo-canyon-ariege.com\/\",\"name\":\"Canyoning & sp\u00e9l\u00e9ologie en Ari\u00e8ge - Pour familles et sportifs\",\"isPartOf\":{\"@id\":\"https:\/\/speleo-canyon-ariege.com\/#website\"},\"primaryImageOfPage\":{\"@id\":\"https:\/\/speleo-canyon-ariege.com\/#primaryimage\"},\"image\":{\"@id\":\"https:\/\/speleo-canyon-ariege.com\/#primaryimage\"},\"thumbnailUrl\":\"https:\/\/speleo-canyon-ariege.com\/wp-content\/uploads\/2025\/07\/canyoning-ariege-montagne-tyrolienne-artigue-1600x1066-1.webp\",\"datePublished\":\"2017-02-03T13:19:48+00:00\",\"dateModified\":\"2026-04-01T07:39:50+00:00\",\"description\":\"Canyoning et sp\u00e9l\u00e9ologie en Ari\u00e8ge : sorties encadr\u00e9es pour familles, enfants, sportifs. Moniteurs dipl\u00f4m\u00e9s, nature pr\u00e9serv\u00e9e, \u00e9motions garanties !\",\"breadcrumb\":{\"@id\":\"https:\/\/speleo-canyon-ariege.com\/#breadcrumb\"},\"inLanguage\":\"en-GB\"},{\"@type\":\"ImageObject\",\"inLanguage\":\"en-GB\",\"@id\":\"https:\/\/speleo-canyon-ariege.com\/#primaryimage\",\"url\":\"https:\/\/speleo-canyon-ariege.com\/wp-content\/uploads\/2025\/07\/canyoning-ariege-montagne-tyrolienne-artigue-1600x1066-1.webp\",\"contentUrl\":\"https:\/\/speleo-canyon-ariege.com\/wp-content\/uploads\/2025\/07\/canyoning-ariege-montagne-tyrolienne-artigue-1600x1066-1.webp\",\"width\":1600,\"height\":1066,\"caption\":\"Canyoning en Ari\u00e8ge en montagne, tyrolienne au canyon de l'Artigue\"},{\"@type\":\"BreadcrumbList\",\"@id\":\"https:\/\/speleo-canyon-ariege.com\/#breadcrumb\",\"itemListElement\":[{\"@type\":\"ListItem\",\"position\":1,\"name\":\"Accueil\",\"item\":\"https:\/\/speleo-canyon-ariege.com\/\"},{\"@type\":\"ListItem\",\"position\":2,\"name\":\"Canyoning et Sp\u00e9l\u00e9ologie en Ari\u00e8ge : L'Aventure Nature Accessible \u00e0 Tous\"}]},{\"@type\":\"WebSite\",\"@id\":\"https:\/\/speleo-canyon-ariege.com\/#website\",\"url\":\"https:\/\/speleo-canyon-ariege.com\/\",\"name\":\"speleo-canyon-ariege.com\",\"description\":\"\",\"potentialAction\":[{\"@type\":\"SearchAction\",\"target\":{\"@type\":\"EntryPoint\",\"urlTemplate\":\"https:\/\/speleo-canyon-ariege.com\/?s={search_term_string}\"},\"query-input\":{\"@type\":\"PropertyValueSpecification\",\"valueRequired\":true,\"valueName\":\"search_term_string\"}}],\"inLanguage\":\"en-GB\"}]}<\/script>\n<!-- \/ Yoast SEO Premium plugin. -->","yoast_head_json":{"title":"Canyoning & sp\u00e9l\u00e9ologie en Ari\u00e8ge - Pour familles et sportifs","description":"Canyoning et sp\u00e9l\u00e9ologie en Ari\u00e8ge : sorties encadr\u00e9es pour familles, enfants, sportifs. Moniteurs dipl\u00f4m\u00e9s, nature pr\u00e9serv\u00e9e, \u00e9motions garanties !","robots":{"index":"index","follow":"follow","max-snippet":"max-snippet:-1","max-image-preview":"max-image-preview:large","max-video-preview":"max-video-preview:-1"},"canonical":"https:\/\/speleo-canyon-ariege.com\/en\/","og_locale":"en_GB","og_type":"article","og_title":"Canyoning et Sp\u00e9l\u00e9ologie en Ari\u00e8ge : L'Aventure Nature Accessible \u00e0 Tous Fun, challenge, fra\u00eecheur, un combo gagnant! \ud83d\udca6","og_description":"Canyoning et sp\u00e9l\u00e9ologie en Ari\u00e8ge : sorties encadr\u00e9es pour familles, enfants, sportifs. Moniteurs dipl\u00f4m\u00e9s, nature pr\u00e9serv\u00e9e, \u00e9motions garanties !","og_url":"https:\/\/speleo-canyon-ariege.com\/en\/","og_site_name":"speleo-canyon-ariege.com","article_modified_time":"2026-04-01T07:39:50+00:00","og_image":[{"width":1024,"height":683,"url":"https:\/\/speleo-canyon-ariege.com\/wp-content\/uploads\/2025\/04\/IMGP2385-1024x683.jpg","type":"image\/jpeg"}],"twitter_card":"summary_large_image","twitter_title":"Canyoning et Sp\u00e9l\u00e9ologie en Ari\u00e8ge : L'Aventure Nature Accessible \u00e0 Tous","twitter_misc":{"Estimated reading time":"1 minute"},"schema":{"@context":"https:\/\/schema.org","@graph":[{"@type":["WebPage","CollectionPage"],"@id":"https:\/\/speleo-canyon-ariege.com\/","url":"https:\/\/speleo-canyon-ariege.com\/","name":"Canyoning & sp\u00e9l\u00e9ologie en Ari\u00e8ge - Pour familles et sportifs","isPartOf":{"@id":"https:\/\/speleo-canyon-ariege.com\/#website"},"primaryImageOfPage":{"@id":"https:\/\/speleo-canyon-ariege.com\/#primaryimage"},"image":{"@id":"https:\/\/speleo-canyon-ariege.com\/#primaryimage"},"thumbnailUrl":"https:\/\/speleo-canyon-ariege.com\/wp-content\/uploads\/2025\/07\/canyoning-ariege-montagne-tyrolienne-artigue-1600x1066-1.webp","datePublished":"2017-02-03T13:19:48+00:00","dateModified":"2026-04-01T07:39:50+00:00","description":"Canyoning et sp\u00e9l\u00e9ologie en Ari\u00e8ge : sorties encadr\u00e9es pour familles, enfants, sportifs. Moniteurs dipl\u00f4m\u00e9s, nature pr\u00e9serv\u00e9e, \u00e9motions garanties !","breadcrumb":{"@id":"https:\/\/speleo-canyon-ariege.com\/#breadcrumb"},"inLanguage":"en-GB"},{"@type":"ImageObject","inLanguage":"en-GB","@id":"https:\/\/speleo-canyon-ariege.com\/#primaryimage","url":"https:\/\/speleo-canyon-ariege.com\/wp-content\/uploads\/2025\/07\/canyoning-ariege-montagne-tyrolienne-artigue-1600x1066-1.webp","contentUrl":"https:\/\/speleo-canyon-ariege.com\/wp-content\/uploads\/2025\/07\/canyoning-ariege-montagne-tyrolienne-artigue-1600x1066-1.webp","width":1600,"height":1066,"caption":"Canyoning en Ari\u00e8ge en montagne, tyrolienne au canyon de l'Artigue"},{"@type":"BreadcrumbList","@id":"https:\/\/speleo-canyon-ariege.com\/#breadcrumb","itemListElement":[{"@type":"ListItem","position":1,"name":"Accueil","item":"https:\/\/speleo-canyon-ariege.com\/"},{"@type":"ListItem","position":2,"name":"Canyoning et Sp\u00e9l\u00e9ologie en Ari\u00e8ge : L'Aventure Nature Accessible \u00e0 Tous"}]},{"@type":"WebSite","@id":"https:\/\/speleo-canyon-ariege.com\/#website","url":"https:\/\/speleo-canyon-ariege.com\/","name":"speleo-canyon-ariege.com","description":"","potentialAction":[{"@type":"SearchAction","target":{"@type":"EntryPoint","urlTemplate":"https:\/\/speleo-canyon-ariege.com\/?s={search_term_string}"},"query-input":{"@type":"PropertyValueSpecification","valueRequired":true,"valueName":"search_term_string"}}],"inLanguage":"en-GB"}]}},"_links":{"self":[{"href":"https:\/\/speleo-canyon-ariege.com\/en\/wp-json\/wp\/v2\/pages\/8","targetHints":{"allow":["GET"]}}],"collection":[{"href":"https:\/\/speleo-canyon-ariege.com\/en\/wp-json\/wp\/v2\/pages"}],"about":[{"href":"https:\/\/speleo-canyon-ariege.com\/en\/wp-json\/wp\/v2\/types\/page"}],"author":[{"embeddable":true,"href":"https:\/\/speleo-canyon-ariege.com\/en\/wp-json\/wp\/v2\/users\/2"}],"replies":[{"embeddable":true,"href":"https:\/\/speleo-canyon-ariege.com\/en\/wp-json\/wp\/v2\/comments?post=8"}],"version-history":[{"count":48,"href":"https:\/\/speleo-canyon-ariege.com\/en\/wp-json\/wp\/v2\/pages\/8\/revisions"}],"predecessor-version":[{"id":4107,"href":"https:\/\/speleo-canyon-ariege.com\/en\/wp-json\/wp\/v2\/pages\/8\/revisions\/4107"}],"wp:featuredmedia":[{"embeddable":true,"href":"https:\/\/speleo-canyon-ariege.com\/en\/wp-json\/wp\/v2\/media\/3959"}],"wp:attachment":[{"href":"https:\/\/speleo-canyon-ariege.com\/en\/wp-json\/wp\/v2\/media?parent=8"}],"curies":[{"name":"wp","href":"https:\/\/api.w.org\/{rel}","templated":true}]}}