{"id":646,"date":"2017-05-18T10:01:14","date_gmt":"2017-05-18T09:01:14","guid":{"rendered":"http:\/\/speleo-canyon-ariege.com\/?page_id=646"},"modified":"2025-01-20T05:00:49","modified_gmt":"2025-01-20T05:00:49","slug":"conseils-coaching","status":"publish","type":"page","link":"https:\/\/speleo-canyon-ariege.com\/en\/conseils-coaching\/","title":{"rendered":"Conseils &#038; Coaching"},"content":{"rendered":"<p>[vc_row][vc_column width=\"1\/1\"][vc_empty_space empty_h=\"0\"][\/vc_column][\/vc_row][vc_row][vc_column column_width_percent=\"100\" position_vertical=\"middle\" align_horizontal=\"align_center\" gutter_size=\"3\" overlay_alpha=\"50\" shift_x=\"0\" shift_y=\"0\" z_index=\"0\" medium_width=\"0\" width=\"1\/1\"][vc_custom_heading heading_semantic=\"h1\" text_font=\"font-188799\" text_size=\"fontsize-183068\" text_weight=\"400\" text_color=\"color-jevc\" separator=\"yes\" separator_color=\"yes\"]Conseils et Coaching[\/vc_custom_heading][\/vc_column][\/vc_row][vc_row][vc_column width=\"1\/4\"][\/vc_column][vc_column width=\"1\/2\"][vc_column_text]<\/p>\n<p style=\"text-align: justify;\">Vous souhaitez devenir \u201cmanager\u201d et ouvrir votre propre centre de canyoning en France ou \u00e0 l'\u00e9tranger ? Vous souhaitez cr\u00e9er votre site internet et apprendre \u00e0 vendre vos produits ? Vous devez ouvrir ou r\u00e9\u00e9quiper vos canyon et mettre en place un plan de secours sp\u00e9cifique ?<\/p>\n<p>Nous pourrons vous conseiller et vous donner tous les outils pour d\u00e9velopper votre activit\u00e9 professionnelle dans le pays de votre choix. Gr\u00e2ce \u00e0 notre exp\u00e9rience \u00e0 l'internationale et \u00e0 notre expertise acquise durant ces 15 derni\u00e8res ann\u00e9es (d\u00e9veloppement, \u00e9quipement, productivit\u00e9, management, commercialisation, strat\u00e9gie, optimisation et innovation\u2026), nous pouvons vous aider \u00e0 atteindre vos objectifs, devenir vous m\u00eame professionnel et expert de la promotion du canyoning et de la formation. Retour sur investissement garanti.<\/p>\n<p style=\"text-align: center;\"><a href=\"http:\/\/speleo-canyon-ariege.com\/en\/contact\/\">Contact us !<\/a><\/p>\n<p>[\/vc_column_text][\/vc_column][vc_column width=\"1\/4\"][\/vc_column][\/vc_row][vc_row][vc_column width=\"1\/1\"][vc_empty_space empty_h=\"0\"][\/vc_column][\/vc_row]<\/p>","protected":false},"excerpt":{"rendered":"<p>[vc_row][vc_column width=\"1\/1\"][vc_empty_space empty_h=\"0\"][\/vc_column][\/vc_row][vc_row][vc_column column_width_percent=\"100\" position_vertical=\"middle\" align_horizontal=\"align_center\" gutter_size=\"3\" overlay_alpha=\"50\" shift_x=\"0\" shift_y=\"0\" z_index=\"0\" medium_width=\"0\" width=\"1\/1\"][vc_custom_heading heading_semantic=\"h1\" text_font=\"font-188799\" text_size=\"fontsize-183068\" text_weight=\"400\" text_color=\"color-jevc\" separator=\"yes\" separator_color=\"yes\"]Conseils et Coaching[\/vc_custom_heading][\/vc_column][\/vc_row][vc_row][vc_column width=\"1\/4\"][\/vc_column][vc_column width=\"1\/2\"][vc_column_text] Vous souhaitez devenir \u201cmanager\u201d et ouvrir votre propre centre de canyoning en France ou \u00e0 l'\u00e9tranger ? Vous souhaitez cr\u00e9er votre site internet et apprendre \u00e0 vendre vos produits ? Vous [&hellip;]<\/p>","protected":false},"author":2,"featured_media":1437,"parent":0,"menu_order":0,"comment_status":"closed","ping_status":"closed","template":"","meta":{"_acf_changed":false,"footnotes":""},"class_list":["post-646","page","type-page","status-publish","has-post-thumbnail","hentry"],"acf":[],"yoast_head":"<!-- This site is optimized with the Yoast SEO Premium plugin v24.3 (Yoast SEO v24.7) - https:\/\/yoast.com\/wordpress\/plugins\/seo\/ -->\n<title>Conseils &amp; Coaching - speleo-canyon-ariege.com<\/title>\n<meta name=\"robots\" content=\"index, follow, max-snippet:-1, max-image-preview:large, max-video-preview:-1\" \/>\n<link rel=\"canonical\" href=\"https:\/\/speleo-canyon-ariege.com\/en\/conseils-coaching\/\" \/>\n<meta property=\"og:locale\" content=\"en_GB\" \/>\n<meta property=\"og:type\" content=\"article\" \/>\n<meta property=\"og:title\" content=\"Conseils &amp; Coaching\" \/>\n<meta property=\"og:description\" content=\"[vc_row][vc_column width=&quot;1\/1&quot;][vc_empty_space empty_h=&quot;0&quot;][\/vc_column][\/vc_row][vc_row][vc_column column_width_percent=&quot;100&quot; position_vertical=&quot;middle&quot; align_horizontal=&quot;align_center&quot; gutter_size=&quot;3&quot; overlay_alpha=&quot;50&quot; shift_x=&quot;0&quot; shift_y=&quot;0&quot; z_index=&quot;0&quot; medium_width=&quot;0&quot; width=&quot;1\/1&quot;][vc_custom_heading heading_semantic=&quot;h1&quot; text_font=&quot;font-188799&quot; text_size=&quot;fontsize-183068&quot; text_weight=&quot;400&quot; text_color=&quot;color-jevc&quot; separator=&quot;yes&quot; separator_color=&quot;yes&quot;]Conseils et Coaching[\/vc_custom_heading][\/vc_column][\/vc_row][vc_row][vc_column width=&quot;1\/4&quot;][\/vc_column][vc_column width=&quot;1\/2&quot;][vc_column_text] Vous souhaitez devenir \u201cmanager\u201d et ouvrir votre propre centre de canyoning en France ou \u00e0 l&#039;\u00e9tranger ? Vous souhaitez cr\u00e9er votre site internet et apprendre \u00e0 vendre vos produits ? Vous [&hellip;]\" \/>\n<meta property=\"og:url\" content=\"https:\/\/speleo-canyon-ariege.com\/en\/conseils-coaching\/\" \/>\n<meta property=\"og:site_name\" content=\"speleo-canyon-ariege.com\" \/>\n<meta property=\"article:modified_time\" content=\"2025-01-20T05:00:49+00:00\" \/>\n<meta name=\"twitter:card\" content=\"summary_large_image\" \/>\n<meta name=\"twitter:label1\" content=\"Estimated reading time\" \/>\n\t<meta name=\"twitter:data1\" content=\"1 minute\" \/>\n<script type=\"application\/ld+json\" class=\"yoast-schema-graph\">{\"@context\":\"https:\/\/schema.org\",\"@graph\":[{\"@type\":\"WebPage\",\"@id\":\"https:\/\/speleo-canyon-ariege.com\/conseils-coaching\/\",\"url\":\"https:\/\/speleo-canyon-ariege.com\/conseils-coaching\/\",\"name\":\"Conseils & Coaching - speleo-canyon-ariege.com\",\"isPartOf\":{\"@id\":\"https:\/\/speleo-canyon-ariege.com\/#website\"},\"primaryImageOfPage\":{\"@id\":\"https:\/\/speleo-canyon-ariege.com\/conseils-coaching\/#primaryimage\"},\"image\":{\"@id\":\"https:\/\/speleo-canyon-ariege.com\/conseils-coaching\/#primaryimage\"},\"thumbnailUrl\":\"\",\"datePublished\":\"2017-05-18T09:01:14+00:00\",\"dateModified\":\"2025-01-20T05:00:49+00:00\",\"breadcrumb\":{\"@id\":\"https:\/\/speleo-canyon-ariege.com\/conseils-coaching\/#breadcrumb\"},\"inLanguage\":\"en-GB\",\"potentialAction\":[{\"@type\":\"ReadAction\",\"target\":[\"https:\/\/speleo-canyon-ariege.com\/conseils-coaching\/\"]}]},{\"@type\":\"ImageObject\",\"inLanguage\":\"en-GB\",\"@id\":\"https:\/\/speleo-canyon-ariege.com\/conseils-coaching\/#primaryimage\",\"url\":\"\",\"contentUrl\":\"\"},{\"@type\":\"BreadcrumbList\",\"@id\":\"https:\/\/speleo-canyon-ariege.com\/conseils-coaching\/#breadcrumb\",\"itemListElement\":[{\"@type\":\"ListItem\",\"position\":1,\"name\":\"Accueil\",\"item\":\"https:\/\/speleo-canyon-ariege.com\/\"},{\"@type\":\"ListItem\",\"position\":2,\"name\":\"Conseils &#038; Coaching\"}]},{\"@type\":\"WebSite\",\"@id\":\"https:\/\/speleo-canyon-ariege.com\/#website\",\"url\":\"https:\/\/speleo-canyon-ariege.com\/\",\"name\":\"speleo-canyon-ariege.com\",\"description\":\"\",\"potentialAction\":[{\"@type\":\"SearchAction\",\"target\":{\"@type\":\"EntryPoint\",\"urlTemplate\":\"https:\/\/speleo-canyon-ariege.com\/?s={search_term_string}\"},\"query-input\":{\"@type\":\"PropertyValueSpecification\",\"valueRequired\":true,\"valueName\":\"search_term_string\"}}],\"inLanguage\":\"en-GB\"}]}<\/script>\n<!-- \/ Yoast SEO Premium plugin. -->","yoast_head_json":{"title":"Conseils & Coaching - speleo-canyon-ariege.com","robots":{"index":"index","follow":"follow","max-snippet":"max-snippet:-1","max-image-preview":"max-image-preview:large","max-video-preview":"max-video-preview:-1"},"canonical":"https:\/\/speleo-canyon-ariege.com\/en\/conseils-coaching\/","og_locale":"en_GB","og_type":"article","og_title":"Conseils & Coaching","og_description":"[vc_row][vc_column width=\"1\/1\"][vc_empty_space empty_h=\"0\"][\/vc_column][\/vc_row][vc_row][vc_column column_width_percent=\"100\" position_vertical=\"middle\" align_horizontal=\"align_center\" gutter_size=\"3\" overlay_alpha=\"50\" shift_x=\"0\" shift_y=\"0\" z_index=\"0\" medium_width=\"0\" width=\"1\/1\"][vc_custom_heading heading_semantic=\"h1\" text_font=\"font-188799\" text_size=\"fontsize-183068\" text_weight=\"400\" text_color=\"color-jevc\" separator=\"yes\" separator_color=\"yes\"]Conseils et Coaching[\/vc_custom_heading][\/vc_column][\/vc_row][vc_row][vc_column width=\"1\/4\"][\/vc_column][vc_column width=\"1\/2\"][vc_column_text] Vous souhaitez devenir \u201cmanager\u201d et ouvrir votre propre centre de canyoning en France ou \u00e0 l'\u00e9tranger ? Vous souhaitez cr\u00e9er votre site internet et apprendre \u00e0 vendre vos produits ? Vous [&hellip;]","og_url":"https:\/\/speleo-canyon-ariege.com\/en\/conseils-coaching\/","og_site_name":"speleo-canyon-ariege.com","article_modified_time":"2025-01-20T05:00:49+00:00","twitter_card":"summary_large_image","twitter_misc":{"Estimated reading time":"1 minute"},"schema":{"@context":"https:\/\/schema.org","@graph":[{"@type":"WebPage","@id":"https:\/\/speleo-canyon-ariege.com\/conseils-coaching\/","url":"https:\/\/speleo-canyon-ariege.com\/conseils-coaching\/","name":"Conseils & Coaching - speleo-canyon-ariege.com","isPartOf":{"@id":"https:\/\/speleo-canyon-ariege.com\/#website"},"primaryImageOfPage":{"@id":"https:\/\/speleo-canyon-ariege.com\/conseils-coaching\/#primaryimage"},"image":{"@id":"https:\/\/speleo-canyon-ariege.com\/conseils-coaching\/#primaryimage"},"thumbnailUrl":"","datePublished":"2017-05-18T09:01:14+00:00","dateModified":"2025-01-20T05:00:49+00:00","breadcrumb":{"@id":"https:\/\/speleo-canyon-ariege.com\/conseils-coaching\/#breadcrumb"},"inLanguage":"en-GB","potentialAction":[{"@type":"ReadAction","target":["https:\/\/speleo-canyon-ariege.com\/conseils-coaching\/"]}]},{"@type":"ImageObject","inLanguage":"en-GB","@id":"https:\/\/speleo-canyon-ariege.com\/conseils-coaching\/#primaryimage","url":"","contentUrl":""},{"@type":"BreadcrumbList","@id":"https:\/\/speleo-canyon-ariege.com\/conseils-coaching\/#breadcrumb","itemListElement":[{"@type":"ListItem","position":1,"name":"Accueil","item":"https:\/\/speleo-canyon-ariege.com\/"},{"@type":"ListItem","position":2,"name":"Conseils &#038; Coaching"}]},{"@type":"WebSite","@id":"https:\/\/speleo-canyon-ariege.com\/#website","url":"https:\/\/speleo-canyon-ariege.com\/","name":"speleo-canyon-ariege.com","description":"","potentialAction":[{"@type":"SearchAction","target":{"@type":"EntryPoint","urlTemplate":"https:\/\/speleo-canyon-ariege.com\/?s={search_term_string}"},"query-input":{"@type":"PropertyValueSpecification","valueRequired":true,"valueName":"search_term_string"}}],"inLanguage":"en-GB"}]}},"_links":{"self":[{"href":"https:\/\/speleo-canyon-ariege.com\/en\/wp-json\/wp\/v2\/pages\/646","targetHints":{"allow":["GET"]}}],"collection":[{"href":"https:\/\/speleo-canyon-ariege.com\/en\/wp-json\/wp\/v2\/pages"}],"about":[{"href":"https:\/\/speleo-canyon-ariege.com\/en\/wp-json\/wp\/v2\/types\/page"}],"author":[{"embeddable":true,"href":"https:\/\/speleo-canyon-ariege.com\/en\/wp-json\/wp\/v2\/users\/2"}],"replies":[{"embeddable":true,"href":"https:\/\/speleo-canyon-ariege.com\/en\/wp-json\/wp\/v2\/comments?post=646"}],"version-history":[{"count":1,"href":"https:\/\/speleo-canyon-ariege.com\/en\/wp-json\/wp\/v2\/pages\/646\/revisions"}],"predecessor-version":[{"id":2654,"href":"https:\/\/speleo-canyon-ariege.com\/en\/wp-json\/wp\/v2\/pages\/646\/revisions\/2654"}],"wp:featuredmedia":[{"embeddable":true,"href":"https:\/\/speleo-canyon-ariege.com\/en\/wp-json\/"}],"wp:attachment":[{"href":"https:\/\/speleo-canyon-ariege.com\/en\/wp-json\/wp\/v2\/media?parent=646"}],"curies":[{"name":"wp","href":"https:\/\/api.w.org\/{rel}","templated":true}]}}