{"id":52,"date":"2017-02-03T17:13:11","date_gmt":"2017-02-03T16:13:11","guid":{"rendered":"http:\/\/speleo-canyon-ariege.com\/?page_id=52"},"modified":"2026-03-22T11:57:12","modified_gmt":"2026-03-22T11:57:12","slug":"contact","status":"publish","type":"page","link":"https:\/\/speleo-canyon-ariege.com\/en\/contact\/","title":{"rendered":"Contact us"},"content":{"rendered":"","protected":false},"excerpt":{"rendered":"","protected":false},"author":2,"featured_media":3902,"parent":0,"menu_order":0,"comment_status":"closed","ping_status":"closed","template":"","meta":{"_acf_changed":false,"footnotes":""},"class_list":["post-52","page","type-page","status-publish","has-post-thumbnail","hentry"],"acf":[],"yoast_head":"<!-- This site is optimized with the Yoast SEO Premium plugin v24.3 (Yoast SEO v24.7) - https:\/\/yoast.com\/wordpress\/plugins\/seo\/ -->\n<title>Contact - speleo-canyon-ariege.com<\/title>\n<meta name=\"description\" content=\"Nous contacter par t\u00e9l\u00e9phone au 06.33.37.63.17 En venant de Foix, juste \u00e0 la sortie de Tarascon sur Ari\u00e8ge, au rond point dit de\u00a0\u00ab\u00a0Sabbart\u00a0\u00bb, prendre \u00e0 droite direction Niaux, Auzat et Vicdessos.Notre centre de canyoning se situe\u00a04 km plus loin, \u00e0 l\u2019entr\u00e9e de Niaux\" \/>\n<meta name=\"robots\" content=\"index, follow, max-snippet:-1, max-image-preview:large, max-video-preview:-1\" \/>\n<link rel=\"canonical\" href=\"https:\/\/speleo-canyon-ariege.com\/en\/contact\/\" \/>\n<meta property=\"og:locale\" content=\"en_GB\" \/>\n<meta property=\"og:type\" content=\"article\" \/>\n<meta property=\"og:title\" content=\"Contact\" \/>\n<meta property=\"og:description\" content=\"Nous contacter par t\u00e9l\u00e9phone au 06.33.37.63.17 En venant de Foix, juste \u00e0 la sortie de Tarascon sur Ari\u00e8ge, au rond point dit de\u00a0\u00ab\u00a0Sabbart\u00a0\u00bb, prendre \u00e0 droite direction Niaux, Auzat et Vicdessos.Notre centre de canyoning se situe\u00a04 km plus loin, \u00e0 l\u2019entr\u00e9e de Niaux\" \/>\n<meta property=\"og:url\" content=\"https:\/\/speleo-canyon-ariege.com\/en\/contact\/\" \/>\n<meta property=\"og:site_name\" content=\"speleo-canyon-ariege.com\" \/>\n<meta property=\"article:modified_time\" content=\"2026-03-22T11:57:12+00:00\" \/>\n<meta property=\"og:image\" content=\"https:\/\/speleo-canyon-ariege.com\/wp-content\/uploads\/2025\/07\/speleo-canyon-ariege-moniteurs-experts-canyoning-speleologie.webp\" \/>\n\t<meta property=\"og:image:width\" content=\"1200\" \/>\n\t<meta property=\"og:image:height\" content=\"799\" \/>\n\t<meta property=\"og:image:type\" content=\"image\/webp\" \/>\n<meta name=\"twitter:card\" content=\"summary_large_image\" \/>\n<meta name=\"twitter:label1\" content=\"Estimated reading time\" \/>\n\t<meta name=\"twitter:data1\" content=\"1 minute\" \/>\n<script type=\"application\/ld+json\" class=\"yoast-schema-graph\">{\"@context\":\"https:\/\/schema.org\",\"@graph\":[{\"@type\":\"WebPage\",\"@id\":\"https:\/\/speleo-canyon-ariege.com\/contact\/\",\"url\":\"https:\/\/speleo-canyon-ariege.com\/contact\/\",\"name\":\"Contact - speleo-canyon-ariege.com\",\"isPartOf\":{\"@id\":\"https:\/\/speleo-canyon-ariege.com\/#website\"},\"primaryImageOfPage\":{\"@id\":\"https:\/\/speleo-canyon-ariege.com\/contact\/#primaryimage\"},\"image\":{\"@id\":\"https:\/\/speleo-canyon-ariege.com\/contact\/#primaryimage\"},\"thumbnailUrl\":\"https:\/\/speleo-canyon-ariege.com\/wp-content\/uploads\/2025\/07\/speleo-canyon-ariege-moniteurs-experts-canyoning-speleologie.webp\",\"datePublished\":\"2017-02-03T16:13:11+00:00\",\"dateModified\":\"2026-03-22T11:57:12+00:00\",\"description\":\"Nous contacter par t\u00e9l\u00e9phone au 06.33.37.63.17 En venant de Foix, juste \u00e0 la sortie de Tarascon sur Ari\u00e8ge, au rond point dit de\u00a0\u00ab\u00a0Sabbart\u00a0\u00bb, prendre \u00e0 droite direction Niaux, Auzat et Vicdessos.Notre centre de canyoning se situe\u00a04 km plus loin, \u00e0 l\u2019entr\u00e9e de Niaux\",\"breadcrumb\":{\"@id\":\"https:\/\/speleo-canyon-ariege.com\/contact\/#breadcrumb\"},\"inLanguage\":\"en-GB\",\"potentialAction\":[{\"@type\":\"ReadAction\",\"target\":[\"https:\/\/speleo-canyon-ariege.com\/contact\/\"]}]},{\"@type\":\"ImageObject\",\"inLanguage\":\"en-GB\",\"@id\":\"https:\/\/speleo-canyon-ariege.com\/contact\/#primaryimage\",\"url\":\"https:\/\/speleo-canyon-ariege.com\/wp-content\/uploads\/2025\/07\/speleo-canyon-ariege-moniteurs-experts-canyoning-speleologie.webp\",\"contentUrl\":\"https:\/\/speleo-canyon-ariege.com\/wp-content\/uploads\/2025\/07\/speleo-canyon-ariege-moniteurs-experts-canyoning-speleologie.webp\",\"width\":1200,\"height\":799,\"caption\":\"Sp\u00e9l\u00e9o Canyon Ari\u00e8ge, moniteurs experts en canyoning et sp\u00e9l\u00e9ologie\"},{\"@type\":\"BreadcrumbList\",\"@id\":\"https:\/\/speleo-canyon-ariege.com\/contact\/#breadcrumb\",\"itemListElement\":[{\"@type\":\"ListItem\",\"position\":1,\"name\":\"Accueil\",\"item\":\"https:\/\/speleo-canyon-ariege.com\/\"},{\"@type\":\"ListItem\",\"position\":2,\"name\":\"Contact\"}]},{\"@type\":\"WebSite\",\"@id\":\"https:\/\/speleo-canyon-ariege.com\/#website\",\"url\":\"https:\/\/speleo-canyon-ariege.com\/\",\"name\":\"speleo-canyon-ariege.com\",\"description\":\"\",\"potentialAction\":[{\"@type\":\"SearchAction\",\"target\":{\"@type\":\"EntryPoint\",\"urlTemplate\":\"https:\/\/speleo-canyon-ariege.com\/?s={search_term_string}\"},\"query-input\":{\"@type\":\"PropertyValueSpecification\",\"valueRequired\":true,\"valueName\":\"search_term_string\"}}],\"inLanguage\":\"en-GB\"}]}<\/script>\n<!-- \/ Yoast SEO Premium plugin. -->","yoast_head_json":{"title":"Contact - speleo-canyon-ariege.com","description":"Nous contacter par t\u00e9l\u00e9phone au 06.33.37.63.17 En venant de Foix, juste \u00e0 la sortie de Tarascon sur Ari\u00e8ge, au rond point dit de\u00a0\u00ab\u00a0Sabbart\u00a0\u00bb, prendre \u00e0 droite direction Niaux, Auzat et Vicdessos.Notre centre de canyoning se situe\u00a04 km plus loin, \u00e0 l\u2019entr\u00e9e de Niaux","robots":{"index":"index","follow":"follow","max-snippet":"max-snippet:-1","max-image-preview":"max-image-preview:large","max-video-preview":"max-video-preview:-1"},"canonical":"https:\/\/speleo-canyon-ariege.com\/en\/contact\/","og_locale":"en_GB","og_type":"article","og_title":"Contact","og_description":"Nous contacter par t\u00e9l\u00e9phone au 06.33.37.63.17 En venant de Foix, juste \u00e0 la sortie de Tarascon sur Ari\u00e8ge, au rond point dit de\u00a0\u00ab\u00a0Sabbart\u00a0\u00bb, prendre \u00e0 droite direction Niaux, Auzat et Vicdessos.Notre centre de canyoning se situe\u00a04 km plus loin, \u00e0 l\u2019entr\u00e9e de Niaux","og_url":"https:\/\/speleo-canyon-ariege.com\/en\/contact\/","og_site_name":"speleo-canyon-ariege.com","article_modified_time":"2026-03-22T11:57:12+00:00","og_image":[{"width":1200,"height":799,"url":"https:\/\/speleo-canyon-ariege.com\/wp-content\/uploads\/2025\/07\/speleo-canyon-ariege-moniteurs-experts-canyoning-speleologie.webp","type":"image\/webp"}],"twitter_card":"summary_large_image","twitter_misc":{"Estimated reading time":"1 minute"},"schema":{"@context":"https:\/\/schema.org","@graph":[{"@type":"WebPage","@id":"https:\/\/speleo-canyon-ariege.com\/contact\/","url":"https:\/\/speleo-canyon-ariege.com\/contact\/","name":"Contact - speleo-canyon-ariege.com","isPartOf":{"@id":"https:\/\/speleo-canyon-ariege.com\/#website"},"primaryImageOfPage":{"@id":"https:\/\/speleo-canyon-ariege.com\/contact\/#primaryimage"},"image":{"@id":"https:\/\/speleo-canyon-ariege.com\/contact\/#primaryimage"},"thumbnailUrl":"https:\/\/speleo-canyon-ariege.com\/wp-content\/uploads\/2025\/07\/speleo-canyon-ariege-moniteurs-experts-canyoning-speleologie.webp","datePublished":"2017-02-03T16:13:11+00:00","dateModified":"2026-03-22T11:57:12+00:00","description":"Nous contacter par t\u00e9l\u00e9phone au 06.33.37.63.17 En venant de Foix, juste \u00e0 la sortie de Tarascon sur Ari\u00e8ge, au rond point dit de\u00a0\u00ab\u00a0Sabbart\u00a0\u00bb, prendre \u00e0 droite direction Niaux, Auzat et Vicdessos.Notre centre de canyoning se situe\u00a04 km plus loin, \u00e0 l\u2019entr\u00e9e de Niaux","breadcrumb":{"@id":"https:\/\/speleo-canyon-ariege.com\/contact\/#breadcrumb"},"inLanguage":"en-GB","potentialAction":[{"@type":"ReadAction","target":["https:\/\/speleo-canyon-ariege.com\/contact\/"]}]},{"@type":"ImageObject","inLanguage":"en-GB","@id":"https:\/\/speleo-canyon-ariege.com\/contact\/#primaryimage","url":"https:\/\/speleo-canyon-ariege.com\/wp-content\/uploads\/2025\/07\/speleo-canyon-ariege-moniteurs-experts-canyoning-speleologie.webp","contentUrl":"https:\/\/speleo-canyon-ariege.com\/wp-content\/uploads\/2025\/07\/speleo-canyon-ariege-moniteurs-experts-canyoning-speleologie.webp","width":1200,"height":799,"caption":"Sp\u00e9l\u00e9o Canyon Ari\u00e8ge, moniteurs experts en canyoning et sp\u00e9l\u00e9ologie"},{"@type":"BreadcrumbList","@id":"https:\/\/speleo-canyon-ariege.com\/contact\/#breadcrumb","itemListElement":[{"@type":"ListItem","position":1,"name":"Accueil","item":"https:\/\/speleo-canyon-ariege.com\/"},{"@type":"ListItem","position":2,"name":"Contact"}]},{"@type":"WebSite","@id":"https:\/\/speleo-canyon-ariege.com\/#website","url":"https:\/\/speleo-canyon-ariege.com\/","name":"speleo-canyon-ariege.com","description":"","potentialAction":[{"@type":"SearchAction","target":{"@type":"EntryPoint","urlTemplate":"https:\/\/speleo-canyon-ariege.com\/?s={search_term_string}"},"query-input":{"@type":"PropertyValueSpecification","valueRequired":true,"valueName":"search_term_string"}}],"inLanguage":"en-GB"}]}},"_links":{"self":[{"href":"https:\/\/speleo-canyon-ariege.com\/en\/wp-json\/wp\/v2\/pages\/52","targetHints":{"allow":["GET"]}}],"collection":[{"href":"https:\/\/speleo-canyon-ariege.com\/en\/wp-json\/wp\/v2\/pages"}],"about":[{"href":"https:\/\/speleo-canyon-ariege.com\/en\/wp-json\/wp\/v2\/types\/page"}],"author":[{"embeddable":true,"href":"https:\/\/speleo-canyon-ariege.com\/en\/wp-json\/wp\/v2\/users\/2"}],"replies":[{"embeddable":true,"href":"https:\/\/speleo-canyon-ariege.com\/en\/wp-json\/wp\/v2\/comments?post=52"}],"version-history":[{"count":12,"href":"https:\/\/speleo-canyon-ariege.com\/en\/wp-json\/wp\/v2\/pages\/52\/revisions"}],"predecessor-version":[{"id":4103,"href":"https:\/\/speleo-canyon-ariege.com\/en\/wp-json\/wp\/v2\/pages\/52\/revisions\/4103"}],"wp:featuredmedia":[{"embeddable":true,"href":"https:\/\/speleo-canyon-ariege.com\/en\/wp-json\/wp\/v2\/media\/3902"}],"wp:attachment":[{"href":"https:\/\/speleo-canyon-ariege.com\/en\/wp-json\/wp\/v2\/media?parent=52"}],"curies":[{"name":"wp","href":"https:\/\/api.w.org\/{rel}","templated":true}]}}