{"id":50,"date":"2017-02-03T17:12:57","date_gmt":"2017-02-03T16:12:57","guid":{"rendered":"http:\/\/speleo-canyon-ariege.com\/?page_id=50"},"modified":"2026-04-10T09:15:51","modified_gmt":"2026-04-10T09:15:51","slug":"choisir-notre-equipe","status":"publish","type":"page","link":"https:\/\/speleo-canyon-ariege.com\/en\/choisir-notre-equipe\/","title":{"rendered":"A propos"},"content":{"rendered":"","protected":false},"excerpt":{"rendered":"","protected":false},"author":2,"featured_media":3977,"parent":0,"menu_order":0,"comment_status":"closed","ping_status":"closed","template":"","meta":{"_acf_changed":false,"footnotes":""},"class_list":["post-50","page","type-page","status-publish","has-post-thumbnail","hentry"],"acf":[],"yoast_head":"<!-- This site is optimized with the Yoast SEO Premium plugin v24.3 (Yoast SEO v24.7) - https:\/\/yoast.com\/wordpress\/plugins\/seo\/ -->\n<title>A propos - speleo-canyon-ariege.com<\/title>\n<meta name=\"description\" content=\"Nous savons comment cr\u00e9er des conditions id\u00e9ales pour que chacun progresse \u00e0 son rythme, en toute confiance. Notre r\u00f4le est de vous accompagner avec bienveillance, comp\u00e9tence et enthousiasme pour que vous vous d\u00e9passiez et viviez un moment fort en nature.\" \/>\n<meta name=\"robots\" content=\"index, follow, max-snippet:-1, max-image-preview:large, max-video-preview:-1\" \/>\n<link rel=\"canonical\" href=\"https:\/\/speleo-canyon-ariege.com\/en\/choisir-notre-equipe\/\" \/>\n<meta property=\"og:locale\" content=\"en_GB\" \/>\n<meta property=\"og:type\" content=\"article\" \/>\n<meta property=\"og:title\" content=\"A propos\" \/>\n<meta property=\"og:description\" content=\"Nous savons comment cr\u00e9er des conditions id\u00e9ales pour que chacun progresse \u00e0 son rythme, en toute confiance. Notre r\u00f4le est de vous accompagner avec bienveillance, comp\u00e9tence et enthousiasme pour que vous vous d\u00e9passiez et viviez un moment fort en nature.\" \/>\n<meta property=\"og:url\" content=\"https:\/\/speleo-canyon-ariege.com\/en\/choisir-notre-equipe\/\" \/>\n<meta property=\"og:site_name\" content=\"speleo-canyon-ariege.com\" \/>\n<meta property=\"article:modified_time\" content=\"2026-04-10T09:15:51+00:00\" \/>\n<meta property=\"og:image\" content=\"https:\/\/speleo-canyon-ariege.com\/wp-content\/uploads\/2025\/07\/speleo-canyon-ariege-equipe-moniteurs-complete-centre-formation-1600x838-1-e1775812425733.webp\" \/>\n\t<meta property=\"og:image:width\" content=\"1397\" \/>\n\t<meta property=\"og:image:height\" content=\"837\" \/>\n\t<meta property=\"og:image:type\" content=\"image\/webp\" \/>\n<meta name=\"twitter:card\" content=\"summary_large_image\" \/>\n<meta name=\"twitter:label1\" content=\"Estimated reading time\" \/>\n\t<meta name=\"twitter:data1\" content=\"1 minute\" \/>\n<script type=\"application\/ld+json\" class=\"yoast-schema-graph\">{\"@context\":\"https:\/\/schema.org\",\"@graph\":[{\"@type\":\"WebPage\",\"@id\":\"https:\/\/speleo-canyon-ariege.com\/choisir-notre-equipe\/\",\"url\":\"https:\/\/speleo-canyon-ariege.com\/choisir-notre-equipe\/\",\"name\":\"A propos - speleo-canyon-ariege.com\",\"isPartOf\":{\"@id\":\"https:\/\/speleo-canyon-ariege.com\/#website\"},\"primaryImageOfPage\":{\"@id\":\"https:\/\/speleo-canyon-ariege.com\/choisir-notre-equipe\/#primaryimage\"},\"image\":{\"@id\":\"https:\/\/speleo-canyon-ariege.com\/choisir-notre-equipe\/#primaryimage\"},\"thumbnailUrl\":\"https:\/\/speleo-canyon-ariege.com\/wp-content\/uploads\/2025\/07\/speleo-canyon-ariege-equipe-moniteurs-complete-centre-formation-1600x838-1-e1775812425733.webp\",\"datePublished\":\"2017-02-03T16:12:57+00:00\",\"dateModified\":\"2026-04-10T09:15:51+00:00\",\"description\":\"Nous savons comment cr\u00e9er des conditions id\u00e9ales pour que chacun progresse \u00e0 son rythme, en toute confiance. Notre r\u00f4le est de vous accompagner avec bienveillance, comp\u00e9tence et enthousiasme pour que vous vous d\u00e9passiez et viviez un moment fort en nature.\",\"breadcrumb\":{\"@id\":\"https:\/\/speleo-canyon-ariege.com\/choisir-notre-equipe\/#breadcrumb\"},\"inLanguage\":\"en-GB\",\"potentialAction\":[{\"@type\":\"ReadAction\",\"target\":[\"https:\/\/speleo-canyon-ariege.com\/choisir-notre-equipe\/\"]}]},{\"@type\":\"ImageObject\",\"inLanguage\":\"en-GB\",\"@id\":\"https:\/\/speleo-canyon-ariege.com\/choisir-notre-equipe\/#primaryimage\",\"url\":\"https:\/\/speleo-canyon-ariege.com\/wp-content\/uploads\/2025\/07\/speleo-canyon-ariege-equipe-moniteurs-complete-centre-formation-1600x838-1-e1775812425733.webp\",\"contentUrl\":\"https:\/\/speleo-canyon-ariege.com\/wp-content\/uploads\/2025\/07\/speleo-canyon-ariege-equipe-moniteurs-complete-centre-formation-1600x838-1-e1775812425733.webp\",\"width\":1397,\"height\":837,\"caption\":\"Guides de speleo et de canyon en Ari\u00e8ge - l'\u00e9quipe de Sp\u00e9l\u00e9o Canyon Ari\u00e8ge au complet devant le centre de formation et d'accueil\"},{\"@type\":\"BreadcrumbList\",\"@id\":\"https:\/\/speleo-canyon-ariege.com\/choisir-notre-equipe\/#breadcrumb\",\"itemListElement\":[{\"@type\":\"ListItem\",\"position\":1,\"name\":\"Accueil\",\"item\":\"https:\/\/speleo-canyon-ariege.com\/\"},{\"@type\":\"ListItem\",\"position\":2,\"name\":\"A propos\"}]},{\"@type\":\"WebSite\",\"@id\":\"https:\/\/speleo-canyon-ariege.com\/#website\",\"url\":\"https:\/\/speleo-canyon-ariege.com\/\",\"name\":\"speleo-canyon-ariege.com\",\"description\":\"\",\"potentialAction\":[{\"@type\":\"SearchAction\",\"target\":{\"@type\":\"EntryPoint\",\"urlTemplate\":\"https:\/\/speleo-canyon-ariege.com\/?s={search_term_string}\"},\"query-input\":{\"@type\":\"PropertyValueSpecification\",\"valueRequired\":true,\"valueName\":\"search_term_string\"}}],\"inLanguage\":\"en-GB\"}]}<\/script>\n<!-- \/ Yoast SEO Premium plugin. -->","yoast_head_json":{"title":"A propos - speleo-canyon-ariege.com","description":"Nous savons comment cr\u00e9er des conditions id\u00e9ales pour que chacun progresse \u00e0 son rythme, en toute confiance. Notre r\u00f4le est de vous accompagner avec bienveillance, comp\u00e9tence et enthousiasme pour que vous vous d\u00e9passiez et viviez un moment fort en nature.","robots":{"index":"index","follow":"follow","max-snippet":"max-snippet:-1","max-image-preview":"max-image-preview:large","max-video-preview":"max-video-preview:-1"},"canonical":"https:\/\/speleo-canyon-ariege.com\/en\/choisir-notre-equipe\/","og_locale":"en_GB","og_type":"article","og_title":"A propos","og_description":"Nous savons comment cr\u00e9er des conditions id\u00e9ales pour que chacun progresse \u00e0 son rythme, en toute confiance. Notre r\u00f4le est de vous accompagner avec bienveillance, comp\u00e9tence et enthousiasme pour que vous vous d\u00e9passiez et viviez un moment fort en nature.","og_url":"https:\/\/speleo-canyon-ariege.com\/en\/choisir-notre-equipe\/","og_site_name":"speleo-canyon-ariege.com","article_modified_time":"2026-04-10T09:15:51+00:00","og_image":[{"width":1397,"height":837,"url":"https:\/\/speleo-canyon-ariege.com\/wp-content\/uploads\/2025\/07\/speleo-canyon-ariege-equipe-moniteurs-complete-centre-formation-1600x838-1-e1775812425733.webp","type":"image\/webp"}],"twitter_card":"summary_large_image","twitter_misc":{"Estimated reading time":"1 minute"},"schema":{"@context":"https:\/\/schema.org","@graph":[{"@type":"WebPage","@id":"https:\/\/speleo-canyon-ariege.com\/choisir-notre-equipe\/","url":"https:\/\/speleo-canyon-ariege.com\/choisir-notre-equipe\/","name":"A propos - speleo-canyon-ariege.com","isPartOf":{"@id":"https:\/\/speleo-canyon-ariege.com\/#website"},"primaryImageOfPage":{"@id":"https:\/\/speleo-canyon-ariege.com\/choisir-notre-equipe\/#primaryimage"},"image":{"@id":"https:\/\/speleo-canyon-ariege.com\/choisir-notre-equipe\/#primaryimage"},"thumbnailUrl":"https:\/\/speleo-canyon-ariege.com\/wp-content\/uploads\/2025\/07\/speleo-canyon-ariege-equipe-moniteurs-complete-centre-formation-1600x838-1-e1775812425733.webp","datePublished":"2017-02-03T16:12:57+00:00","dateModified":"2026-04-10T09:15:51+00:00","description":"Nous savons comment cr\u00e9er des conditions id\u00e9ales pour que chacun progresse \u00e0 son rythme, en toute confiance. Notre r\u00f4le est de vous accompagner avec bienveillance, comp\u00e9tence et enthousiasme pour que vous vous d\u00e9passiez et viviez un moment fort en nature.","breadcrumb":{"@id":"https:\/\/speleo-canyon-ariege.com\/choisir-notre-equipe\/#breadcrumb"},"inLanguage":"en-GB","potentialAction":[{"@type":"ReadAction","target":["https:\/\/speleo-canyon-ariege.com\/choisir-notre-equipe\/"]}]},{"@type":"ImageObject","inLanguage":"en-GB","@id":"https:\/\/speleo-canyon-ariege.com\/choisir-notre-equipe\/#primaryimage","url":"https:\/\/speleo-canyon-ariege.com\/wp-content\/uploads\/2025\/07\/speleo-canyon-ariege-equipe-moniteurs-complete-centre-formation-1600x838-1-e1775812425733.webp","contentUrl":"https:\/\/speleo-canyon-ariege.com\/wp-content\/uploads\/2025\/07\/speleo-canyon-ariege-equipe-moniteurs-complete-centre-formation-1600x838-1-e1775812425733.webp","width":1397,"height":837,"caption":"Guides de speleo et de canyon en Ari\u00e8ge - l'\u00e9quipe de Sp\u00e9l\u00e9o Canyon Ari\u00e8ge au complet devant le centre de formation et d'accueil"},{"@type":"BreadcrumbList","@id":"https:\/\/speleo-canyon-ariege.com\/choisir-notre-equipe\/#breadcrumb","itemListElement":[{"@type":"ListItem","position":1,"name":"Accueil","item":"https:\/\/speleo-canyon-ariege.com\/"},{"@type":"ListItem","position":2,"name":"A propos"}]},{"@type":"WebSite","@id":"https:\/\/speleo-canyon-ariege.com\/#website","url":"https:\/\/speleo-canyon-ariege.com\/","name":"speleo-canyon-ariege.com","description":"","potentialAction":[{"@type":"SearchAction","target":{"@type":"EntryPoint","urlTemplate":"https:\/\/speleo-canyon-ariege.com\/?s={search_term_string}"},"query-input":{"@type":"PropertyValueSpecification","valueRequired":true,"valueName":"search_term_string"}}],"inLanguage":"en-GB"}]}},"_links":{"self":[{"href":"https:\/\/speleo-canyon-ariege.com\/en\/wp-json\/wp\/v2\/pages\/50","targetHints":{"allow":["GET"]}}],"collection":[{"href":"https:\/\/speleo-canyon-ariege.com\/en\/wp-json\/wp\/v2\/pages"}],"about":[{"href":"https:\/\/speleo-canyon-ariege.com\/en\/wp-json\/wp\/v2\/types\/page"}],"author":[{"embeddable":true,"href":"https:\/\/speleo-canyon-ariege.com\/en\/wp-json\/wp\/v2\/users\/2"}],"replies":[{"embeddable":true,"href":"https:\/\/speleo-canyon-ariege.com\/en\/wp-json\/wp\/v2\/comments?post=50"}],"version-history":[{"count":28,"href":"https:\/\/speleo-canyon-ariege.com\/en\/wp-json\/wp\/v2\/pages\/50\/revisions"}],"predecessor-version":[{"id":4118,"href":"https:\/\/speleo-canyon-ariege.com\/en\/wp-json\/wp\/v2\/pages\/50\/revisions\/4118"}],"wp:featuredmedia":[{"embeddable":true,"href":"https:\/\/speleo-canyon-ariege.com\/en\/wp-json\/wp\/v2\/media\/3977"}],"wp:attachment":[{"href":"https:\/\/speleo-canyon-ariege.com\/en\/wp-json\/wp\/v2\/media?parent=50"}],"curies":[{"name":"wp","href":"https:\/\/api.w.org\/{rel}","templated":true}]}}