{"id":459,"date":"2017-04-17T10:20:22","date_gmt":"2017-04-17T09:20:22","guid":{"rendered":"http:\/\/speleo-canyon-ariege.com\/?page_id=459"},"modified":"2025-10-08T11:26:27","modified_gmt":"2025-10-08T11:26:27","slug":"faq","status":"publish","type":"page","link":"https:\/\/speleo-canyon-ariege.com\/en\/faq\/","title":{"rendered":"FAQ"},"content":{"rendered":"<h3>Retrouvez ici toutes les r\u00e9ponses \u00e0 vos questions sur le canyoning en Ari\u00e8ge avec Sp\u00e9l\u00e9o Canyon Ari\u00e8ge.<\/h3>\n<p><strong>1. G\u00e9n\u00e9ralit\u00e9s \/ D\u00e9couverte<\/strong><\/p>\n<p>\ud83d\udd0e Qu'est-ce que le canyoning ?<br \/>\n\u26a0\ufe0f\u00a0Le canyoning est-il dangereux ?<br \/>\n\ud83c\udfca\ud83c\udffc\u200d\u2640\ufe0f\u00a0Doit-on savoir nager ?<br \/>\n\ud83d\udc76\ud83c\udffc\u00a0Quel est l'\u00e2ge minimum ?<br \/>\n\ud83d\udccd\u00a0O\u00f9 se trouve Sp\u00e9l\u00e9o Canyon Ari\u00e8ge ?<\/p>\n<p><strong>2. Infos pratiques<\/strong><\/p>\n<p>\ud83e\uddf0\u00a0Quel \u00e9quipement est fourni ?<br \/>\n\ud83e\udd7e\u00a0Fournissez-vous des chaussures ?<br \/>\n\ud83c\udf92\u00a0Que dois-je apporter ?<br \/>\n\ud83d\udcf7\u00a0Puis-je apporter mon appareil photo ?<\/p>\n<p><strong>3. Contact &amp; personnalisation<\/strong><\/p>\n<p>\ud83d\udc68\u200d\ud83d\udc69\u200d\ud83d\udc66\u200d\ud83d\udc66 Peut-on venir en groupe ou en famille ?<br \/>\n\u2753 Que faire si j\u2019ai des questions sp\u00e9cifiques ?<\/p>\n<h4><strong> Envie de tenter l\u2019exp\u00e9rience ? D\u00e9couvrez nos parcours ici:<\/strong> <a href=\"https:\/\/speleo-canyon-ariege.com\/en\/canyoning-speleologie-ariege\/\" target=\"_blank\" rel=\"noopener\">CANYONING<\/a> et <a href=\"https:\/\/speleo-canyon-ariege.com\/en\/speleologie-en-arieg\/\" target=\"_blank\" rel=\"noopener\">SPELEOLOGIE<\/a><\/h4>","protected":false},"excerpt":{"rendered":"<p>Retrouvez ici toutes les r\u00e9ponses \u00e0 vos questions sur le canyoning en Ari\u00e8ge avec Sp\u00e9l\u00e9o Canyon Ari\u00e8ge. 1. G\u00e9n\u00e9ralit\u00e9s \/ D\u00e9couverte \ud83d\udd0e Qu'est-ce que le canyoning ? \u26a0\ufe0f\u00a0Le canyoning est-il dangereux ? \ud83c\udfca\ud83c\udffc\u200d\u2640\ufe0f\u00a0Doit-on savoir nager ? \ud83d\udc76\ud83c\udffc\u00a0Quel est l'\u00e2ge minimum ? \ud83d\udccd\u00a0O\u00f9 se trouve Sp\u00e9l\u00e9o Canyon Ari\u00e8ge ? 2. Infos pratiques \ud83e\uddf0\u00a0Quel \u00e9quipement est fourni [&hellip;]<\/p>","protected":false},"author":2,"featured_media":2454,"parent":0,"menu_order":0,"comment_status":"closed","ping_status":"closed","template":"","meta":{"_acf_changed":false,"footnotes":""},"class_list":["post-459","page","type-page","status-publish","has-post-thumbnail","hentry"],"acf":[],"yoast_head":"<!-- This site is optimized with the Yoast SEO Premium plugin v24.3 (Yoast SEO v24.7) - https:\/\/yoast.com\/wordpress\/plugins\/seo\/ -->\n<title>FAQ - speleo-canyon-ariege.com<\/title>\n<meta name=\"description\" content=\"Trouvez toutes les r\u00e9ponses \u00e0 vos questions sur le canyoning en Ari\u00e8ge : \u00e9quipement, niveau, s\u00e9curit\u00e9, \u00e2ge, m\u00e9t\u00e9o et organisation des sorties.\" \/>\n<meta name=\"robots\" content=\"index, follow, max-snippet:-1, max-image-preview:large, max-video-preview:-1\" \/>\n<link rel=\"canonical\" href=\"https:\/\/speleo-canyon-ariege.com\/en\/faq\/\" \/>\n<meta property=\"og:locale\" content=\"en_GB\" \/>\n<meta property=\"og:type\" content=\"article\" \/>\n<meta property=\"og:title\" content=\"FAQ\" \/>\n<meta property=\"og:description\" content=\"Trouvez toutes les r\u00e9ponses \u00e0 vos questions sur le canyoning en Ari\u00e8ge : \u00e9quipement, niveau, s\u00e9curit\u00e9, \u00e2ge, m\u00e9t\u00e9o et organisation des sorties.\" \/>\n<meta property=\"og:url\" content=\"https:\/\/speleo-canyon-ariege.com\/en\/faq\/\" \/>\n<meta property=\"og:site_name\" content=\"speleo-canyon-ariege.com\" \/>\n<meta property=\"article:modified_time\" content=\"2025-10-08T11:26:27+00:00\" \/>\n<meta name=\"twitter:card\" content=\"summary_large_image\" \/>\n<meta name=\"twitter:image\" content=\"https:\/\/speleo-canyon-ariege.com\/wp-content\/uploads\/2025\/01\/IMGP9543-e1759922765657.webp\" \/>\n<meta name=\"twitter:label1\" content=\"Estimated reading time\" \/>\n\t<meta name=\"twitter:data1\" content=\"4 minutes\" \/>\n<script type=\"application\/ld+json\" class=\"yoast-schema-graph\">{\"@context\":\"https:\/\/schema.org\",\"@graph\":[{\"@type\":\"WebPage\",\"@id\":\"https:\/\/speleo-canyon-ariege.com\/faq\/\",\"url\":\"https:\/\/speleo-canyon-ariege.com\/faq\/\",\"name\":\"FAQ - speleo-canyon-ariege.com\",\"isPartOf\":{\"@id\":\"https:\/\/speleo-canyon-ariege.com\/#website\"},\"primaryImageOfPage\":{\"@id\":\"https:\/\/speleo-canyon-ariege.com\/faq\/#primaryimage\"},\"image\":{\"@id\":\"https:\/\/speleo-canyon-ariege.com\/faq\/#primaryimage\"},\"thumbnailUrl\":\"https:\/\/speleo-canyon-ariege.com\/wp-content\/uploads\/2025\/01\/IMGP9543-e1759922765657.webp\",\"datePublished\":\"2017-04-17T09:20:22+00:00\",\"dateModified\":\"2025-10-08T11:26:27+00:00\",\"description\":\"Trouvez toutes les r\u00e9ponses \u00e0 vos questions sur le canyoning en Ari\u00e8ge : \u00e9quipement, niveau, s\u00e9curit\u00e9, \u00e2ge, m\u00e9t\u00e9o et organisation des sorties.\",\"breadcrumb\":{\"@id\":\"https:\/\/speleo-canyon-ariege.com\/faq\/#breadcrumb\"},\"inLanguage\":\"en-GB\",\"potentialAction\":[{\"@type\":\"ReadAction\",\"target\":[\"https:\/\/speleo-canyon-ariege.com\/faq\/\"]}]},{\"@type\":\"ImageObject\",\"inLanguage\":\"en-GB\",\"@id\":\"https:\/\/speleo-canyon-ariege.com\/faq\/#primaryimage\",\"url\":\"https:\/\/speleo-canyon-ariege.com\/wp-content\/uploads\/2025\/01\/IMGP9543-e1759922765657.webp\",\"contentUrl\":\"https:\/\/speleo-canyon-ariege.com\/wp-content\/uploads\/2025\/01\/IMGP9543-e1759922765657.webp\",\"width\":1493,\"height\":797},{\"@type\":\"BreadcrumbList\",\"@id\":\"https:\/\/speleo-canyon-ariege.com\/faq\/#breadcrumb\",\"itemListElement\":[{\"@type\":\"ListItem\",\"position\":1,\"name\":\"Accueil\",\"item\":\"https:\/\/speleo-canyon-ariege.com\/\"},{\"@type\":\"ListItem\",\"position\":2,\"name\":\"FAQ\"}]},{\"@type\":\"WebSite\",\"@id\":\"https:\/\/speleo-canyon-ariege.com\/#website\",\"url\":\"https:\/\/speleo-canyon-ariege.com\/\",\"name\":\"speleo-canyon-ariege.com\",\"description\":\"\",\"potentialAction\":[{\"@type\":\"SearchAction\",\"target\":{\"@type\":\"EntryPoint\",\"urlTemplate\":\"https:\/\/speleo-canyon-ariege.com\/?s={search_term_string}\"},\"query-input\":{\"@type\":\"PropertyValueSpecification\",\"valueRequired\":true,\"valueName\":\"search_term_string\"}}],\"inLanguage\":\"en-GB\"}]}<\/script>\n<!-- \/ Yoast SEO Premium plugin. -->","yoast_head_json":{"title":"FAQ - speleo-canyon-ariege.com","description":"Trouvez toutes les r\u00e9ponses \u00e0 vos questions sur le canyoning en Ari\u00e8ge : \u00e9quipement, niveau, s\u00e9curit\u00e9, \u00e2ge, m\u00e9t\u00e9o et organisation des sorties.","robots":{"index":"index","follow":"follow","max-snippet":"max-snippet:-1","max-image-preview":"max-image-preview:large","max-video-preview":"max-video-preview:-1"},"canonical":"https:\/\/speleo-canyon-ariege.com\/en\/faq\/","og_locale":"en_GB","og_type":"article","og_title":"FAQ","og_description":"Trouvez toutes les r\u00e9ponses \u00e0 vos questions sur le canyoning en Ari\u00e8ge : \u00e9quipement, niveau, s\u00e9curit\u00e9, \u00e2ge, m\u00e9t\u00e9o et organisation des sorties.","og_url":"https:\/\/speleo-canyon-ariege.com\/en\/faq\/","og_site_name":"speleo-canyon-ariege.com","article_modified_time":"2025-10-08T11:26:27+00:00","twitter_card":"summary_large_image","twitter_image":"https:\/\/speleo-canyon-ariege.com\/wp-content\/uploads\/2025\/01\/IMGP9543-e1759922765657.webp","twitter_misc":{"Estimated reading time":"4 minutes"},"schema":{"@context":"https:\/\/schema.org","@graph":[{"@type":"WebPage","@id":"https:\/\/speleo-canyon-ariege.com\/faq\/","url":"https:\/\/speleo-canyon-ariege.com\/faq\/","name":"FAQ - speleo-canyon-ariege.com","isPartOf":{"@id":"https:\/\/speleo-canyon-ariege.com\/#website"},"primaryImageOfPage":{"@id":"https:\/\/speleo-canyon-ariege.com\/faq\/#primaryimage"},"image":{"@id":"https:\/\/speleo-canyon-ariege.com\/faq\/#primaryimage"},"thumbnailUrl":"https:\/\/speleo-canyon-ariege.com\/wp-content\/uploads\/2025\/01\/IMGP9543-e1759922765657.webp","datePublished":"2017-04-17T09:20:22+00:00","dateModified":"2025-10-08T11:26:27+00:00","description":"Trouvez toutes les r\u00e9ponses \u00e0 vos questions sur le canyoning en Ari\u00e8ge : \u00e9quipement, niveau, s\u00e9curit\u00e9, \u00e2ge, m\u00e9t\u00e9o et organisation des sorties.","breadcrumb":{"@id":"https:\/\/speleo-canyon-ariege.com\/faq\/#breadcrumb"},"inLanguage":"en-GB","potentialAction":[{"@type":"ReadAction","target":["https:\/\/speleo-canyon-ariege.com\/faq\/"]}]},{"@type":"ImageObject","inLanguage":"en-GB","@id":"https:\/\/speleo-canyon-ariege.com\/faq\/#primaryimage","url":"https:\/\/speleo-canyon-ariege.com\/wp-content\/uploads\/2025\/01\/IMGP9543-e1759922765657.webp","contentUrl":"https:\/\/speleo-canyon-ariege.com\/wp-content\/uploads\/2025\/01\/IMGP9543-e1759922765657.webp","width":1493,"height":797},{"@type":"BreadcrumbList","@id":"https:\/\/speleo-canyon-ariege.com\/faq\/#breadcrumb","itemListElement":[{"@type":"ListItem","position":1,"name":"Accueil","item":"https:\/\/speleo-canyon-ariege.com\/"},{"@type":"ListItem","position":2,"name":"FAQ"}]},{"@type":"WebSite","@id":"https:\/\/speleo-canyon-ariege.com\/#website","url":"https:\/\/speleo-canyon-ariege.com\/","name":"speleo-canyon-ariege.com","description":"","potentialAction":[{"@type":"SearchAction","target":{"@type":"EntryPoint","urlTemplate":"https:\/\/speleo-canyon-ariege.com\/?s={search_term_string}"},"query-input":{"@type":"PropertyValueSpecification","valueRequired":true,"valueName":"search_term_string"}}],"inLanguage":"en-GB"}]}},"_links":{"self":[{"href":"https:\/\/speleo-canyon-ariege.com\/en\/wp-json\/wp\/v2\/pages\/459","targetHints":{"allow":["GET"]}}],"collection":[{"href":"https:\/\/speleo-canyon-ariege.com\/en\/wp-json\/wp\/v2\/pages"}],"about":[{"href":"https:\/\/speleo-canyon-ariege.com\/en\/wp-json\/wp\/v2\/types\/page"}],"author":[{"embeddable":true,"href":"https:\/\/speleo-canyon-ariege.com\/en\/wp-json\/wp\/v2\/users\/2"}],"replies":[{"embeddable":true,"href":"https:\/\/speleo-canyon-ariege.com\/en\/wp-json\/wp\/v2\/comments?post=459"}],"version-history":[{"count":13,"href":"https:\/\/speleo-canyon-ariege.com\/en\/wp-json\/wp\/v2\/pages\/459\/revisions"}],"predecessor-version":[{"id":3809,"href":"https:\/\/speleo-canyon-ariege.com\/en\/wp-json\/wp\/v2\/pages\/459\/revisions\/3809"}],"wp:featuredmedia":[{"embeddable":true,"href":"https:\/\/speleo-canyon-ariege.com\/en\/wp-json\/wp\/v2\/media\/2454"}],"wp:attachment":[{"href":"https:\/\/speleo-canyon-ariege.com\/en\/wp-json\/wp\/v2\/media?parent=459"}],"curies":[{"name":"wp","href":"https:\/\/api.w.org\/{rel}","templated":true}]}}