{"id":42,"date":"2017-02-03T17:11:46","date_gmt":"2017-02-03T16:11:46","guid":{"rendered":"http:\/\/speleo-canyon-ariege.com\/?page_id=42"},"modified":"2026-04-17T08:58:29","modified_gmt":"2026-04-17T08:58:29","slug":"formation","status":"publish","type":"page","link":"https:\/\/speleo-canyon-ariege.com\/en\/formation\/","title":{"rendered":"Training"},"content":{"rendered":"<div class=\"uncode_text_column\">\r\n<p class=\"p1\"><span class=\"s1\"><b>Universal Canyoning Academy est un label priv\u00e9 de formation et de pratique du canyoning d\u00e9velopp\u00e9 par des formateurs europ\u00e9ens exp\u00e9riment\u00e9s.<\/b><\/span><\/p>\r\n<p class=\"p2\"><span class=\"s1\"><i>(Plus de 30 ans, de pratique, d\u2019exploration et de formation \u00e0 travers le monde).<\/i><\/span><\/p>\r\n<p class=\"p3\"><span class=\"s1\"><b>U.C.A<\/b> \u0153uvre pour le d\u00e9veloppement du canyoning en faveur non seulement des pratiquants occasionnels mais aussi des canyoneurs expert ou professionnels pratiquant et d\u00e9veloppant cette activit\u00e9 \u00e0 travers le monde.<\/span><\/p>\r\n<p class=\"p2\"><span class=\"s1\"><b>Pourquoi vous former avec Universal Canyoning Academy ?<\/b><\/span><\/p>\r\n<p class=\"p2\"><span class=\"s1\">Pratiquer avec Universal Canyoning Academy, c\u2019est l\u2019assurance de profiter de vos descentes de canyons de mani\u00e8re ludique et en toute s\u00e9curit\u00e9, que ce soit avec votre guide, vos amis o\u00f9 vos clients.<\/span><\/p>\r\n<p class=\"p2\"><span class=\"s1\">Au travers des formations propos\u00e9es par nos centres affili\u00e9s, vous aurez la garantie :<\/span><\/p>\r\n<p class=\"p4\"><span class=\"s1\">&gt; D\u2019un accueil et h\u00e9bergement de qualit\u00e9,<br \/>&gt; D\u2019un enseignement par des formateurs U.C.A hautement qualifi\u00e9s et exp\u00e9riment\u00e9s,<br \/>&gt; De recevoir un enseignement technique, p\u00e9dagogique et psychologique, individualis\u00e9, sous forme de modules dissoci\u00e9s, vous permettant de suivre seulement les contenus dont vous avez besoin,<br \/>&gt; D\u2019obtenir un contenu de formation international constamment am\u00e9lior\u00e9,<br \/>&gt; De pratiquer dans des canyons dont l\u2019\u00e9quipement est v\u00e9rifi\u00e9s et irr\u00e9prochables, mais surtout, adapt\u00e9 \u00e0 la formation canyon,<br \/>&gt; De recevoir en pr\u00eat l\u2019int\u00e9gralit\u00e9 du mat\u00e9riel individuel de canyon, complet (descente et remont\u00e9e) et aux normes.<br \/><\/span><\/p>\r\n<p class=\"p3\"><span class=\"s1\"><b><i>Faites le grand saut : \u00ab Ouvrez-vous de nouveaux horizons, rejoignez la Communaut\u00e9 internationale de canyon ! \u00bb<\/i><\/b><\/span><\/p>\r\n<p class=\"p2\"><span class=\"s1\"><b>Le Cursus de Formation :<\/b><\/span><\/p>\r\n<p class=\"p2\"><span class=\"s1\">U.C.A est un Label europ\u00e9en qui est adapt\u00e9e \u00e0 une pratique partout dans le monde. <\/span><\/p>\r\n<p class=\"p2\"><span class=\"s1\">Plus qu\u2019une simple formation, U.C.A vous propose un cursus all\u00e9g\u00e9 et \u00e0 la carte d\u00e9butant par la formation \u201cCANYONEUR INITIATION\u201d, vous assurant ainsi une pratique ludique et s\u00e9curitaire avec votre guide. <\/span><\/p>\r\n<p class=\"p2\"><span class=\"s1\">Puis la formation \u00ab\u00a0CANYONEUR AUTONOME\u00a0\u00bb, vous offrant la possibilit\u00e9 d\u2019une pratique internationale en tant que leader avec vos amis. <\/span><\/p>\r\n<p class=\"p2\"><span class=\"s1\">Jusqu\u2019\u00e0 la formation \u00ab\u00a0CANYONEUR EXPERT\u00a0\u00bb, laquelle vous pr\u00e9parera ou vous dirigera vers un avenir professionnel \u00e0 l\u2019international. En ne s\u00e9lectionnant que certains modules, cette m\u00eame formation vous permettra de recycler ou de compl\u00e9ter vos comp\u00e9tences anciennement acquises.<\/span><\/p>\r\n<p class=\"p2\"><span class=\"s1\">\u2014\u2014\u2014\u2014\u2014\u2014-<\/span><\/p>\r\n<p class=\"p4\"><span class=\"s1\"><i>(Sur le territoire fran\u00e7ais, il existe une r\u00e9glementation sp\u00e9cifique : L\u2019article L212-1 du code du sport pr\u00e9cise que l\u2019encadrement du canyon contre r\u00e9mun\u00e9ration n\u00e9cessite la d\u00e9tention d\u2019un dipl\u00f4me professionnel (DEJEPS Canyonisme, BEES option Sp\u00e9l\u00e9o, BEES option escalade, dipl\u00f4me de guide de haute montagne et d\u2019aspirant guide, titulaire de l\u2019AQA). De ce fait, si vous souhaitez exercer en tant que professionnel canyon en France, il peut \u00eatre int\u00e9ressant d\u2019envisager une formation DEJEPS perf Canyonisme au CREPS Rh\u00f4ne-Alpes ou de Montpellier).<\/i><\/span><\/p>\r\n<\/div>","protected":false},"excerpt":{"rendered":"<p>Universal Canyoning Academy est un label priv\u00e9 de formation et de pratique du canyoning d\u00e9velopp\u00e9 par des formateurs europ\u00e9ens exp\u00e9riment\u00e9s. (Plus de 30 ans, de pratique, d\u2019exploration et de formation \u00e0 travers le monde). U.C.A \u0153uvre pour le d\u00e9veloppement du canyoning en faveur non seulement des pratiquants occasionnels mais aussi des canyoneurs expert ou professionnels [&hellip;]<\/p>","protected":false},"author":2,"featured_media":3982,"parent":0,"menu_order":0,"comment_status":"closed","ping_status":"closed","template":"","meta":{"_acf_changed":false,"footnotes":""},"class_list":["post-42","page","type-page","status-publish","has-post-thumbnail","hentry"],"acf":[],"yoast_head":"<!-- This site is optimized with the Yoast SEO Premium plugin v24.3 (Yoast SEO v24.7) - https:\/\/yoast.com\/wordpress\/plugins\/seo\/ -->\n<title>Formations - speleo-canyon-ariege.com<\/title>\n<meta name=\"description\" content=\"Bienvenue dans notre centre de formation de canyoning labellis\u00e9 U.C.A (Universal Canyoning Academy).\" \/>\n<meta name=\"robots\" content=\"index, follow, max-snippet:-1, max-image-preview:large, max-video-preview:-1\" \/>\n<link rel=\"canonical\" href=\"https:\/\/speleo-canyon-ariege.com\/en\/formation\/\" \/>\n<meta property=\"og:locale\" content=\"en_GB\" \/>\n<meta property=\"og:type\" content=\"article\" \/>\n<meta property=\"og:title\" content=\"Formations\" \/>\n<meta property=\"og:description\" content=\"Bienvenue dans notre centre de formation de canyoning labellis\u00e9 U.C.A (Universal Canyoning Academy).\" \/>\n<meta property=\"og:url\" content=\"https:\/\/speleo-canyon-ariege.com\/en\/formation\/\" \/>\n<meta property=\"og:site_name\" content=\"speleo-canyon-ariege.com\" \/>\n<meta property=\"article:modified_time\" content=\"2026-04-17T08:58:29+00:00\" \/>\n<meta property=\"og:image\" content=\"https:\/\/speleo-canyon-ariege.com\/wp-content\/uploads\/2025\/07\/stages-formations-canyoning-descente-rappel-technique-ariege-1600x1067-1.webp\" \/>\n\t<meta property=\"og:image:width\" content=\"1600\" \/>\n\t<meta property=\"og:image:height\" content=\"1067\" \/>\n\t<meta property=\"og:image:type\" content=\"image\/webp\" \/>\n<meta name=\"twitter:card\" content=\"summary_large_image\" \/>\n<meta name=\"twitter:label1\" content=\"Estimated reading time\" \/>\n\t<meta name=\"twitter:data1\" content=\"3 minutes\" \/>\n<script type=\"application\/ld+json\" class=\"yoast-schema-graph\">{\"@context\":\"https:\/\/schema.org\",\"@graph\":[{\"@type\":\"WebPage\",\"@id\":\"https:\/\/speleo-canyon-ariege.com\/formation\/\",\"url\":\"https:\/\/speleo-canyon-ariege.com\/formation\/\",\"name\":\"Formations - speleo-canyon-ariege.com\",\"isPartOf\":{\"@id\":\"https:\/\/speleo-canyon-ariege.com\/#website\"},\"primaryImageOfPage\":{\"@id\":\"https:\/\/speleo-canyon-ariege.com\/formation\/#primaryimage\"},\"image\":{\"@id\":\"https:\/\/speleo-canyon-ariege.com\/formation\/#primaryimage\"},\"thumbnailUrl\":\"https:\/\/speleo-canyon-ariege.com\/wp-content\/uploads\/2025\/07\/stages-formations-canyoning-descente-rappel-technique-ariege-1600x1067-1.webp\",\"datePublished\":\"2017-02-03T16:11:46+00:00\",\"dateModified\":\"2026-04-17T08:58:29+00:00\",\"description\":\"Bienvenue dans notre centre de formation de canyoning labellis\u00e9 U.C.A (Universal Canyoning Academy).\",\"breadcrumb\":{\"@id\":\"https:\/\/speleo-canyon-ariege.com\/formation\/#breadcrumb\"},\"inLanguage\":\"en-GB\",\"potentialAction\":[{\"@type\":\"ReadAction\",\"target\":[\"https:\/\/speleo-canyon-ariege.com\/formation\/\"]}]},{\"@type\":\"ImageObject\",\"inLanguage\":\"en-GB\",\"@id\":\"https:\/\/speleo-canyon-ariege.com\/formation\/#primaryimage\",\"url\":\"https:\/\/speleo-canyon-ariege.com\/wp-content\/uploads\/2025\/07\/stages-formations-canyoning-descente-rappel-technique-ariege-1600x1067-1.webp\",\"contentUrl\":\"https:\/\/speleo-canyon-ariege.com\/wp-content\/uploads\/2025\/07\/stages-formations-canyoning-descente-rappel-technique-ariege-1600x1067-1.webp\",\"width\":1600,\"height\":1067,\"caption\":\"Stages de formation en canyoning, descente en rappel technique, Ari\u00e8ge\"},{\"@type\":\"BreadcrumbList\",\"@id\":\"https:\/\/speleo-canyon-ariege.com\/formation\/#breadcrumb\",\"itemListElement\":[{\"@type\":\"ListItem\",\"position\":1,\"name\":\"Accueil\",\"item\":\"https:\/\/speleo-canyon-ariege.com\/\"},{\"@type\":\"ListItem\",\"position\":2,\"name\":\"Formations\"}]},{\"@type\":\"WebSite\",\"@id\":\"https:\/\/speleo-canyon-ariege.com\/#website\",\"url\":\"https:\/\/speleo-canyon-ariege.com\/\",\"name\":\"speleo-canyon-ariege.com\",\"description\":\"\",\"potentialAction\":[{\"@type\":\"SearchAction\",\"target\":{\"@type\":\"EntryPoint\",\"urlTemplate\":\"https:\/\/speleo-canyon-ariege.com\/?s={search_term_string}\"},\"query-input\":{\"@type\":\"PropertyValueSpecification\",\"valueRequired\":true,\"valueName\":\"search_term_string\"}}],\"inLanguage\":\"en-GB\"}]}<\/script>\n<!-- \/ Yoast SEO Premium plugin. -->","yoast_head_json":{"title":"Formations - speleo-canyon-ariege.com","description":"Welcome to our U.C.A (Universal Canyoning Academy) certified canyoning training center.","robots":{"index":"index","follow":"follow","max-snippet":"max-snippet:-1","max-image-preview":"max-image-preview:large","max-video-preview":"max-video-preview:-1"},"canonical":"https:\/\/speleo-canyon-ariege.com\/en\/formation\/","og_locale":"en_GB","og_type":"article","og_title":"Formations","og_description":"Bienvenue dans notre centre de formation de canyoning labellis\u00e9 U.C.A (Universal Canyoning Academy).","og_url":"https:\/\/speleo-canyon-ariege.com\/en\/formation\/","og_site_name":"speleo-canyon-ariege.com","article_modified_time":"2026-04-17T08:58:29+00:00","og_image":[{"width":1600,"height":1067,"url":"https:\/\/speleo-canyon-ariege.com\/wp-content\/uploads\/2025\/07\/stages-formations-canyoning-descente-rappel-technique-ariege-1600x1067-1.webp","type":"image\/webp"}],"twitter_card":"summary_large_image","twitter_misc":{"Estimated reading time":"3 minutes"},"schema":{"@context":"https:\/\/schema.org","@graph":[{"@type":"WebPage","@id":"https:\/\/speleo-canyon-ariege.com\/formation\/","url":"https:\/\/speleo-canyon-ariege.com\/formation\/","name":"Formations - speleo-canyon-ariege.com","isPartOf":{"@id":"https:\/\/speleo-canyon-ariege.com\/#website"},"primaryImageOfPage":{"@id":"https:\/\/speleo-canyon-ariege.com\/formation\/#primaryimage"},"image":{"@id":"https:\/\/speleo-canyon-ariege.com\/formation\/#primaryimage"},"thumbnailUrl":"https:\/\/speleo-canyon-ariege.com\/wp-content\/uploads\/2025\/07\/stages-formations-canyoning-descente-rappel-technique-ariege-1600x1067-1.webp","datePublished":"2017-02-03T16:11:46+00:00","dateModified":"2026-04-17T08:58:29+00:00","description":"Welcome to our U.C.A (Universal Canyoning Academy) certified canyoning training center.","breadcrumb":{"@id":"https:\/\/speleo-canyon-ariege.com\/formation\/#breadcrumb"},"inLanguage":"en-GB","potentialAction":[{"@type":"ReadAction","target":["https:\/\/speleo-canyon-ariege.com\/formation\/"]}]},{"@type":"ImageObject","inLanguage":"en-GB","@id":"https:\/\/speleo-canyon-ariege.com\/formation\/#primaryimage","url":"https:\/\/speleo-canyon-ariege.com\/wp-content\/uploads\/2025\/07\/stages-formations-canyoning-descente-rappel-technique-ariege-1600x1067-1.webp","contentUrl":"https:\/\/speleo-canyon-ariege.com\/wp-content\/uploads\/2025\/07\/stages-formations-canyoning-descente-rappel-technique-ariege-1600x1067-1.webp","width":1600,"height":1067,"caption":"Stages de formation en canyoning, descente en rappel technique, Ari\u00e8ge"},{"@type":"BreadcrumbList","@id":"https:\/\/speleo-canyon-ariege.com\/formation\/#breadcrumb","itemListElement":[{"@type":"ListItem","position":1,"name":"Accueil","item":"https:\/\/speleo-canyon-ariege.com\/"},{"@type":"ListItem","position":2,"name":"Formations"}]},{"@type":"WebSite","@id":"https:\/\/speleo-canyon-ariege.com\/#website","url":"https:\/\/speleo-canyon-ariege.com\/","name":"speleo-canyon-ariege.com","description":"","potentialAction":[{"@type":"SearchAction","target":{"@type":"EntryPoint","urlTemplate":"https:\/\/speleo-canyon-ariege.com\/?s={search_term_string}"},"query-input":{"@type":"PropertyValueSpecification","valueRequired":true,"valueName":"search_term_string"}}],"inLanguage":"en-GB"}]}},"_links":{"self":[{"href":"https:\/\/speleo-canyon-ariege.com\/en\/wp-json\/wp\/v2\/pages\/42","targetHints":{"allow":["GET"]}}],"collection":[{"href":"https:\/\/speleo-canyon-ariege.com\/en\/wp-json\/wp\/v2\/pages"}],"about":[{"href":"https:\/\/speleo-canyon-ariege.com\/en\/wp-json\/wp\/v2\/types\/page"}],"author":[{"embeddable":true,"href":"https:\/\/speleo-canyon-ariege.com\/en\/wp-json\/wp\/v2\/users\/2"}],"replies":[{"embeddable":true,"href":"https:\/\/speleo-canyon-ariege.com\/en\/wp-json\/wp\/v2\/comments?post=42"}],"version-history":[{"count":16,"href":"https:\/\/speleo-canyon-ariege.com\/en\/wp-json\/wp\/v2\/pages\/42\/revisions"}],"predecessor-version":[{"id":4125,"href":"https:\/\/speleo-canyon-ariege.com\/en\/wp-json\/wp\/v2\/pages\/42\/revisions\/4125"}],"wp:featuredmedia":[{"embeddable":true,"href":"https:\/\/speleo-canyon-ariege.com\/en\/wp-json\/wp\/v2\/media\/3982"}],"wp:attachment":[{"href":"https:\/\/speleo-canyon-ariege.com\/en\/wp-json\/wp\/v2\/media?parent=42"}],"curies":[{"name":"wp","href":"https:\/\/api.w.org\/{rel}","templated":true}]}}