{"id":3264,"date":"2025-02-12T13:45:56","date_gmt":"2025-02-12T13:45:56","guid":{"rendered":"https:\/\/speleo-canyon-ariege.com\/?page_id=3264"},"modified":"2026-04-10T08:55:25","modified_gmt":"2026-04-10T08:55:25","slug":"speleologie-en-ariege","status":"publish","type":"page","link":"https:\/\/speleo-canyon-ariege.com\/en\/speleologie-en-ariege\/","title":{"rendered":"Caving \/ Spelunking"},"content":{"rendered":"","protected":false},"excerpt":{"rendered":"","protected":false},"author":1,"featured_media":3990,"parent":0,"menu_order":0,"comment_status":"closed","ping_status":"closed","template":"","meta":{"_acf_changed":false,"footnotes":""},"class_list":["post-3264","page","type-page","status-publish","has-post-thumbnail","hentry"],"acf":[],"yoast_head":"<!-- This site is optimized with the Yoast SEO Premium plugin v24.3 (Yoast SEO v24.7) - https:\/\/yoast.com\/wordpress\/plugins\/seo\/ -->\n<title>Sp\u00e9l\u00e9ologie en Ari\u00e8ge - Moniteurs passionn\u00e9s &amp; sorties nature<\/title>\n<meta name=\"description\" content=\"Explorez les grottes de l&#039;Ari\u00e8ge en toute s\u00e9curit\u00e9. Sorties sp\u00e9l\u00e9o pour petits et grands, encadr\u00e9es par des moniteurs certifi\u00e9s. Aventure &amp; d\u00e9couverte assur\u00e9es !\" \/>\n<meta name=\"robots\" content=\"index, follow, max-snippet:-1, max-image-preview:large, max-video-preview:-1\" \/>\n<link rel=\"canonical\" href=\"https:\/\/speleo-canyon-ariege.com\/en\/speleologie-en-ariege\/\" \/>\n<meta property=\"og:locale\" content=\"en_GB\" \/>\n<meta property=\"og:type\" content=\"article\" \/>\n<meta property=\"og:title\" content=\"Sp\u00e9l\u00e9ologie\" \/>\n<meta property=\"og:description\" content=\"Explorez les grottes de l&#039;Ari\u00e8ge en toute s\u00e9curit\u00e9. Sorties sp\u00e9l\u00e9o pour petits et grands, encadr\u00e9es par des moniteurs certifi\u00e9s. Aventure &amp; d\u00e9couverte assur\u00e9es !\" \/>\n<meta property=\"og:url\" content=\"https:\/\/speleo-canyon-ariege.com\/en\/speleologie-en-ariege\/\" \/>\n<meta property=\"og:site_name\" content=\"speleo-canyon-ariege.com\" \/>\n<meta property=\"article:modified_time\" content=\"2026-04-10T08:55:25+00:00\" \/>\n<meta property=\"og:image\" content=\"https:\/\/speleo-canyon-ariege.com\/wp-content\/uploads\/2025\/07\/sorties-guidage-speleo-pour-tous-ariege-1600x946-1.webp\" \/>\n\t<meta property=\"og:image:width\" content=\"1600\" \/>\n\t<meta property=\"og:image:height\" content=\"946\" \/>\n\t<meta property=\"og:image:type\" content=\"image\/webp\" \/>\n<meta name=\"twitter:card\" content=\"summary_large_image\" \/>\n<meta name=\"twitter:label1\" content=\"Estimated reading time\" \/>\n\t<meta name=\"twitter:data1\" content=\"1 minute\" \/>\n<script type=\"application\/ld+json\" class=\"yoast-schema-graph\">{\"@context\":\"https:\/\/schema.org\",\"@graph\":[{\"@type\":\"WebPage\",\"@id\":\"https:\/\/speleo-canyon-ariege.com\/speleologie-en-ariege\/\",\"url\":\"https:\/\/speleo-canyon-ariege.com\/speleologie-en-ariege\/\",\"name\":\"Sp\u00e9l\u00e9ologie en Ari\u00e8ge - Moniteurs passionn\u00e9s & sorties nature\",\"isPartOf\":{\"@id\":\"https:\/\/speleo-canyon-ariege.com\/#website\"},\"primaryImageOfPage\":{\"@id\":\"https:\/\/speleo-canyon-ariege.com\/speleologie-en-ariege\/#primaryimage\"},\"image\":{\"@id\":\"https:\/\/speleo-canyon-ariege.com\/speleologie-en-ariege\/#primaryimage\"},\"thumbnailUrl\":\"https:\/\/speleo-canyon-ariege.com\/wp-content\/uploads\/2025\/07\/sorties-guidage-speleo-pour-tous-ariege-1600x946-1.webp\",\"datePublished\":\"2025-02-12T13:45:56+00:00\",\"dateModified\":\"2026-04-10T08:55:25+00:00\",\"description\":\"Explorez les grottes de l'Ari\u00e8ge en toute s\u00e9curit\u00e9. Sorties sp\u00e9l\u00e9o pour petits et grands, encadr\u00e9es par des moniteurs certifi\u00e9s. Aventure & d\u00e9couverte assur\u00e9es !\",\"breadcrumb\":{\"@id\":\"https:\/\/speleo-canyon-ariege.com\/speleologie-en-ariege\/#breadcrumb\"},\"inLanguage\":\"en-GB\",\"potentialAction\":[{\"@type\":\"ReadAction\",\"target\":[\"https:\/\/speleo-canyon-ariege.com\/speleologie-en-ariege\/\"]}]},{\"@type\":\"ImageObject\",\"inLanguage\":\"en-GB\",\"@id\":\"https:\/\/speleo-canyon-ariege.com\/speleologie-en-ariege\/#primaryimage\",\"url\":\"https:\/\/speleo-canyon-ariege.com\/wp-content\/uploads\/2025\/07\/sorties-guidage-speleo-pour-tous-ariege-1600x946-1.webp\",\"contentUrl\":\"https:\/\/speleo-canyon-ariege.com\/wp-content\/uploads\/2025\/07\/sorties-guidage-speleo-pour-tous-ariege-1600x946-1.webp\",\"width\":1600,\"height\":946,\"caption\":\"Sorties sp\u00e9l\u00e9o pour tous en Ari\u00e8ge, guidage professionnel tous niveaux\"},{\"@type\":\"BreadcrumbList\",\"@id\":\"https:\/\/speleo-canyon-ariege.com\/speleologie-en-ariege\/#breadcrumb\",\"itemListElement\":[{\"@type\":\"ListItem\",\"position\":1,\"name\":\"Accueil\",\"item\":\"https:\/\/speleo-canyon-ariege.com\/\"},{\"@type\":\"ListItem\",\"position\":2,\"name\":\"Sp\u00e9l\u00e9ologie\"}]},{\"@type\":\"WebSite\",\"@id\":\"https:\/\/speleo-canyon-ariege.com\/#website\",\"url\":\"https:\/\/speleo-canyon-ariege.com\/\",\"name\":\"speleo-canyon-ariege.com\",\"description\":\"\",\"potentialAction\":[{\"@type\":\"SearchAction\",\"target\":{\"@type\":\"EntryPoint\",\"urlTemplate\":\"https:\/\/speleo-canyon-ariege.com\/?s={search_term_string}\"},\"query-input\":{\"@type\":\"PropertyValueSpecification\",\"valueRequired\":true,\"valueName\":\"search_term_string\"}}],\"inLanguage\":\"en-GB\"}]}<\/script>\n<!-- \/ Yoast SEO Premium plugin. -->","yoast_head_json":{"title":"Sp\u00e9l\u00e9ologie en Ari\u00e8ge - Moniteurs passionn\u00e9s & sorties nature","description":"Explorez les grottes de l'Ari\u00e8ge en toute s\u00e9curit\u00e9. Sorties sp\u00e9l\u00e9o pour petits et grands, encadr\u00e9es par des moniteurs certifi\u00e9s. Aventure & d\u00e9couverte assur\u00e9es !","robots":{"index":"index","follow":"follow","max-snippet":"max-snippet:-1","max-image-preview":"max-image-preview:large","max-video-preview":"max-video-preview:-1"},"canonical":"https:\/\/speleo-canyon-ariege.com\/en\/speleologie-en-ariege\/","og_locale":"en_GB","og_type":"article","og_title":"Sp\u00e9l\u00e9ologie","og_description":"Explorez les grottes de l'Ari\u00e8ge en toute s\u00e9curit\u00e9. Sorties sp\u00e9l\u00e9o pour petits et grands, encadr\u00e9es par des moniteurs certifi\u00e9s. Aventure & d\u00e9couverte assur\u00e9es !","og_url":"https:\/\/speleo-canyon-ariege.com\/en\/speleologie-en-ariege\/","og_site_name":"speleo-canyon-ariege.com","article_modified_time":"2026-04-10T08:55:25+00:00","og_image":[{"width":1600,"height":946,"url":"https:\/\/speleo-canyon-ariege.com\/wp-content\/uploads\/2025\/07\/sorties-guidage-speleo-pour-tous-ariege-1600x946-1.webp","type":"image\/webp"}],"twitter_card":"summary_large_image","twitter_misc":{"Estimated reading time":"1 minute"},"schema":{"@context":"https:\/\/schema.org","@graph":[{"@type":"WebPage","@id":"https:\/\/speleo-canyon-ariege.com\/speleologie-en-ariege\/","url":"https:\/\/speleo-canyon-ariege.com\/speleologie-en-ariege\/","name":"Sp\u00e9l\u00e9ologie en Ari\u00e8ge - Moniteurs passionn\u00e9s & sorties nature","isPartOf":{"@id":"https:\/\/speleo-canyon-ariege.com\/#website"},"primaryImageOfPage":{"@id":"https:\/\/speleo-canyon-ariege.com\/speleologie-en-ariege\/#primaryimage"},"image":{"@id":"https:\/\/speleo-canyon-ariege.com\/speleologie-en-ariege\/#primaryimage"},"thumbnailUrl":"https:\/\/speleo-canyon-ariege.com\/wp-content\/uploads\/2025\/07\/sorties-guidage-speleo-pour-tous-ariege-1600x946-1.webp","datePublished":"2025-02-12T13:45:56+00:00","dateModified":"2026-04-10T08:55:25+00:00","description":"Explorez les grottes de l'Ari\u00e8ge en toute s\u00e9curit\u00e9. Sorties sp\u00e9l\u00e9o pour petits et grands, encadr\u00e9es par des moniteurs certifi\u00e9s. Aventure & d\u00e9couverte assur\u00e9es !","breadcrumb":{"@id":"https:\/\/speleo-canyon-ariege.com\/speleologie-en-ariege\/#breadcrumb"},"inLanguage":"en-GB","potentialAction":[{"@type":"ReadAction","target":["https:\/\/speleo-canyon-ariege.com\/speleologie-en-ariege\/"]}]},{"@type":"ImageObject","inLanguage":"en-GB","@id":"https:\/\/speleo-canyon-ariege.com\/speleologie-en-ariege\/#primaryimage","url":"https:\/\/speleo-canyon-ariege.com\/wp-content\/uploads\/2025\/07\/sorties-guidage-speleo-pour-tous-ariege-1600x946-1.webp","contentUrl":"https:\/\/speleo-canyon-ariege.com\/wp-content\/uploads\/2025\/07\/sorties-guidage-speleo-pour-tous-ariege-1600x946-1.webp","width":1600,"height":946,"caption":"Sorties sp\u00e9l\u00e9o pour tous en Ari\u00e8ge, guidage professionnel tous niveaux"},{"@type":"BreadcrumbList","@id":"https:\/\/speleo-canyon-ariege.com\/speleologie-en-ariege\/#breadcrumb","itemListElement":[{"@type":"ListItem","position":1,"name":"Accueil","item":"https:\/\/speleo-canyon-ariege.com\/"},{"@type":"ListItem","position":2,"name":"Sp\u00e9l\u00e9ologie"}]},{"@type":"WebSite","@id":"https:\/\/speleo-canyon-ariege.com\/#website","url":"https:\/\/speleo-canyon-ariege.com\/","name":"speleo-canyon-ariege.com","description":"","potentialAction":[{"@type":"SearchAction","target":{"@type":"EntryPoint","urlTemplate":"https:\/\/speleo-canyon-ariege.com\/?s={search_term_string}"},"query-input":{"@type":"PropertyValueSpecification","valueRequired":true,"valueName":"search_term_string"}}],"inLanguage":"en-GB"}]}},"_links":{"self":[{"href":"https:\/\/speleo-canyon-ariege.com\/en\/wp-json\/wp\/v2\/pages\/3264","targetHints":{"allow":["GET"]}}],"collection":[{"href":"https:\/\/speleo-canyon-ariege.com\/en\/wp-json\/wp\/v2\/pages"}],"about":[{"href":"https:\/\/speleo-canyon-ariege.com\/en\/wp-json\/wp\/v2\/types\/page"}],"author":[{"embeddable":true,"href":"https:\/\/speleo-canyon-ariege.com\/en\/wp-json\/wp\/v2\/users\/1"}],"replies":[{"embeddable":true,"href":"https:\/\/speleo-canyon-ariege.com\/en\/wp-json\/wp\/v2\/comments?post=3264"}],"version-history":[{"count":34,"href":"https:\/\/speleo-canyon-ariege.com\/en\/wp-json\/wp\/v2\/pages\/3264\/revisions"}],"predecessor-version":[{"id":4115,"href":"https:\/\/speleo-canyon-ariege.com\/en\/wp-json\/wp\/v2\/pages\/3264\/revisions\/4115"}],"wp:featuredmedia":[{"embeddable":true,"href":"https:\/\/speleo-canyon-ariege.com\/en\/wp-json\/wp\/v2\/media\/3990"}],"wp:attachment":[{"href":"https:\/\/speleo-canyon-ariege.com\/en\/wp-json\/wp\/v2\/media?parent=3264"}],"curies":[{"name":"wp","href":"https:\/\/api.w.org\/{rel}","templated":true}]}}